{"id":1418,"date":"2021-03-29T07:45:41","date_gmt":"2021-03-29T07:45:41","guid":{"rendered":"https:\/\/www.crm-open-source-software.com\/?page_id=1418"},"modified":"2021-04-26T11:31:29","modified_gmt":"2021-04-26T11:31:29","slug":"administration","status":"publish","type":"page","link":"https:\/\/www.crm-open-source-software.com\/vtiger\/features\/administration\/","title":{"rendered":"Vtiger <i>Administration \/ Management<\/i> Module"},"content":{"rendered":"\n<div class=\"wp-block-cgb-block-my-block container bordered\"><div class=\"container__inner\">\n<h2 class=\"wp-block-heading\">Beschreibung<\/h2>\n\n\n\n<p>Mit der Vtiger Funktion Administration lassen sich <strong>grundlegende Einstellungen<\/strong> f\u00fcr die komplette Software, sowie Benutzer\u00fcbergreifend einstellen.<\/p>\n\n\n\n<h2 class=\"wp-block-heading\">Nutzen<\/h2>\n\n\n\n<p>Die Funktion Administration in der Vtiger CRM Open Source Software ist nur mit <strong>Administratorrechte <\/strong>zug\u00e4nglich, diese werden selbst ausgew\u00e4hlt bzw. von dem voreingestellten Administrator. Der Admin kann <strong>s\u00e4mtliche Grundkonfigurationen<\/strong> vornehmen, neue Benutzer anlegen, sowie deren <strong>Zugangsrechte<\/strong> verwalten. Des Weiteren kann ermittelt werden, welche Benutzer sich wann angemeldet haben, aber nicht nachvollziehbar, was der Benutzer an Daten aufgerufen und oder bearbeitet hat. Alle aktive Module k\u00f6nnen konfiguriert werden, wie zum Beispiel die <strong>Erstellung von Feldern<\/strong>. Automatisierte Prozesse wie <strong>Cronjobs<\/strong>, <strong>Workflows <\/strong>und <strong>Webforms <\/strong>k\u00f6nnen ausschlie\u00dflich mit administrativen Rechten konfiguriert werden.<\/p>\n\n\n\n<ul class=\"is--styled has--icon has--icon-check wp-block-list\"><li>Einheitliche Grundeinstellungen<\/li><li>Benutzer- \/ Gruppenerstellung<\/li><li>Rechtevergabe f\u00fcr Benutzer und Gruppen<\/li><li>Login History<\/li><li>Felderstellung &amp; Konfiguration<\/li><li>Einrichtung von Chronjobs<\/li><li>Einstellungen von Workflows<\/li><\/ul>\n<\/div><\/div>\n\n\n\n<h2 class=\"has-text-align-center wp-block-heading\">Vorteile \/ Nachteile<\/h2>\n\n\n<div class=\"\" data-block-title=\"\" id=\"\">\n    <div class=\"b-pro-con container\">\n    <div class=\"b-pro-con__inner\">\n      <div class=\"b-pro-con__col is--pro\">\n                  <div class=\"b-pro-con__item \">\n            <div>\n              <div class=\"b-pro-con__item-title\">\n                geradlinige Grundeinstellung\n              <\/div>\n              <div>\n                ausschlie\u00dflich vom Admin realisierbar\n              <\/div>\n            <\/div>\n            <i class=\"fa fa-check\"><\/i>\n          <\/div>\n                  <div class=\"b-pro-con__item \">\n            <div>\n              <div class=\"b-pro-con__item-title\">\n                Usability\n              <\/div>\n              <div>\n                benutzerfreundliche Administration\n              <\/div>\n            <\/div>\n            <i class=\"fa fa-check\"><\/i>\n          <\/div>\n              <\/div>\n      <div class=\"b-pro-con__col is--con\">\n                  <div class=\"b-pro-con__item\">\n            <div>\n              <div class=\"b-pro-con__item-title\">\n                Subadmin \n              <\/div>\n              <div>\n                keine Teil-Adminrechte vergebbar\n              <\/div>\n            <\/div>\n            <i class=\"fa fa-minus\"><\/i>\n          <\/div>\n              <\/div>\n    <\/div>\n  <\/div>\n\n<\/div>\n\n\n\n<div class=\"wp-block-cgb-block-my-block container\"><div class=\"container__inner\">\n<div style=\"height:100px\" aria-hidden=\"true\" class=\"wp-block-spacer\"><\/div>\n\n\n\n<h2 class=\"wp-block-heading\">Funktionsumfang<\/h2>\n\n\n\n<p>Die aufgef\u00fchrten M\u00f6glichkeiten sind im Wesentlichen die meist verwendeten Admin Funktionalit\u00e4ten.<\/p>\n\n\n\n<ul class=\"is--styled has--icon has--icon-cross wp-block-list\"><li>Module Manager<\/li><li>Module Permission<\/li><li>Stock Management<\/li><li>User Management<\/li><li>User Permissions<\/li><li>Case Management<\/li><li>Remove User<\/li><li>File Management<\/li><li>Sales Tax<\/li><li>User Access Management<\/li><\/ul>\n<\/div><\/div>\n\n\n\n<div class=\"wp-block-cgb-container-wide container\"><div class=\"container__wide\"><\/div><\/div>\n\n\n\n<div class=\"wp-block-cgb-container-wide container\"><div class=\"container__wide\">\n<h2 class=\"wp-block-heading\">Screenshots<\/h2>\n\n\n\n<p>Ein guter \u00dcberblick des User Interface f\u00fcr die Administrations M\u00f6glichkeiten werden hier aufgezeigt.<\/p>\n\n\n<div class=\"\" data-block-title=\"\" id=\"\">\n    <div class=\"container\">\n\n    <div class=\"b-image-slider\">\n      <ul class=\"b-image-slider__tabs nav nav-tabs\" id=\"nav-tab\" role=\"tablist\">\n                  <li class=\"nav-item\" role=\"presentation\">\n            <a class=\"nav-link is--no-anchor active\" data-toggle=\"tab\"\n               href=\"#tab_\" role=\"tab\" aria-controls=\"#tab_\"\n               aria-selected=\"true\"><\/a>\n          <\/li>\n              <\/ul>\n\n              <div class=\"b-image-slider__wrapper fade show active\" id=\"tab_\">\n          <div class=\"js-image-slider slick--overflowing\">\n                          <div class=\"b-image-slider__image\">\n                <img data-src=\"https:\/\/www.crm-open-source-software.com\/vtiger\/app\/uploads\/2021\/04\/vtiger-einstellungen-oberflaeche-1.jpg\" alt=\"vtiger-einstellungen-oberflaeche-1\" class=\"no-lazyload lazy\">\n                <div class=\"b-image-slider__caption\">\n                  \n                <\/div>\n              <\/div>\n                          <div class=\"b-image-slider__image\">\n                <img data-src=\"https:\/\/www.crm-open-source-software.com\/vtiger\/app\/uploads\/2021\/04\/vtiger-einstellungen-detail-6.jpg\" alt=\"vtiger-einstellungen-detail-6\" class=\"no-lazyload lazy\">\n                <div class=\"b-image-slider__caption\">\n                  \n                <\/div>\n              <\/div>\n                          <div class=\"b-image-slider__image\">\n                <img data-src=\"https:\/\/www.crm-open-source-software.com\/vtiger\/app\/uploads\/2021\/04\/vtiger-einstellungen-detail-5.jpg\" alt=\"vtiger-einstellungen-detail-5\" class=\"no-lazyload lazy\">\n                <div class=\"b-image-slider__caption\">\n                  \n                <\/div>\n              <\/div>\n                          <div class=\"b-image-slider__image\">\n                <img data-src=\"https:\/\/www.crm-open-source-software.com\/vtiger\/app\/uploads\/2021\/04\/vtiger-einstellungen-detail-3.jpg\" alt=\"vtiger-einstellungen-detail-3\" class=\"no-lazyload lazy\">\n                <div class=\"b-image-slider__caption\">\n                  \n                <\/div>\n              <\/div>\n                          <div class=\"b-image-slider__image\">\n                <img data-src=\"https:\/\/www.crm-open-source-software.com\/vtiger\/app\/uploads\/2021\/04\/vtiger-einstellungen-detail-2.jpg\" alt=\"vtiger-einstellungen-detail-2\" class=\"no-lazyload lazy\">\n                <div class=\"b-image-slider__caption\">\n                  \n                <\/div>\n              <\/div>\n                          <div class=\"b-image-slider__image\">\n                <img data-src=\"https:\/\/www.crm-open-source-software.com\/vtiger\/app\/uploads\/2021\/04\/vtiger-einstellungen-detail-1.jpg\" alt=\"vtiger-einstellungen-detail-1\" class=\"no-lazyload lazy\">\n                <div class=\"b-image-slider__caption\">\n                  \n                <\/div>\n              <\/div>\n                          <div class=\"b-image-slider__image\">\n                <img data-src=\"https:\/\/www.crm-open-source-software.com\/vtiger\/app\/uploads\/2021\/04\/vtiger-einstellungen-detail-4.jpg\" alt=\"vtiger-einstellungen-detail-4\" class=\"no-lazyload lazy\">\n                <div class=\"b-image-slider__caption\">\n                  \n                <\/div>\n              <\/div>\n                      <\/div>\n\n          <div class=\"b-image-slider__note\">\n            \n          <\/div>\n          <div class=\"slick-append-dots\"><\/div>\n        <\/div>\n\n      \n\n    <\/div>\n  <\/div>\n\n<\/div>\n<\/div><\/div>\n\n\n<div class=\"\" data-block-title=\"\" id=\"\">\n  <div class=\"b-reload-button js-reload-button-content\">\n\n          <div class=\"container js-reload-button-remove\">\n                  <div>\n            Klicken Sie auf den Button um zu erfahren, warum die Brainformatik GmbH genau der richtige deutschsprachiger Ansprechpartner f\u00fcr Sie ist!\n            <br><br>\n          <\/div>\n        \n        <button class=\"button js-reload-button\" data-block-id=\"3079\" style=\"background-color: #009911\">Vtiger &#038; Brainformatik GmbH<\/button>\n      <\/div>\n\n      <\/div>\n\n  <\/div>\n","protected":false},"excerpt":{"rendered":"<p>Vorteile \/ Nachteile<\/p>\n","protected":false},"author":10,"featured_media":741,"parent":912,"menu_order":0,"comment_status":"closed","ping_status":"closed","template":"","meta":{"footnotes":""},"class_list":["post-1418","page","type-page","status-publish","has-post-thumbnail","hentry"],"yoast_head":"<!-- This site is optimized with the Yoast SEO plugin v27.5 - https:\/\/yoast.com\/product\/yoast-seo-wordpress\/ -->\n<title>Vtiger Administration \/ Management f\u00fcr die komplette CRM Software<\/title>\n<meta name=\"description\" content=\"Bestimmen Sie eigenst\u00e4ndig einen Admin, der alle CRM Einstellungen vornimmt wie user management \/ user permissions \/ module permission und viele mehr. Profitieren Sie von unserer \u00fcber 15 Jahre Erfahrung im CRM Makrt!\" \/>\n<meta name=\"robots\" content=\"index, follow, max-snippet:-1, max-image-preview:large, max-video-preview:-1\" \/>\n<link rel=\"canonical\" href=\"https:\/\/www.crm-open-source-software.com\/vtiger\/features\/administration\/\" \/>\n<meta property=\"og:locale\" content=\"de_DE\" \/>\n<meta property=\"og:type\" content=\"article\" \/>\n<meta property=\"og:title\" content=\"Vtiger Administration \/ Management f\u00fcr die komplette CRM Software\" \/>\n<meta property=\"og:description\" content=\"Bestimmen Sie eigenst\u00e4ndig einen Admin, der alle CRM Einstellungen vornimmt wie user management \/ user permissions \/ module permission und viele mehr. Profitieren Sie von unserer \u00fcber 15 Jahre Erfahrung im CRM Makrt!\" \/>\n<meta property=\"og:url\" content=\"https:\/\/www.crm-open-source-software.com\/vtiger\/features\/administration\/\" \/>\n<meta property=\"og:site_name\" content=\"COSS\" \/>\n<meta property=\"article:modified_time\" content=\"2021-04-26T11:31:29+00:00\" \/>\n<meta property=\"og:image\" content=\"https:\/\/www.crm-open-source-software.com\/vtiger\/app\/uploads\/2021\/02\/iStock-524578085.png\" \/>\n\t<meta property=\"og:image:width\" content=\"1422\" \/>\n\t<meta property=\"og:image:height\" content=\"980\" \/>\n\t<meta property=\"og:image:type\" content=\"image\/png\" \/>\n<meta name=\"twitter:card\" content=\"summary_large_image\" \/>\n<meta name=\"twitter:label1\" content=\"Gesch\u00e4tzte Lesezeit\" \/>\n\t<meta name=\"twitter:data1\" content=\"1\u00a0Minute\" \/>\n<script type=\"application\/ld+json\" class=\"yoast-schema-graph\">{\"@context\":\"https:\\\/\\\/schema.org\",\"@graph\":[{\"@type\":\"WebPage\",\"@id\":\"https:\\\/\\\/www.crm-open-source-software.com\\\/vtiger\\\/features\\\/administration\\\/\",\"url\":\"https:\\\/\\\/www.crm-open-source-software.com\\\/vtiger\\\/features\\\/administration\\\/\",\"name\":\"Vtiger Administration \\\/ Management f\u00fcr die komplette CRM Software\",\"isPartOf\":{\"@id\":\"https:\\\/\\\/www.crm-open-source-software.com\\\/vtiger\\\/#website\"},\"primaryImageOfPage\":{\"@id\":\"https:\\\/\\\/www.crm-open-source-software.com\\\/vtiger\\\/features\\\/administration\\\/#primaryimage\"},\"image\":{\"@id\":\"https:\\\/\\\/www.crm-open-source-software.com\\\/vtiger\\\/features\\\/administration\\\/#primaryimage\"},\"thumbnailUrl\":\"https:\\\/\\\/www.crm-open-source-software.com\\\/vtiger\\\/app\\\/uploads\\\/2021\\\/02\\\/iStock-524578085.png\",\"datePublished\":\"2021-03-29T07:45:41+00:00\",\"dateModified\":\"2021-04-26T11:31:29+00:00\",\"description\":\"Bestimmen Sie eigenst\u00e4ndig einen Admin, der alle CRM Einstellungen vornimmt wie user management \\\/ user permissions \\\/ module permission und viele mehr. Profitieren Sie von unserer \u00fcber 15 Jahre Erfahrung im CRM Makrt!\",\"breadcrumb\":{\"@id\":\"https:\\\/\\\/www.crm-open-source-software.com\\\/vtiger\\\/features\\\/administration\\\/#breadcrumb\"},\"inLanguage\":\"de\",\"potentialAction\":[{\"@type\":\"ReadAction\",\"target\":[\"https:\\\/\\\/www.crm-open-source-software.com\\\/vtiger\\\/features\\\/administration\\\/\"]}]},{\"@type\":\"ImageObject\",\"inLanguage\":\"de\",\"@id\":\"https:\\\/\\\/www.crm-open-source-software.com\\\/vtiger\\\/features\\\/administration\\\/#primaryimage\",\"url\":\"https:\\\/\\\/www.crm-open-source-software.com\\\/vtiger\\\/app\\\/uploads\\\/2021\\\/02\\\/iStock-524578085.png\",\"contentUrl\":\"https:\\\/\\\/www.crm-open-source-software.com\\\/vtiger\\\/app\\\/uploads\\\/2021\\\/02\\\/iStock-524578085.png\",\"width\":1422,\"height\":980},{\"@type\":\"BreadcrumbList\",\"@id\":\"https:\\\/\\\/www.crm-open-source-software.com\\\/vtiger\\\/features\\\/administration\\\/#breadcrumb\",\"itemListElement\":[{\"@type\":\"ListItem\",\"position\":1,\"name\":\"Vtiger\",\"item\":\"https:\\\/\\\/www.crm-open-source-software.com\\\/vtiger\\\/\"},{\"@type\":\"ListItem\",\"position\":2,\"name\":\"Features\",\"item\":\"https:\\\/\\\/www.crm-open-source-software.com\\\/vtiger\\\/features\\\/\"},{\"@type\":\"ListItem\",\"position\":3,\"name\":\"Vtiger Administration \\\/ Management Module\"}]},{\"@type\":\"WebSite\",\"@id\":\"https:\\\/\\\/www.crm-open-source-software.com\\\/vtiger\\\/#website\",\"url\":\"https:\\\/\\\/www.crm-open-source-software.com\\\/vtiger\\\/\",\"name\":\"COSS\",\"description\":\"Open Source CRM Software\",\"potentialAction\":[{\"@type\":\"SearchAction\",\"target\":{\"@type\":\"EntryPoint\",\"urlTemplate\":\"https:\\\/\\\/www.crm-open-source-software.com\\\/vtiger\\\/?s={search_term_string}\"},\"query-input\":{\"@type\":\"PropertyValueSpecification\",\"valueRequired\":true,\"valueName\":\"search_term_string\"}}],\"inLanguage\":\"de\"}]}<\/script>\n<!-- \/ Yoast SEO plugin. -->","yoast_head_json":{"title":"Vtiger Administration \/ Management f\u00fcr die komplette CRM Software","description":"Bestimmen Sie eigenst\u00e4ndig einen Admin, der alle CRM Einstellungen vornimmt wie user management \/ user permissions \/ module permission und viele mehr. Profitieren Sie von unserer \u00fcber 15 Jahre Erfahrung im CRM Makrt!","robots":{"index":"index","follow":"follow","max-snippet":"max-snippet:-1","max-image-preview":"max-image-preview:large","max-video-preview":"max-video-preview:-1"},"canonical":"https:\/\/www.crm-open-source-software.com\/vtiger\/features\/administration\/","og_locale":"de_DE","og_type":"article","og_title":"Vtiger Administration \/ Management f\u00fcr die komplette CRM Software","og_description":"Bestimmen Sie eigenst\u00e4ndig einen Admin, der alle CRM Einstellungen vornimmt wie user management \/ user permissions \/ module permission und viele mehr. Profitieren Sie von unserer \u00fcber 15 Jahre Erfahrung im CRM Makrt!","og_url":"https:\/\/www.crm-open-source-software.com\/vtiger\/features\/administration\/","og_site_name":"COSS","article_modified_time":"2021-04-26T11:31:29+00:00","og_image":[{"width":1422,"height":980,"url":"https:\/\/www.crm-open-source-software.com\/vtiger\/app\/uploads\/2021\/02\/iStock-524578085.png","type":"image\/png"}],"twitter_card":"summary_large_image","twitter_misc":{"Gesch\u00e4tzte Lesezeit":"1\u00a0Minute"},"schema":{"@context":"https:\/\/schema.org","@graph":[{"@type":"WebPage","@id":"https:\/\/www.crm-open-source-software.com\/vtiger\/features\/administration\/","url":"https:\/\/www.crm-open-source-software.com\/vtiger\/features\/administration\/","name":"Vtiger Administration \/ Management f\u00fcr die komplette CRM Software","isPartOf":{"@id":"https:\/\/www.crm-open-source-software.com\/vtiger\/#website"},"primaryImageOfPage":{"@id":"https:\/\/www.crm-open-source-software.com\/vtiger\/features\/administration\/#primaryimage"},"image":{"@id":"https:\/\/www.crm-open-source-software.com\/vtiger\/features\/administration\/#primaryimage"},"thumbnailUrl":"https:\/\/www.crm-open-source-software.com\/vtiger\/app\/uploads\/2021\/02\/iStock-524578085.png","datePublished":"2021-03-29T07:45:41+00:00","dateModified":"2021-04-26T11:31:29+00:00","description":"Bestimmen Sie eigenst\u00e4ndig einen Admin, der alle CRM Einstellungen vornimmt wie user management \/ user permissions \/ module permission und viele mehr. Profitieren Sie von unserer \u00fcber 15 Jahre Erfahrung im CRM Makrt!","breadcrumb":{"@id":"https:\/\/www.crm-open-source-software.com\/vtiger\/features\/administration\/#breadcrumb"},"inLanguage":"de","potentialAction":[{"@type":"ReadAction","target":["https:\/\/www.crm-open-source-software.com\/vtiger\/features\/administration\/"]}]},{"@type":"ImageObject","inLanguage":"de","@id":"https:\/\/www.crm-open-source-software.com\/vtiger\/features\/administration\/#primaryimage","url":"https:\/\/www.crm-open-source-software.com\/vtiger\/app\/uploads\/2021\/02\/iStock-524578085.png","contentUrl":"https:\/\/www.crm-open-source-software.com\/vtiger\/app\/uploads\/2021\/02\/iStock-524578085.png","width":1422,"height":980},{"@type":"BreadcrumbList","@id":"https:\/\/www.crm-open-source-software.com\/vtiger\/features\/administration\/#breadcrumb","itemListElement":[{"@type":"ListItem","position":1,"name":"Vtiger","item":"https:\/\/www.crm-open-source-software.com\/vtiger\/"},{"@type":"ListItem","position":2,"name":"Features","item":"https:\/\/www.crm-open-source-software.com\/vtiger\/features\/"},{"@type":"ListItem","position":3,"name":"Vtiger Administration \/ Management Module"}]},{"@type":"WebSite","@id":"https:\/\/www.crm-open-source-software.com\/vtiger\/#website","url":"https:\/\/www.crm-open-source-software.com\/vtiger\/","name":"COSS","description":"Open Source CRM Software","potentialAction":[{"@type":"SearchAction","target":{"@type":"EntryPoint","urlTemplate":"https:\/\/www.crm-open-source-software.com\/vtiger\/?s={search_term_string}"},"query-input":{"@type":"PropertyValueSpecification","valueRequired":true,"valueName":"search_term_string"}}],"inLanguage":"de"}]}},"_links":{"self":[{"href":"https:\/\/www.crm-open-source-software.com\/vtiger\/wp-json\/wp\/v2\/pages\/1418","targetHints":{"allow":["GET"]}}],"collection":[{"href":"https:\/\/www.crm-open-source-software.com\/vtiger\/wp-json\/wp\/v2\/pages"}],"about":[{"href":"https:\/\/www.crm-open-source-software.com\/vtiger\/wp-json\/wp\/v2\/types\/page"}],"author":[{"embeddable":true,"href":"https:\/\/www.crm-open-source-software.com\/vtiger\/wp-json\/wp\/v2\/users\/10"}],"replies":[{"embeddable":true,"href":"https:\/\/www.crm-open-source-software.com\/vtiger\/wp-json\/wp\/v2\/comments?post=1418"}],"version-history":[{"count":11,"href":"https:\/\/www.crm-open-source-software.com\/vtiger\/wp-json\/wp\/v2\/pages\/1418\/revisions"}],"predecessor-version":[{"id":2900,"href":"https:\/\/www.crm-open-source-software.com\/vtiger\/wp-json\/wp\/v2\/pages\/1418\/revisions\/2900"}],"up":[{"embeddable":true,"href":"https:\/\/www.crm-open-source-software.com\/vtiger\/wp-json\/wp\/v2\/pages\/912"}],"wp:featuredmedia":[{"embeddable":true,"href":"https:\/\/www.crm-open-source-software.com\/vtiger\/wp-json\/wp\/v2\/media\/741"}],"wp:attachment":[{"href":"https:\/\/www.crm-open-source-software.com\/vtiger\/wp-json\/wp\/v2\/media?parent=1418"}],"curies":[{"name":"wp","href":"https:\/\/api.w.org\/{rel}","templated":true}]}}