{"id":1467,"date":"2021-03-29T13:37:55","date_gmt":"2021-03-29T13:37:55","guid":{"rendered":"https:\/\/www.crm-open-source-software.com\/?page_id=1467"},"modified":"2021-04-26T13:17:03","modified_gmt":"2021-04-26T13:17:03","slug":"integrations","status":"publish","type":"page","link":"https:\/\/www.crm-open-source-software.com\/vtiger\/integrations\/","title":{"rendered":"Vtiger CRM"},"content":{"rendered":"\n<div class=\"wp-block-cgb-block-my-block container bordered\"><div class=\"container__inner\">\n<h2 class=\"wp-block-heading\">Beschreibung<\/h2>\n\n\n\n<p>Mit Vtiger Integrationen k\u00f6nnen Sie <strong>Dritt-Systeme<\/strong> (third party) in das CRM System implementieren.<\/p>\n\n\n\n<h2 class=\"wp-block-heading\">Nutzen<\/h2>\n\n\n\n<p>Durch den Einsatz der <strong>REST API Schnittstelle<\/strong> ist es m\u00f6glich Dritt-Systeme in das System zu integrieren. Somit braucht man nicht auf Bewehrtes zu verzichten und erspart sich in vielen F\u00e4llen eine doppelte Datenpflege bei Nutzung einer <strong>bidirektionalen Schnittstelle<\/strong>. Die vorhandenen Module k\u00f6nnen mit weiteren Daten der Dritt-Systeme angereichert werden und bieten somit mehr M\u00f6glichkeiten der Datenanalyse.<\/p>\n\n\n\n<ul class=\"is--styled has--icon has--icon-check wp-block-list\"><li>Erweiterbare Funktionen<\/li><li>Datenanreicherung mit anderen Modulen<\/li><li>Gewohnte Programme bidirektional verwenden<\/li><li>Jede Integration umsetzbar mit REST API-Schnittstelle<\/li><\/ul>\n<\/div><\/div>\n\n\n\n<div style=\"height:70px\" aria-hidden=\"true\" class=\"wp-block-spacer\"><\/div>\n\n\n\n<h2 class=\"has-text-align-center wp-block-heading\">Vorteile \/ Nachteile<\/h2>\n\n\n<div class=\"\" data-block-title=\"\" id=\"\">\n    <div class=\"b-pro-con container\">\n    <div class=\"b-pro-con__inner\">\n      <div class=\"b-pro-con__col is--pro\">\n                  <div class=\"b-pro-con__item \">\n            <div>\n              <div class=\"b-pro-con__item-title\">\n                REST API \n              <\/div>\n              <div>\n                gro\u00dfe Auswahl dank Schnittstellennutzung\n              <\/div>\n            <\/div>\n            <i class=\"fa fa-check\"><\/i>\n          <\/div>\n                  <div class=\"b-pro-con__item \">\n            <div>\n              <div class=\"b-pro-con__item-title\">\n                Prozesse \n              <\/div>\n              <div>\n                bessere und zielgenauere Prozesse umsetzbar\n              <\/div>\n            <\/div>\n            <i class=\"fa fa-check\"><\/i>\n          <\/div>\n              <\/div>\n      <div class=\"b-pro-con__col is--con\">\n                  <div class=\"b-pro-con__item\">\n            <div>\n              <div class=\"b-pro-con__item-title\">\n                Inkompatibilit\u00e4t \n              <\/div>\n              <div>\n                Updates k\u00f6nnen Integrationen funktionsunf\u00e4hig machen\n              <\/div>\n            <\/div>\n            <i class=\"fa fa-minus\"><\/i>\n          <\/div>\n              <\/div>\n    <\/div>\n  <\/div>\n\n<\/div>\n\n\n\n<div class=\"wp-block-cgb-block-my-block container\"><div class=\"container__inner\">\n<div style=\"height:85px\" aria-hidden=\"true\" class=\"wp-block-spacer\"><\/div>\n\n\n\n<h2 class=\"has-text-align-center wp-block-heading\">Integrations \u00dcbersicht<\/h2>\n\n\n\n<p class=\"has-text-align-center\">Hier finden Sie die Liste aller Integrationen, die f\u00fcr die Open Source Variante von Vtiger als Service angeboten werden.<\/p>\n\n\n\n<figure class=\"wp-block-table is-style-stripes\"><table><thead><tr><th class=\"has-text-align-left\" data-align=\"left\">Integration<\/th><th class=\"has-text-align-left\" data-align=\"left\">Typ<\/th><th>Was \/ Wie<\/th><\/tr><\/thead><tbody><tr><td class=\"has-text-align-left\" data-align=\"left\">CMS<\/td><td class=\"has-text-align-left\" data-align=\"left\">CMS<\/td><td>API<\/td><\/tr><tr><td class=\"has-text-align-left\" data-align=\"left\">E-Commerce<\/td><td class=\"has-text-align-left\" data-align=\"left\">E-Commerce<\/td><td>API<\/td><\/tr><tr><td class=\"has-text-align-left\" data-align=\"left\">Google Sync<\/td><td class=\"has-text-align-left\" data-align=\"left\">Google <\/td><td>Kalender<\/td><\/tr><tr><td class=\"has-text-align-left\" data-align=\"left\">Joomla<\/td><td class=\"has-text-align-left\" data-align=\"left\">CMS<\/td><td>API<\/td><\/tr><tr><td class=\"has-text-align-left\" data-align=\"left\">LDAP<\/td><td class=\"has-text-align-left\" data-align=\"left\">Administration<\/td><td>LADP Implementierung<\/td><\/tr><tr><td class=\"has-text-align-left\" data-align=\"left\">Magento<\/td><td class=\"has-text-align-left\" data-align=\"left\">E-Commerce<\/td><td>API<\/td><\/tr><tr><td class=\"has-text-align-left\" data-align=\"left\">Mailchimp<\/td><td class=\"has-text-align-left\" data-align=\"left\">E-Mail<\/td><td>API<\/td><\/tr><tr><td class=\"has-text-align-left\" data-align=\"left\">Office 365<\/td><td class=\"has-text-align-left\" data-align=\"left\">Office<\/td><td>Sync<\/td><\/tr><tr><td class=\"has-text-align-left\" data-align=\"left\">Outlook<\/td><td class=\"has-text-align-left\" data-align=\"left\">E-Mail<\/td><td>API<\/td><\/tr><tr><td class=\"has-text-align-left\" data-align=\"left\">Payment<\/td><td class=\"has-text-align-left\" data-align=\"left\">Payment<\/td><td>Bank Import<\/td><\/tr><tr><td class=\"has-text-align-left\" data-align=\"left\">Paypal<\/td><td class=\"has-text-align-left\" data-align=\"left\">Payment<\/td><td>Import \/ Export<\/td><\/tr><tr><td class=\"has-text-align-left\" data-align=\"left\">Prestashop<\/td><td class=\"has-text-align-left\" data-align=\"left\">E-Commerce<\/td><td>API<\/td><\/tr><tr><td class=\"has-text-align-left\" data-align=\"left\">Quickbooks<\/td><td class=\"has-text-align-left\" data-align=\"left\">Buchhaltung<\/td><td>API<\/td><\/tr><tr><td class=\"has-text-align-left\" data-align=\"left\">Virtuemart<\/td><td class=\"has-text-align-left\" data-align=\"left\">E-Commerce<\/td><td>API<\/td><\/tr><tr><td class=\"has-text-align-left\" data-align=\"left\">Woocommerce<\/td><td class=\"has-text-align-left\" data-align=\"left\">E-Commerce<\/td><td>API<\/td><\/tr><tr><td class=\"has-text-align-left\" data-align=\"left\">WordPress<\/td><td class=\"has-text-align-left\" data-align=\"left\">CMS<\/td><td>API<\/td><\/tr><\/tbody><\/table><\/figure>\n<\/div><\/div>\n\n\n<div class=\"\" data-block-title=\"\" id=\"\">\n  <div class=\"b-reload-button js-reload-button-content\">\n\n          <div class=\"container js-reload-button-remove\">\n                  <div>\n            Klicken Sie auf den Button um zu erfahren, warum die Brainformatik GmbH genau der richtige deutschsprachiger Ansprechpartner f\u00fcr Sie ist!\n            <br><br>\n          <\/div>\n        \n        <button class=\"button js-reload-button\" data-block-id=\"3079\" style=\"background-color: #009911\">Vtiger &#038; Brainformatik GmbH<\/button>\n      <\/div>\n\n      <\/div>\n\n  <\/div>\n","protected":false},"excerpt":{"rendered":"<p>Vorteile \/ Nachteile<\/p>\n","protected":false},"author":10,"featured_media":954,"parent":0,"menu_order":0,"comment_status":"closed","ping_status":"closed","template":"","meta":{"footnotes":""},"class_list":["post-1467","page","type-page","status-publish","has-post-thumbnail","hentry"],"yoast_head":"<!-- This site is optimized with the Yoast SEO plugin v27.5 - https:\/\/yoast.com\/product\/yoast-seo-wordpress\/ -->\n<title>Vtiger CRM Third Party Integrations f\u00fcr mehr M\u00f6glichkeiten und weniger...<\/title>\n<meta name=\"description\" content=\"Third Party Integrations mit weniger Aufwand, da bidirektionale Daten\u00fcbertragung \u00fcber API Schnittstelle realisiert werden kann.\" \/>\n<meta name=\"robots\" content=\"index, follow, max-snippet:-1, max-image-preview:large, max-video-preview:-1\" \/>\n<link rel=\"canonical\" href=\"https:\/\/www.crm-open-source-software.com\/vtiger\/integrations\/\" \/>\n<meta property=\"og:locale\" content=\"de_DE\" \/>\n<meta property=\"og:type\" content=\"article\" \/>\n<meta property=\"og:title\" content=\"Vtiger CRM Third Party Integrations f\u00fcr mehr M\u00f6glichkeiten und weniger...\" \/>\n<meta property=\"og:description\" content=\"Third Party Integrations mit weniger Aufwand, da bidirektionale Daten\u00fcbertragung \u00fcber API Schnittstelle realisiert werden kann.\" \/>\n<meta property=\"og:url\" content=\"https:\/\/www.crm-open-source-software.com\/vtiger\/integrations\/\" \/>\n<meta property=\"og:site_name\" content=\"COSS\" \/>\n<meta property=\"article:modified_time\" content=\"2021-04-26T13:17:03+00:00\" \/>\n<meta name=\"twitter:card\" content=\"summary_large_image\" \/>\n<meta name=\"twitter:label1\" content=\"Gesch\u00e4tzte Lesezeit\" \/>\n\t<meta name=\"twitter:data1\" content=\"1\u00a0Minute\" \/>\n<script type=\"application\/ld+json\" class=\"yoast-schema-graph\">{\"@context\":\"https:\\\/\\\/schema.org\",\"@graph\":[{\"@type\":\"WebPage\",\"@id\":\"https:\\\/\\\/www.crm-open-source-software.com\\\/vtiger\\\/integrations\\\/\",\"url\":\"https:\\\/\\\/www.crm-open-source-software.com\\\/vtiger\\\/integrations\\\/\",\"name\":\"Vtiger CRM Third Party Integrations f\u00fcr mehr M\u00f6glichkeiten und weniger...\",\"isPartOf\":{\"@id\":\"https:\\\/\\\/www.crm-open-source-software.com\\\/vtiger\\\/#website\"},\"primaryImageOfPage\":{\"@id\":\"https:\\\/\\\/www.crm-open-source-software.com\\\/vtiger\\\/integrations\\\/#primaryimage\"},\"image\":{\"@id\":\"https:\\\/\\\/www.crm-open-source-software.com\\\/vtiger\\\/integrations\\\/#primaryimage\"},\"thumbnailUrl\":\"https:\\\/\\\/www.crm-open-source-software.com\\\/vtiger\\\/app\\\/uploads\\\/2021\\\/03\\\/teaser_intergrationen.svg\",\"datePublished\":\"2021-03-29T13:37:55+00:00\",\"dateModified\":\"2021-04-26T13:17:03+00:00\",\"description\":\"Third Party Integrations mit weniger Aufwand, da bidirektionale Daten\u00fcbertragung \u00fcber API Schnittstelle realisiert werden kann.\",\"breadcrumb\":{\"@id\":\"https:\\\/\\\/www.crm-open-source-software.com\\\/vtiger\\\/integrations\\\/#breadcrumb\"},\"inLanguage\":\"de\",\"potentialAction\":[{\"@type\":\"ReadAction\",\"target\":[\"https:\\\/\\\/www.crm-open-source-software.com\\\/vtiger\\\/integrations\\\/\"]}]},{\"@type\":\"ImageObject\",\"inLanguage\":\"de\",\"@id\":\"https:\\\/\\\/www.crm-open-source-software.com\\\/vtiger\\\/integrations\\\/#primaryimage\",\"url\":\"https:\\\/\\\/www.crm-open-source-software.com\\\/vtiger\\\/app\\\/uploads\\\/2021\\\/03\\\/teaser_intergrationen.svg\",\"contentUrl\":\"https:\\\/\\\/www.crm-open-source-software.com\\\/vtiger\\\/app\\\/uploads\\\/2021\\\/03\\\/teaser_intergrationen.svg\"},{\"@type\":\"BreadcrumbList\",\"@id\":\"https:\\\/\\\/www.crm-open-source-software.com\\\/vtiger\\\/integrations\\\/#breadcrumb\",\"itemListElement\":[{\"@type\":\"ListItem\",\"position\":1,\"name\":\"Vtiger\",\"item\":\"https:\\\/\\\/www.crm-open-source-software.com\\\/vtiger\\\/\"},{\"@type\":\"ListItem\",\"position\":2,\"name\":\"Vtiger CRM\"}]},{\"@type\":\"WebSite\",\"@id\":\"https:\\\/\\\/www.crm-open-source-software.com\\\/vtiger\\\/#website\",\"url\":\"https:\\\/\\\/www.crm-open-source-software.com\\\/vtiger\\\/\",\"name\":\"COSS\",\"description\":\"Open Source CRM Software\",\"potentialAction\":[{\"@type\":\"SearchAction\",\"target\":{\"@type\":\"EntryPoint\",\"urlTemplate\":\"https:\\\/\\\/www.crm-open-source-software.com\\\/vtiger\\\/?s={search_term_string}\"},\"query-input\":{\"@type\":\"PropertyValueSpecification\",\"valueRequired\":true,\"valueName\":\"search_term_string\"}}],\"inLanguage\":\"de\"}]}<\/script>\n<!-- \/ Yoast SEO plugin. -->","yoast_head_json":{"title":"Vtiger CRM Third Party Integrations f\u00fcr mehr M\u00f6glichkeiten und weniger...","description":"Third Party Integrations mit weniger Aufwand, da bidirektionale Daten\u00fcbertragung \u00fcber API Schnittstelle realisiert werden kann.","robots":{"index":"index","follow":"follow","max-snippet":"max-snippet:-1","max-image-preview":"max-image-preview:large","max-video-preview":"max-video-preview:-1"},"canonical":"https:\/\/www.crm-open-source-software.com\/vtiger\/integrations\/","og_locale":"de_DE","og_type":"article","og_title":"Vtiger CRM Third Party Integrations f\u00fcr mehr M\u00f6glichkeiten und weniger...","og_description":"Third Party Integrations mit weniger Aufwand, da bidirektionale Daten\u00fcbertragung \u00fcber API Schnittstelle realisiert werden kann.","og_url":"https:\/\/www.crm-open-source-software.com\/vtiger\/integrations\/","og_site_name":"COSS","article_modified_time":"2021-04-26T13:17:03+00:00","twitter_card":"summary_large_image","twitter_misc":{"Gesch\u00e4tzte Lesezeit":"1\u00a0Minute"},"schema":{"@context":"https:\/\/schema.org","@graph":[{"@type":"WebPage","@id":"https:\/\/www.crm-open-source-software.com\/vtiger\/integrations\/","url":"https:\/\/www.crm-open-source-software.com\/vtiger\/integrations\/","name":"Vtiger CRM Third Party Integrations f\u00fcr mehr M\u00f6glichkeiten und weniger...","isPartOf":{"@id":"https:\/\/www.crm-open-source-software.com\/vtiger\/#website"},"primaryImageOfPage":{"@id":"https:\/\/www.crm-open-source-software.com\/vtiger\/integrations\/#primaryimage"},"image":{"@id":"https:\/\/www.crm-open-source-software.com\/vtiger\/integrations\/#primaryimage"},"thumbnailUrl":"https:\/\/www.crm-open-source-software.com\/vtiger\/app\/uploads\/2021\/03\/teaser_intergrationen.svg","datePublished":"2021-03-29T13:37:55+00:00","dateModified":"2021-04-26T13:17:03+00:00","description":"Third Party Integrations mit weniger Aufwand, da bidirektionale Daten\u00fcbertragung \u00fcber API Schnittstelle realisiert werden kann.","breadcrumb":{"@id":"https:\/\/www.crm-open-source-software.com\/vtiger\/integrations\/#breadcrumb"},"inLanguage":"de","potentialAction":[{"@type":"ReadAction","target":["https:\/\/www.crm-open-source-software.com\/vtiger\/integrations\/"]}]},{"@type":"ImageObject","inLanguage":"de","@id":"https:\/\/www.crm-open-source-software.com\/vtiger\/integrations\/#primaryimage","url":"https:\/\/www.crm-open-source-software.com\/vtiger\/app\/uploads\/2021\/03\/teaser_intergrationen.svg","contentUrl":"https:\/\/www.crm-open-source-software.com\/vtiger\/app\/uploads\/2021\/03\/teaser_intergrationen.svg"},{"@type":"BreadcrumbList","@id":"https:\/\/www.crm-open-source-software.com\/vtiger\/integrations\/#breadcrumb","itemListElement":[{"@type":"ListItem","position":1,"name":"Vtiger","item":"https:\/\/www.crm-open-source-software.com\/vtiger\/"},{"@type":"ListItem","position":2,"name":"Vtiger CRM"}]},{"@type":"WebSite","@id":"https:\/\/www.crm-open-source-software.com\/vtiger\/#website","url":"https:\/\/www.crm-open-source-software.com\/vtiger\/","name":"COSS","description":"Open Source CRM Software","potentialAction":[{"@type":"SearchAction","target":{"@type":"EntryPoint","urlTemplate":"https:\/\/www.crm-open-source-software.com\/vtiger\/?s={search_term_string}"},"query-input":{"@type":"PropertyValueSpecification","valueRequired":true,"valueName":"search_term_string"}}],"inLanguage":"de"}]}},"_links":{"self":[{"href":"https:\/\/www.crm-open-source-software.com\/vtiger\/wp-json\/wp\/v2\/pages\/1467","targetHints":{"allow":["GET"]}}],"collection":[{"href":"https:\/\/www.crm-open-source-software.com\/vtiger\/wp-json\/wp\/v2\/pages"}],"about":[{"href":"https:\/\/www.crm-open-source-software.com\/vtiger\/wp-json\/wp\/v2\/types\/page"}],"author":[{"embeddable":true,"href":"https:\/\/www.crm-open-source-software.com\/vtiger\/wp-json\/wp\/v2\/users\/10"}],"replies":[{"embeddable":true,"href":"https:\/\/www.crm-open-source-software.com\/vtiger\/wp-json\/wp\/v2\/comments?post=1467"}],"version-history":[{"count":15,"href":"https:\/\/www.crm-open-source-software.com\/vtiger\/wp-json\/wp\/v2\/pages\/1467\/revisions"}],"predecessor-version":[{"id":3025,"href":"https:\/\/www.crm-open-source-software.com\/vtiger\/wp-json\/wp\/v2\/pages\/1467\/revisions\/3025"}],"wp:featuredmedia":[{"embeddable":true,"href":"https:\/\/www.crm-open-source-software.com\/vtiger\/wp-json\/wp\/v2\/media\/954"}],"wp:attachment":[{"href":"https:\/\/www.crm-open-source-software.com\/vtiger\/wp-json\/wp\/v2\/media?parent=1467"}],"curies":[{"name":"wp","href":"https:\/\/api.w.org\/{rel}","templated":true}]}}