{"id":1492,"date":"2021-03-29T19:58:26","date_gmt":"2021-03-29T19:58:26","guid":{"rendered":"https:\/\/www.crm-open-source-software.com\/?page_id=1492"},"modified":"2021-04-23T13:03:05","modified_gmt":"2021-04-23T13:03:05","slug":"services","status":"publish","type":"page","link":"https:\/\/www.crm-open-source-software.com\/vtiger\/preise\/services\/","title":{"rendered":"Vtiger "},"content":{"rendered":"\n<div class=\"wp-block-cgb-block-my-block container\"><div class=\"container__inner\">\n<h2 class=\"wp-block-heading\">Beratung<\/h2>\n\n\n\n<p>Mit unserer \u00fcber 15 Jahre Vtiger CRM Erfahrung, k\u00f6nnen wir Sie optimal beraten und Services anbieten. Eine Analyse der aktuellen Anforderungen Ihrer Gesch\u00e4ftsprozesse wird mit den Funktionalit\u00e4ten der Vtiger Open Source CRM Software abgeglichen und liefert die Basis f\u00fcr eine optimale Beratung. So finden wir heraus, ob Ihre Anforderungen bereits mit der Grundsoftware abgedeckt sind, oder ob individuelle Anpassungen vorgenommen werden m\u00fcssen.<\/p>\n\n\n\n<h2 class=\"wp-block-heading\">CRM Migration<\/h2>\n\n\n\n<p>Sie w\u00fcnschen eine Aktualisierung und \u00dcbernahme Ihrer Daten aus Ihrer alten Vtiger Instanz auf die aktuelle Version von Vtiger 7.3 (ab 5.4 m\u00f6glich)? Dann profitieren Sie von unserem Service. Ihre Daten und Einstellungen bleiben vollst\u00e4ndig erhalten. Voraussetzung ist, dass Sie eine unver\u00e4nderte Standardinstallation von Vtiger CRM nutzen.<\/p>\n\n\n\n<h2 class=\"wp-block-heading\">Updates \/ Upgrades<\/h2>\n\n\n\n<p>In unserem exklusiven Vtiger Cloud Hosting Paket sind Vtiger Updates inklusive. Diese werden proaktiv ausgeliefert, sobald ein Update verf\u00fcgbar ist. Dank unserer 15 Jahre Erfahrung, achten wir selbstverst\u00e4ndlich darauf, dass nur stabile Updates ausgeliefert werden. <\/p>\n\n\n\n<h2 class=\"wp-block-heading\">Anpassungen<\/h2>\n\n\n\n<p>Viele Gesch\u00e4ftsprozesse haben spezielle nicht standardm\u00e4\u00dfige Anforderungen in Vtiger. F\u00fcr individuelle Anpassungsw\u00fcnsche k\u00f6nnen wir Ihnen ein ma\u00dfgeschneidertes Konzept erstellen.<\/p>\n\n\n\n<h2 class=\"wp-block-heading\">Training \/ Schulung<\/h2>\n\n\n\n<p>Analog zu den individuellen Anpassungsw\u00fcnschen und Anforderungen bieten wir Ihnen passende individuell konzipierte Schulungen \u00fcber unseren Business Partner an. Diese sind selbstverst\u00e4ndlich auch auf Ihrem Kundensystem m\u00f6glich.<\/p>\n\n\n\n<div class=\"wp-block-buttons is-layout-flex wp-block-buttons-is-layout-flex\">\n<div class=\"wp-block-button\"><a class=\"wp-block-button__link has-white-color has-vivid-green-cyan-background-color has-text-color has-background\" href=\"https:\/\/www.crm-open-source-software.com\/vtiger\/kontakt\/\">zum Kontaktformular<\/a><\/div>\n<\/div>\n<\/div><\/div>\n\n\n\n\n\n<p><\/p>\n","protected":false},"excerpt":{"rendered":"","protected":false},"author":10,"featured_media":1034,"parent":1483,"menu_order":0,"comment_status":"closed","ping_status":"closed","template":"","meta":{"footnotes":""},"class_list":["post-1492","page","type-page","status-publish","has-post-thumbnail","hentry"],"yoast_head":"<!-- This site is optimized with the Yoast SEO plugin v27.5 - https:\/\/yoast.com\/product\/yoast-seo-wordpress\/ -->\n<title>Vtiger CRM Support &amp; Services &gt; 15 Jahre Erfahrung aus Deutschland!<\/title>\n<meta name=\"description\" content=\"Professionelle Services &amp; Support Dienstleistungen f\u00fcr die Vtiger Open Source CRM Software aus Deutschland. Mit \u00fcber 15 Jahren CRM Erfahrung sind wir Ihre CRM Experten f\u00fcr Updates \/ Upgrades, Training, Migration &amp; Anpassungen. Beratung ist kostenlos.\" \/>\n<meta name=\"robots\" content=\"index, follow, max-snippet:-1, max-image-preview:large, max-video-preview:-1\" \/>\n<link rel=\"canonical\" href=\"https:\/\/www.crm-open-source-software.com\/vtiger\/preise\/services\/\" \/>\n<meta property=\"og:locale\" content=\"de_DE\" \/>\n<meta property=\"og:type\" content=\"article\" \/>\n<meta property=\"og:title\" content=\"Vtiger CRM Support &amp; Services &gt; 15 Jahre Erfahrung aus Deutschland!\" \/>\n<meta property=\"og:description\" content=\"Professionelle Services &amp; Support Dienstleistungen f\u00fcr die Vtiger Open Source CRM Software aus Deutschland. Mit \u00fcber 15 Jahren CRM Erfahrung sind wir Ihre CRM Experten f\u00fcr Updates \/ Upgrades, Training, Migration &amp; Anpassungen. Beratung ist kostenlos.\" \/>\n<meta property=\"og:url\" content=\"https:\/\/www.crm-open-source-software.com\/vtiger\/preise\/services\/\" \/>\n<meta property=\"og:site_name\" content=\"COSS\" \/>\n<meta property=\"article:modified_time\" content=\"2021-04-23T13:03:05+00:00\" \/>\n<meta name=\"twitter:card\" content=\"summary_large_image\" \/>\n<meta name=\"twitter:label1\" content=\"Gesch\u00e4tzte Lesezeit\" \/>\n\t<meta name=\"twitter:data1\" content=\"1\u00a0Minute\" \/>\n<script type=\"application\/ld+json\" class=\"yoast-schema-graph\">{\"@context\":\"https:\\\/\\\/schema.org\",\"@graph\":[{\"@type\":\"WebPage\",\"@id\":\"https:\\\/\\\/www.crm-open-source-software.com\\\/vtiger\\\/preise\\\/services\\\/\",\"url\":\"https:\\\/\\\/www.crm-open-source-software.com\\\/vtiger\\\/preise\\\/services\\\/\",\"name\":\"Vtiger CRM Support & Services > 15 Jahre Erfahrung aus Deutschland!\",\"isPartOf\":{\"@id\":\"https:\\\/\\\/www.crm-open-source-software.com\\\/vtiger\\\/#website\"},\"primaryImageOfPage\":{\"@id\":\"https:\\\/\\\/www.crm-open-source-software.com\\\/vtiger\\\/preise\\\/services\\\/#primaryimage\"},\"image\":{\"@id\":\"https:\\\/\\\/www.crm-open-source-software.com\\\/vtiger\\\/preise\\\/services\\\/#primaryimage\"},\"thumbnailUrl\":\"https:\\\/\\\/www.crm-open-source-software.com\\\/vtiger\\\/app\\\/uploads\\\/2021\\\/03\\\/Preise-Services.svg\",\"datePublished\":\"2021-03-29T19:58:26+00:00\",\"dateModified\":\"2021-04-23T13:03:05+00:00\",\"description\":\"Professionelle Services & Support Dienstleistungen f\u00fcr die Vtiger Open Source CRM Software aus Deutschland. Mit \u00fcber 15 Jahren CRM Erfahrung sind wir Ihre CRM Experten f\u00fcr Updates \\\/ Upgrades, Training, Migration & Anpassungen. Beratung ist kostenlos.\",\"breadcrumb\":{\"@id\":\"https:\\\/\\\/www.crm-open-source-software.com\\\/vtiger\\\/preise\\\/services\\\/#breadcrumb\"},\"inLanguage\":\"de\",\"potentialAction\":[{\"@type\":\"ReadAction\",\"target\":[\"https:\\\/\\\/www.crm-open-source-software.com\\\/vtiger\\\/preise\\\/services\\\/\"]}]},{\"@type\":\"ImageObject\",\"inLanguage\":\"de\",\"@id\":\"https:\\\/\\\/www.crm-open-source-software.com\\\/vtiger\\\/preise\\\/services\\\/#primaryimage\",\"url\":\"https:\\\/\\\/www.crm-open-source-software.com\\\/vtiger\\\/app\\\/uploads\\\/2021\\\/03\\\/Preise-Services.svg\",\"contentUrl\":\"https:\\\/\\\/www.crm-open-source-software.com\\\/vtiger\\\/app\\\/uploads\\\/2021\\\/03\\\/Preise-Services.svg\"},{\"@type\":\"BreadcrumbList\",\"@id\":\"https:\\\/\\\/www.crm-open-source-software.com\\\/vtiger\\\/preise\\\/services\\\/#breadcrumb\",\"itemListElement\":[{\"@type\":\"ListItem\",\"position\":1,\"name\":\"Vtiger\",\"item\":\"https:\\\/\\\/www.crm-open-source-software.com\\\/vtiger\\\/\"},{\"@type\":\"ListItem\",\"position\":2,\"name\":\"Vtiger CRM\",\"item\":\"https:\\\/\\\/www.crm-open-source-software.com\\\/vtiger\\\/preise\\\/\"},{\"@type\":\"ListItem\",\"position\":3,\"name\":\"Vtiger\"}]},{\"@type\":\"WebSite\",\"@id\":\"https:\\\/\\\/www.crm-open-source-software.com\\\/vtiger\\\/#website\",\"url\":\"https:\\\/\\\/www.crm-open-source-software.com\\\/vtiger\\\/\",\"name\":\"COSS\",\"description\":\"Open Source CRM Software\",\"potentialAction\":[{\"@type\":\"SearchAction\",\"target\":{\"@type\":\"EntryPoint\",\"urlTemplate\":\"https:\\\/\\\/www.crm-open-source-software.com\\\/vtiger\\\/?s={search_term_string}\"},\"query-input\":{\"@type\":\"PropertyValueSpecification\",\"valueRequired\":true,\"valueName\":\"search_term_string\"}}],\"inLanguage\":\"de\"}]}<\/script>\n<!-- \/ Yoast SEO plugin. -->","yoast_head_json":{"title":"Vtiger CRM Support & Services > 15 Jahre Erfahrung aus Deutschland!","description":"Professionelle Services & Support Dienstleistungen f\u00fcr die Vtiger Open Source CRM Software aus Deutschland. Mit \u00fcber 15 Jahren CRM Erfahrung sind wir Ihre CRM Experten f\u00fcr Updates \/ Upgrades, Training, Migration & Anpassungen. Beratung ist kostenlos.","robots":{"index":"index","follow":"follow","max-snippet":"max-snippet:-1","max-image-preview":"max-image-preview:large","max-video-preview":"max-video-preview:-1"},"canonical":"https:\/\/www.crm-open-source-software.com\/vtiger\/preise\/services\/","og_locale":"de_DE","og_type":"article","og_title":"Vtiger CRM Support & Services > 15 Jahre Erfahrung aus Deutschland!","og_description":"Professionelle Services & Support Dienstleistungen f\u00fcr die Vtiger Open Source CRM Software aus Deutschland. Mit \u00fcber 15 Jahren CRM Erfahrung sind wir Ihre CRM Experten f\u00fcr Updates \/ Upgrades, Training, Migration & Anpassungen. Beratung ist kostenlos.","og_url":"https:\/\/www.crm-open-source-software.com\/vtiger\/preise\/services\/","og_site_name":"COSS","article_modified_time":"2021-04-23T13:03:05+00:00","twitter_card":"summary_large_image","twitter_misc":{"Gesch\u00e4tzte Lesezeit":"1\u00a0Minute"},"schema":{"@context":"https:\/\/schema.org","@graph":[{"@type":"WebPage","@id":"https:\/\/www.crm-open-source-software.com\/vtiger\/preise\/services\/","url":"https:\/\/www.crm-open-source-software.com\/vtiger\/preise\/services\/","name":"Vtiger CRM Support & Services > 15 Jahre Erfahrung aus Deutschland!","isPartOf":{"@id":"https:\/\/www.crm-open-source-software.com\/vtiger\/#website"},"primaryImageOfPage":{"@id":"https:\/\/www.crm-open-source-software.com\/vtiger\/preise\/services\/#primaryimage"},"image":{"@id":"https:\/\/www.crm-open-source-software.com\/vtiger\/preise\/services\/#primaryimage"},"thumbnailUrl":"https:\/\/www.crm-open-source-software.com\/vtiger\/app\/uploads\/2021\/03\/Preise-Services.svg","datePublished":"2021-03-29T19:58:26+00:00","dateModified":"2021-04-23T13:03:05+00:00","description":"Professionelle Services & Support Dienstleistungen f\u00fcr die Vtiger Open Source CRM Software aus Deutschland. Mit \u00fcber 15 Jahren CRM Erfahrung sind wir Ihre CRM Experten f\u00fcr Updates \/ Upgrades, Training, Migration & Anpassungen. Beratung ist kostenlos.","breadcrumb":{"@id":"https:\/\/www.crm-open-source-software.com\/vtiger\/preise\/services\/#breadcrumb"},"inLanguage":"de","potentialAction":[{"@type":"ReadAction","target":["https:\/\/www.crm-open-source-software.com\/vtiger\/preise\/services\/"]}]},{"@type":"ImageObject","inLanguage":"de","@id":"https:\/\/www.crm-open-source-software.com\/vtiger\/preise\/services\/#primaryimage","url":"https:\/\/www.crm-open-source-software.com\/vtiger\/app\/uploads\/2021\/03\/Preise-Services.svg","contentUrl":"https:\/\/www.crm-open-source-software.com\/vtiger\/app\/uploads\/2021\/03\/Preise-Services.svg"},{"@type":"BreadcrumbList","@id":"https:\/\/www.crm-open-source-software.com\/vtiger\/preise\/services\/#breadcrumb","itemListElement":[{"@type":"ListItem","position":1,"name":"Vtiger","item":"https:\/\/www.crm-open-source-software.com\/vtiger\/"},{"@type":"ListItem","position":2,"name":"Vtiger CRM","item":"https:\/\/www.crm-open-source-software.com\/vtiger\/preise\/"},{"@type":"ListItem","position":3,"name":"Vtiger"}]},{"@type":"WebSite","@id":"https:\/\/www.crm-open-source-software.com\/vtiger\/#website","url":"https:\/\/www.crm-open-source-software.com\/vtiger\/","name":"COSS","description":"Open Source CRM Software","potentialAction":[{"@type":"SearchAction","target":{"@type":"EntryPoint","urlTemplate":"https:\/\/www.crm-open-source-software.com\/vtiger\/?s={search_term_string}"},"query-input":{"@type":"PropertyValueSpecification","valueRequired":true,"valueName":"search_term_string"}}],"inLanguage":"de"}]}},"_links":{"self":[{"href":"https:\/\/www.crm-open-source-software.com\/vtiger\/wp-json\/wp\/v2\/pages\/1492","targetHints":{"allow":["GET"]}}],"collection":[{"href":"https:\/\/www.crm-open-source-software.com\/vtiger\/wp-json\/wp\/v2\/pages"}],"about":[{"href":"https:\/\/www.crm-open-source-software.com\/vtiger\/wp-json\/wp\/v2\/types\/page"}],"author":[{"embeddable":true,"href":"https:\/\/www.crm-open-source-software.com\/vtiger\/wp-json\/wp\/v2\/users\/10"}],"replies":[{"embeddable":true,"href":"https:\/\/www.crm-open-source-software.com\/vtiger\/wp-json\/wp\/v2\/comments?post=1492"}],"version-history":[{"count":13,"href":"https:\/\/www.crm-open-source-software.com\/vtiger\/wp-json\/wp\/v2\/pages\/1492\/revisions"}],"predecessor-version":[{"id":2867,"href":"https:\/\/www.crm-open-source-software.com\/vtiger\/wp-json\/wp\/v2\/pages\/1492\/revisions\/2867"}],"up":[{"embeddable":true,"href":"https:\/\/www.crm-open-source-software.com\/vtiger\/wp-json\/wp\/v2\/pages\/1483"}],"wp:featuredmedia":[{"embeddable":true,"href":"https:\/\/www.crm-open-source-software.com\/vtiger\/wp-json\/wp\/v2\/media\/1034"}],"wp:attachment":[{"href":"https:\/\/www.crm-open-source-software.com\/vtiger\/wp-json\/wp\/v2\/media?parent=1492"}],"curies":[{"name":"wp","href":"https:\/\/api.w.org\/{rel}","templated":true}]}}