{"id":1500,"date":"2021-03-29T20:13:15","date_gmt":"2021-03-29T20:13:15","guid":{"rendered":"https:\/\/www.crm-open-source-software.com\/?page_id=1500"},"modified":"2021-05-25T10:22:39","modified_gmt":"2021-05-25T10:22:39","slug":"hosting","status":"publish","type":"page","link":"https:\/\/www.crm-open-source-software.com\/vtiger\/preise\/hosting\/","title":{"rendered":"Vtiger Cloud Hosting"},"content":{"rendered":"\n<div class=\"wp-block-cgb-block-my-block container\"><div class=\"container__inner\">\n<h2 class=\"wp-block-heading\">Hosting Preise<\/h2>\n\n\n\n<p>Die Preise errechnen sich aus der Anzahl Ihrer gebuchten User, welche Sie jederzeit zubuchen k\u00f6nnen. Au\u00dferdem sind Ihre User <strong>monatlich k\u00fcndbar<\/strong>, Sie bleiben also stets flexibel und k\u00f6nnen Anpassungen vornehmen.<\/p>\n\n\n\n<figure class=\"wp-block-table\"><table><thead><tr><th>User<\/th><th>Preis \/ Monat<\/th><th>Storage inkl.<\/th><\/tr><\/thead><tbody><tr><td>ab 3<\/td><td>60,- \u20ac<\/td><td>3 GB<\/td><\/tr><\/tbody><\/table><figcaption><br><strong>je weiteren Benutzer:<\/strong> 20,- \u20ac \/ Monat inkl. 1 GB Storage<\/figcaption><\/figure>\n\n\n\n<p><strong>Rechenbeispiele:<\/strong><\/p>\n\n\n\n<figure class=\"wp-block-table\"><table><thead><tr><th>User<\/th><th>Preis \/ Monat<\/th><th>Storage inkl.<\/th><\/tr><\/thead><tbody><tr><td>5<\/td><td>100,- \u20ac<\/td><td>5 GB<\/td><\/tr><tr><td>10<\/td><td>200,- \u20ac<\/td><td>10 GB<\/td><\/tr><tr><td>15<\/td><td>300,- \u20ac<\/td><td>15 GB<\/td><\/tr><tr><td>30<\/td><td>600,- \u20ac<\/td><td>30 GB<\/td><\/tr><tr><td>50<\/td><td>1.000,- \u20ac<\/td><td>50 GB<\/td><\/tr><\/tbody><\/table><\/figure>\n\n\n\n<p><strong>Metadaten<\/strong><\/p>\n\n\n\n<ul class=\"is--styled wp-block-list\"><li>Setup: einmalige Geb\u00fchr von 180 EUR<\/li><li>Monatlich k\u00fcndbar<\/li><li>Premium Extensions inkl. deutschen Handbuch und Support<ul><li><a href=\"https:\/\/www.crm-open-source-software.com\/vtiger\/extensions\/pdf-maker\/\">PDF Maker Professional<\/a><\/li><\/ul><ul><li><a href=\"https:\/\/www.crm-open-source-software.com\/vtiger\/extensions\/kanban-view\/\">Kanban View<\/a><\/li><\/ul><ul><li><a href=\"https:\/\/www.crm-open-source-software.com\/vtiger\/extensions\/reminder-notification\/\">Quick Reminder<\/a><\/li><\/ul><ul><li>Neu \u00fcberarbeitetes Sprachpaket f\u00fcr Vtiger 7.3<\/li><\/ul><\/li><li>Upgrade jederzeit m\u00f6glich<ul><li>je weiteren Benutzer: 20 EUR \/ Monat inkl. 1 GB mehr Storage<\/li><\/ul><ul><li>Speicherplatz: je weiteres GB f\u00fcr 3 EUR mtl. zus\u00e4tzlich<\/li><\/ul><\/li><\/ul>\n\n\n\n<p><strong>Weitere Leistungen inklusive<\/strong><\/p>\n\n\n\n<ul class=\"is--styled wp-block-list\"><li>Zertifizierter deutscher Cloud Hosting Partner<\/li><li>SSL Zertifikat<\/li><li>SSD Speicher<\/li><li>T\u00e4gliche Backups der DB (inkl. Server Images &#8211; 7 Tage r\u00fcckwirkend)<\/li><li>Redundanz in Datenspeicherung (RAID System)<\/li><li>Performance- und Port-Monitoring<\/li><li>Verf\u00fcgbarkeit: 99,8% \/ Jahr<\/li><\/ul>\n\n\n\n<p><strong>Wichtige Information<\/strong><\/p>\n\n\n\n<p>Software Updates-\/Upgrades inklusive*. Wir aktualisieren immer erst 1-2 Monate nach Launch eines Major Release. Standardisierte Updates bleiben davon unber\u00fchrt.<\/p>\n\n\n\n<h2 class=\"wp-block-heading\">Beschreibung<\/h2>\n\n\n\n<p>Wir bieten Ihnen umfangreiches <strong>Vtiger Cloud Hosting<\/strong> mit einem exklusivem <strong>Premium Paket inklusive<\/strong> an. Updates werden von uns proaktiv umgesetzt, damit Sie mit der neuesten Vtiger Version arbeiten k\u00f6nnen. Wir setzten ausschlie\u00dflich auf <strong>deutsche und zertifizierte Hosting Partner<\/strong>, welche eine <strong>erh\u00f6hte Sicherheit und Performance<\/strong> gew\u00e4hren. T\u00e4gliche <strong>Backups<\/strong>, schnelle <strong>SSD Speicher<\/strong> und eine redundante <strong>Datenspeicherung auf RAID Systemen<\/strong> sind weitere Vorteile.<\/p>\n\n\n\n<p><\/p>\n\n\n\n<div class=\"wp-block-buttons is-layout-flex wp-block-buttons-is-layout-flex\">\n<div class=\"wp-block-button\"><a class=\"wp-block-button__link has-white-color has-vivid-green-cyan-background-color has-text-color has-background\" href=\"https:\/\/www.crm-open-source-software.com\/vtiger\/kontakt\/\">zum Kontaktformular<\/a><\/div>\n<\/div>\n<\/div><\/div>\n\n\n\n\n\n<p><\/p>\n","protected":false},"excerpt":{"rendered":"","protected":false},"author":10,"featured_media":1037,"parent":1483,"menu_order":0,"comment_status":"closed","ping_status":"closed","template":"","meta":{"footnotes":""},"class_list":["post-1500","page","type-page","status-publish","has-post-thumbnail","hentry"],"yoast_head":"<!-- This site is optimized with the Yoast SEO plugin v27.5 - https:\/\/yoast.com\/product\/yoast-seo-wordpress\/ -->\n<title>Vtiger Open Source CRM web based \/ cloud Hosting pricing in Deutschland<\/title>\n<meta name=\"description\" content=\"Sie suchen einen professionellen Vtiger Hosting Anbieter in Deutschland und das preisg\u00fcnstig? Dann sind Sie hier genau richtig. Wir bieten Ihnen exklusives Vtiger Cloud Hosting mit 4 kostenlosen deutschsprachigen Extensions in unserem Premium Paket an.\" \/>\n<meta name=\"robots\" content=\"index, follow, max-snippet:-1, max-image-preview:large, max-video-preview:-1\" \/>\n<link rel=\"canonical\" href=\"https:\/\/www.crm-open-source-software.com\/vtiger\/preise\/hosting\/\" \/>\n<meta property=\"og:locale\" content=\"de_DE\" \/>\n<meta property=\"og:type\" content=\"article\" \/>\n<meta property=\"og:title\" content=\"Vtiger Open Source CRM web based \/ cloud Hosting pricing in Deutschland\" \/>\n<meta property=\"og:description\" content=\"Sie suchen einen professionellen Vtiger Hosting Anbieter in Deutschland und das preisg\u00fcnstig? Dann sind Sie hier genau richtig. Wir bieten Ihnen exklusives Vtiger Cloud Hosting mit 4 kostenlosen deutschsprachigen Extensions in unserem Premium Paket an.\" \/>\n<meta property=\"og:url\" content=\"https:\/\/www.crm-open-source-software.com\/vtiger\/preise\/hosting\/\" \/>\n<meta property=\"og:site_name\" content=\"COSS\" \/>\n<meta property=\"article:modified_time\" content=\"2021-05-25T10:22:39+00:00\" \/>\n<meta name=\"twitter:card\" content=\"summary_large_image\" \/>\n<meta name=\"twitter:label1\" content=\"Gesch\u00e4tzte Lesezeit\" \/>\n\t<meta name=\"twitter:data1\" content=\"2\u00a0Minuten\" \/>\n<script type=\"application\/ld+json\" class=\"yoast-schema-graph\">{\"@context\":\"https:\\\/\\\/schema.org\",\"@graph\":[{\"@type\":\"WebPage\",\"@id\":\"https:\\\/\\\/www.crm-open-source-software.com\\\/vtiger\\\/preise\\\/hosting\\\/\",\"url\":\"https:\\\/\\\/www.crm-open-source-software.com\\\/vtiger\\\/preise\\\/hosting\\\/\",\"name\":\"Vtiger Open Source CRM web based \\\/ cloud Hosting pricing in Deutschland\",\"isPartOf\":{\"@id\":\"https:\\\/\\\/www.crm-open-source-software.com\\\/vtiger\\\/#website\"},\"primaryImageOfPage\":{\"@id\":\"https:\\\/\\\/www.crm-open-source-software.com\\\/vtiger\\\/preise\\\/hosting\\\/#primaryimage\"},\"image\":{\"@id\":\"https:\\\/\\\/www.crm-open-source-software.com\\\/vtiger\\\/preise\\\/hosting\\\/#primaryimage\"},\"thumbnailUrl\":\"https:\\\/\\\/www.crm-open-source-software.com\\\/vtiger\\\/app\\\/uploads\\\/2021\\\/03\\\/Preise-Hosting.svg\",\"datePublished\":\"2021-03-29T20:13:15+00:00\",\"dateModified\":\"2021-05-25T10:22:39+00:00\",\"description\":\"Sie suchen einen professionellen Vtiger Hosting Anbieter in Deutschland und das preisg\u00fcnstig? Dann sind Sie hier genau richtig. Wir bieten Ihnen exklusives Vtiger Cloud Hosting mit 4 kostenlosen deutschsprachigen Extensions in unserem Premium Paket an.\",\"breadcrumb\":{\"@id\":\"https:\\\/\\\/www.crm-open-source-software.com\\\/vtiger\\\/preise\\\/hosting\\\/#breadcrumb\"},\"inLanguage\":\"de\",\"potentialAction\":[{\"@type\":\"ReadAction\",\"target\":[\"https:\\\/\\\/www.crm-open-source-software.com\\\/vtiger\\\/preise\\\/hosting\\\/\"]}]},{\"@type\":\"ImageObject\",\"inLanguage\":\"de\",\"@id\":\"https:\\\/\\\/www.crm-open-source-software.com\\\/vtiger\\\/preise\\\/hosting\\\/#primaryimage\",\"url\":\"https:\\\/\\\/www.crm-open-source-software.com\\\/vtiger\\\/app\\\/uploads\\\/2021\\\/03\\\/Preise-Hosting.svg\",\"contentUrl\":\"https:\\\/\\\/www.crm-open-source-software.com\\\/vtiger\\\/app\\\/uploads\\\/2021\\\/03\\\/Preise-Hosting.svg\"},{\"@type\":\"BreadcrumbList\",\"@id\":\"https:\\\/\\\/www.crm-open-source-software.com\\\/vtiger\\\/preise\\\/hosting\\\/#breadcrumb\",\"itemListElement\":[{\"@type\":\"ListItem\",\"position\":1,\"name\":\"Vtiger\",\"item\":\"https:\\\/\\\/www.crm-open-source-software.com\\\/vtiger\\\/\"},{\"@type\":\"ListItem\",\"position\":2,\"name\":\"Vtiger CRM\",\"item\":\"https:\\\/\\\/www.crm-open-source-software.com\\\/vtiger\\\/preise\\\/\"},{\"@type\":\"ListItem\",\"position\":3,\"name\":\"Vtiger Cloud Hosting\"}]},{\"@type\":\"WebSite\",\"@id\":\"https:\\\/\\\/www.crm-open-source-software.com\\\/vtiger\\\/#website\",\"url\":\"https:\\\/\\\/www.crm-open-source-software.com\\\/vtiger\\\/\",\"name\":\"COSS\",\"description\":\"Open Source CRM Software\",\"potentialAction\":[{\"@type\":\"SearchAction\",\"target\":{\"@type\":\"EntryPoint\",\"urlTemplate\":\"https:\\\/\\\/www.crm-open-source-software.com\\\/vtiger\\\/?s={search_term_string}\"},\"query-input\":{\"@type\":\"PropertyValueSpecification\",\"valueRequired\":true,\"valueName\":\"search_term_string\"}}],\"inLanguage\":\"de\"}]}<\/script>\n<!-- \/ Yoast SEO plugin. -->","yoast_head_json":{"title":"Vtiger Open Source CRM web based \/ cloud Hosting pricing in Deutschland","description":"Sie suchen einen professionellen Vtiger Hosting Anbieter in Deutschland und das preisg\u00fcnstig? Dann sind Sie hier genau richtig. Wir bieten Ihnen exklusives Vtiger Cloud Hosting mit 4 kostenlosen deutschsprachigen Extensions in unserem Premium Paket an.","robots":{"index":"index","follow":"follow","max-snippet":"max-snippet:-1","max-image-preview":"max-image-preview:large","max-video-preview":"max-video-preview:-1"},"canonical":"https:\/\/www.crm-open-source-software.com\/vtiger\/preise\/hosting\/","og_locale":"de_DE","og_type":"article","og_title":"Vtiger Open Source CRM web based \/ cloud Hosting pricing in Deutschland","og_description":"Sie suchen einen professionellen Vtiger Hosting Anbieter in Deutschland und das preisg\u00fcnstig? Dann sind Sie hier genau richtig. Wir bieten Ihnen exklusives Vtiger Cloud Hosting mit 4 kostenlosen deutschsprachigen Extensions in unserem Premium Paket an.","og_url":"https:\/\/www.crm-open-source-software.com\/vtiger\/preise\/hosting\/","og_site_name":"COSS","article_modified_time":"2021-05-25T10:22:39+00:00","twitter_card":"summary_large_image","twitter_misc":{"Gesch\u00e4tzte Lesezeit":"2\u00a0Minuten"},"schema":{"@context":"https:\/\/schema.org","@graph":[{"@type":"WebPage","@id":"https:\/\/www.crm-open-source-software.com\/vtiger\/preise\/hosting\/","url":"https:\/\/www.crm-open-source-software.com\/vtiger\/preise\/hosting\/","name":"Vtiger Open Source CRM web based \/ cloud Hosting pricing in Deutschland","isPartOf":{"@id":"https:\/\/www.crm-open-source-software.com\/vtiger\/#website"},"primaryImageOfPage":{"@id":"https:\/\/www.crm-open-source-software.com\/vtiger\/preise\/hosting\/#primaryimage"},"image":{"@id":"https:\/\/www.crm-open-source-software.com\/vtiger\/preise\/hosting\/#primaryimage"},"thumbnailUrl":"https:\/\/www.crm-open-source-software.com\/vtiger\/app\/uploads\/2021\/03\/Preise-Hosting.svg","datePublished":"2021-03-29T20:13:15+00:00","dateModified":"2021-05-25T10:22:39+00:00","description":"Sie suchen einen professionellen Vtiger Hosting Anbieter in Deutschland und das preisg\u00fcnstig? Dann sind Sie hier genau richtig. Wir bieten Ihnen exklusives Vtiger Cloud Hosting mit 4 kostenlosen deutschsprachigen Extensions in unserem Premium Paket an.","breadcrumb":{"@id":"https:\/\/www.crm-open-source-software.com\/vtiger\/preise\/hosting\/#breadcrumb"},"inLanguage":"de","potentialAction":[{"@type":"ReadAction","target":["https:\/\/www.crm-open-source-software.com\/vtiger\/preise\/hosting\/"]}]},{"@type":"ImageObject","inLanguage":"de","@id":"https:\/\/www.crm-open-source-software.com\/vtiger\/preise\/hosting\/#primaryimage","url":"https:\/\/www.crm-open-source-software.com\/vtiger\/app\/uploads\/2021\/03\/Preise-Hosting.svg","contentUrl":"https:\/\/www.crm-open-source-software.com\/vtiger\/app\/uploads\/2021\/03\/Preise-Hosting.svg"},{"@type":"BreadcrumbList","@id":"https:\/\/www.crm-open-source-software.com\/vtiger\/preise\/hosting\/#breadcrumb","itemListElement":[{"@type":"ListItem","position":1,"name":"Vtiger","item":"https:\/\/www.crm-open-source-software.com\/vtiger\/"},{"@type":"ListItem","position":2,"name":"Vtiger CRM","item":"https:\/\/www.crm-open-source-software.com\/vtiger\/preise\/"},{"@type":"ListItem","position":3,"name":"Vtiger Cloud Hosting"}]},{"@type":"WebSite","@id":"https:\/\/www.crm-open-source-software.com\/vtiger\/#website","url":"https:\/\/www.crm-open-source-software.com\/vtiger\/","name":"COSS","description":"Open Source CRM Software","potentialAction":[{"@type":"SearchAction","target":{"@type":"EntryPoint","urlTemplate":"https:\/\/www.crm-open-source-software.com\/vtiger\/?s={search_term_string}"},"query-input":{"@type":"PropertyValueSpecification","valueRequired":true,"valueName":"search_term_string"}}],"inLanguage":"de"}]}},"_links":{"self":[{"href":"https:\/\/www.crm-open-source-software.com\/vtiger\/wp-json\/wp\/v2\/pages\/1500","targetHints":{"allow":["GET"]}}],"collection":[{"href":"https:\/\/www.crm-open-source-software.com\/vtiger\/wp-json\/wp\/v2\/pages"}],"about":[{"href":"https:\/\/www.crm-open-source-software.com\/vtiger\/wp-json\/wp\/v2\/types\/page"}],"author":[{"embeddable":true,"href":"https:\/\/www.crm-open-source-software.com\/vtiger\/wp-json\/wp\/v2\/users\/10"}],"replies":[{"embeddable":true,"href":"https:\/\/www.crm-open-source-software.com\/vtiger\/wp-json\/wp\/v2\/comments?post=1500"}],"version-history":[{"count":26,"href":"https:\/\/www.crm-open-source-software.com\/vtiger\/wp-json\/wp\/v2\/pages\/1500\/revisions"}],"predecessor-version":[{"id":3095,"href":"https:\/\/www.crm-open-source-software.com\/vtiger\/wp-json\/wp\/v2\/pages\/1500\/revisions\/3095"}],"up":[{"embeddable":true,"href":"https:\/\/www.crm-open-source-software.com\/vtiger\/wp-json\/wp\/v2\/pages\/1483"}],"wp:featuredmedia":[{"embeddable":true,"href":"https:\/\/www.crm-open-source-software.com\/vtiger\/wp-json\/wp\/v2\/media\/1037"}],"wp:attachment":[{"href":"https:\/\/www.crm-open-source-software.com\/vtiger\/wp-json\/wp\/v2\/media?parent=1500"}],"curies":[{"name":"wp","href":"https:\/\/api.w.org\/{rel}","templated":true}]}}