{"id":1666,"date":"2021-03-30T13:04:12","date_gmt":"2021-03-30T13:04:12","guid":{"rendered":"https:\/\/www.crm-open-source-software.com\/?page_id=1666"},"modified":"2021-04-26T11:43:31","modified_gmt":"2021-04-26T11:43:31","slug":"sms-notifier","status":"publish","type":"page","link":"https:\/\/www.crm-open-source-software.com\/vtiger\/modules\/sms-notifier\/","title":{"rendered":"Vtiger <i>SMS Notifier<\/i> Module"},"content":{"rendered":"\n<div class=\"wp-block-cgb-block-my-block container\"><div class=\"container__inner\">\n<h2 class=\"wp-block-heading\">Beschreibung<\/h2>\n\n\n\n<p>SMS ist die Abk\u00fcrzung f\u00fcr Short Message Service, eine Kurznachricht, die \u00fcber das Mobilfunknetz \u00fcbertragen werden kann. Vtiger kann SMS versenden.<\/p>\n\n\n\n<h2 class=\"wp-block-heading\">Nutzen<\/h2>\n\n\n\n<p>Das Modul SMS Notifier dient der \u00dcbermittlung kurzer Informationen auf ein Mobiltelefon, ohne dass der Empf\u00e4nger Internetzugang ben\u00f6tigt. Ein Vorteil im Funkloch. Weiterer Vorteil ist die Funktion der <strong>Massen-SMS<\/strong>, wenn viele Empf\u00e4nger mit einem Versand erreicht werden k\u00f6nnen.<\/p>\n\n\n\n<ul class=\"is--styled has--icon has--icon-check wp-block-list\"><li>\u00dcbermittlung von kurzen Informationen auf ein Mobiltelefon<\/li><\/ul>\n<\/div><\/div>\n\n\n\n<h2 class=\"has-text-align-center wp-block-heading\">Vorteile \/ Nachteile<\/h2>\n\n\n<div class=\"\" data-block-title=\"\" id=\"\">\n    <div class=\"b-pro-con container\">\n    <div class=\"b-pro-con__inner\">\n      <div class=\"b-pro-con__col is--pro\">\n                  <div class=\"b-pro-con__item \">\n            <div>\n              <div class=\"b-pro-con__item-title\">\n                Funk\u00fcbertragung\n              <\/div>\n              <div>\n                kein Internet notwendig\n              <\/div>\n            <\/div>\n            <i class=\"fa fa-check\"><\/i>\n          <\/div>\n                  <div class=\"b-pro-con__item \">\n            <div>\n              <div class=\"b-pro-con__item-title\">\n                Massen SMS\n              <\/div>\n              <div>\n                problemlos verschickbar\n              <\/div>\n            <\/div>\n            <i class=\"fa fa-check\"><\/i>\n          <\/div>\n              <\/div>\n      <div class=\"b-pro-con__col is--con\">\n                  <div class=\"b-pro-con__item\">\n            <div>\n              <div class=\"b-pro-con__item-title\">\n                begrenzte Anbieter \n              <\/div>\n              <div>\n                SMS API Integration \u2013 SMPP notwendig\n              <\/div>\n            <\/div>\n            <i class=\"fa fa-minus\"><\/i>\n          <\/div>\n                  <div class=\"b-pro-con__item\">\n            <div>\n              <div class=\"b-pro-con__item-title\">\n                DSGVO\n              <\/div>\n              <div>\n                Anbieter haben Sitz meist im Ausland\n              <\/div>\n            <\/div>\n            <i class=\"fa fa-minus\"><\/i>\n          <\/div>\n                  <div class=\"b-pro-con__item\">\n            <div>\n              <div class=\"b-pro-con__item-title\">\n                Zusatzkosten\n              <\/div>\n              <div>\n                mit Zusatzkosten ist zu rechnen\n              <\/div>\n            <\/div>\n            <i class=\"fa fa-minus\"><\/i>\n          <\/div>\n              <\/div>\n    <\/div>\n  <\/div>\n\n<\/div>\n\n\n<div class=\"\" data-block-title=\"\" id=\"\">\n  <div class=\"b-reload-button js-reload-button-content\">\n\n          <div class=\"container js-reload-button-remove\">\n                  <div>\n            Klicken Sie auf den Button um zu erfahren, warum die Brainformatik GmbH genau der richtige deutschsprachiger Ansprechpartner f\u00fcr Sie ist!\n            <br><br>\n          <\/div>\n        \n        <button class=\"button js-reload-button\" data-block-id=\"3079\" style=\"background-color: #009911\">Vtiger &#038; Brainformatik GmbH<\/button>\n      <\/div>\n\n      <\/div>\n\n  <\/div>\n","protected":false},"excerpt":{"rendered":"<p>Vorteile \/ Nachteile<\/p>\n","protected":false},"author":10,"featured_media":940,"parent":1428,"menu_order":0,"comment_status":"closed","ping_status":"closed","template":"","meta":{"footnotes":""},"class_list":["post-1666","page","type-page","status-publish","has-post-thumbnail","hentry"],"yoast_head":"<!-- This site is optimized with the Yoast SEO plugin v26.3 - https:\/\/yoast.com\/wordpress\/plugins\/seo\/ -->\n<title>Vtiger SMS Notifier \/ automatisierte SMS Benachrichtigungen<\/title>\n<meta name=\"description\" content=\"Versenden Sie \u00fcber die CRM Software Vtiger automatisierte SMS an Ihre Interessenten und Kunden. Diese Funktion ist ausschlie\u00dflich durch Integration von dritt Anbieter m\u00f6glich.\" \/>\n<meta name=\"robots\" content=\"index, follow, max-snippet:-1, max-image-preview:large, max-video-preview:-1\" \/>\n<link rel=\"canonical\" href=\"https:\/\/www.crm-open-source-software.com\/vtiger\/modules\/sms-notifier\/\" \/>\n<meta property=\"og:locale\" content=\"de_DE\" \/>\n<meta property=\"og:type\" content=\"article\" \/>\n<meta property=\"og:title\" content=\"Vtiger SMS Notifier \/ automatisierte SMS Benachrichtigungen\" \/>\n<meta property=\"og:description\" content=\"Versenden Sie \u00fcber die CRM Software Vtiger automatisierte SMS an Ihre Interessenten und Kunden. Diese Funktion ist ausschlie\u00dflich durch Integration von dritt Anbieter m\u00f6glich.\" \/>\n<meta property=\"og:url\" content=\"https:\/\/www.crm-open-source-software.com\/vtiger\/modules\/sms-notifier\/\" \/>\n<meta property=\"og:site_name\" content=\"COSS\" \/>\n<meta property=\"article:modified_time\" content=\"2021-04-26T11:43:31+00:00\" \/>\n<meta name=\"twitter:card\" content=\"summary_large_image\" \/>\n<meta name=\"twitter:label1\" content=\"Gesch\u00e4tzte Lesezeit\" \/>\n\t<meta name=\"twitter:data1\" content=\"1\u00a0Minute\" \/>\n<script type=\"application\/ld+json\" class=\"yoast-schema-graph\">{\"@context\":\"https:\/\/schema.org\",\"@graph\":[{\"@type\":\"WebPage\",\"@id\":\"https:\/\/www.crm-open-source-software.com\/vtiger\/modules\/sms-notifier\/\",\"url\":\"https:\/\/www.crm-open-source-software.com\/vtiger\/modules\/sms-notifier\/\",\"name\":\"Vtiger SMS Notifier \/ automatisierte SMS Benachrichtigungen\",\"isPartOf\":{\"@id\":\"https:\/\/www.crm-open-source-software.com\/vtiger\/#website\"},\"primaryImageOfPage\":{\"@id\":\"https:\/\/www.crm-open-source-software.com\/vtiger\/modules\/sms-notifier\/#primaryimage\"},\"image\":{\"@id\":\"https:\/\/www.crm-open-source-software.com\/vtiger\/modules\/sms-notifier\/#primaryimage\"},\"thumbnailUrl\":\"https:\/\/www.crm-open-source-software.com\/vtiger\/app\/uploads\/2021\/03\/teaer_module.svg\",\"datePublished\":\"2021-03-30T13:04:12+00:00\",\"dateModified\":\"2021-04-26T11:43:31+00:00\",\"description\":\"Versenden Sie \u00fcber die CRM Software Vtiger automatisierte SMS an Ihre Interessenten und Kunden. Diese Funktion ist ausschlie\u00dflich durch Integration von dritt Anbieter m\u00f6glich.\",\"breadcrumb\":{\"@id\":\"https:\/\/www.crm-open-source-software.com\/vtiger\/modules\/sms-notifier\/#breadcrumb\"},\"inLanguage\":\"de\",\"potentialAction\":[{\"@type\":\"ReadAction\",\"target\":[\"https:\/\/www.crm-open-source-software.com\/vtiger\/modules\/sms-notifier\/\"]}]},{\"@type\":\"ImageObject\",\"inLanguage\":\"de\",\"@id\":\"https:\/\/www.crm-open-source-software.com\/vtiger\/modules\/sms-notifier\/#primaryimage\",\"url\":\"https:\/\/www.crm-open-source-software.com\/vtiger\/app\/uploads\/2021\/03\/teaer_module.svg\",\"contentUrl\":\"https:\/\/www.crm-open-source-software.com\/vtiger\/app\/uploads\/2021\/03\/teaer_module.svg\"},{\"@type\":\"BreadcrumbList\",\"@id\":\"https:\/\/www.crm-open-source-software.com\/vtiger\/modules\/sms-notifier\/#breadcrumb\",\"itemListElement\":[{\"@type\":\"ListItem\",\"position\":1,\"name\":\"Vtiger\",\"item\":\"https:\/\/www.crm-open-source-software.com\/vtiger\/\"},{\"@type\":\"ListItem\",\"position\":2,\"name\":\"Vtiger\",\"item\":\"https:\/\/www.crm-open-source-software.com\/vtiger\/modules\/\"},{\"@type\":\"ListItem\",\"position\":3,\"name\":\"Vtiger SMS Notifier Module\"}]},{\"@type\":\"WebSite\",\"@id\":\"https:\/\/www.crm-open-source-software.com\/vtiger\/#website\",\"url\":\"https:\/\/www.crm-open-source-software.com\/vtiger\/\",\"name\":\"COSS\",\"description\":\"Open Source CRM Software\",\"potentialAction\":[{\"@type\":\"SearchAction\",\"target\":{\"@type\":\"EntryPoint\",\"urlTemplate\":\"https:\/\/www.crm-open-source-software.com\/vtiger\/?s={search_term_string}\"},\"query-input\":{\"@type\":\"PropertyValueSpecification\",\"valueRequired\":true,\"valueName\":\"search_term_string\"}}],\"inLanguage\":\"de\"}]}<\/script>\n<!-- \/ Yoast SEO plugin. -->","yoast_head_json":{"title":"Vtiger SMS Notifier \/ automatisierte SMS Benachrichtigungen","description":"Versenden Sie \u00fcber die CRM Software Vtiger automatisierte SMS an Ihre Interessenten und Kunden. Diese Funktion ist ausschlie\u00dflich durch Integration von dritt Anbieter m\u00f6glich.","robots":{"index":"index","follow":"follow","max-snippet":"max-snippet:-1","max-image-preview":"max-image-preview:large","max-video-preview":"max-video-preview:-1"},"canonical":"https:\/\/www.crm-open-source-software.com\/vtiger\/modules\/sms-notifier\/","og_locale":"de_DE","og_type":"article","og_title":"Vtiger SMS Notifier \/ automatisierte SMS Benachrichtigungen","og_description":"Versenden Sie \u00fcber die CRM Software Vtiger automatisierte SMS an Ihre Interessenten und Kunden. Diese Funktion ist ausschlie\u00dflich durch Integration von dritt Anbieter m\u00f6glich.","og_url":"https:\/\/www.crm-open-source-software.com\/vtiger\/modules\/sms-notifier\/","og_site_name":"COSS","article_modified_time":"2021-04-26T11:43:31+00:00","twitter_card":"summary_large_image","twitter_misc":{"Gesch\u00e4tzte Lesezeit":"1\u00a0Minute"},"schema":{"@context":"https:\/\/schema.org","@graph":[{"@type":"WebPage","@id":"https:\/\/www.crm-open-source-software.com\/vtiger\/modules\/sms-notifier\/","url":"https:\/\/www.crm-open-source-software.com\/vtiger\/modules\/sms-notifier\/","name":"Vtiger SMS Notifier \/ automatisierte SMS Benachrichtigungen","isPartOf":{"@id":"https:\/\/www.crm-open-source-software.com\/vtiger\/#website"},"primaryImageOfPage":{"@id":"https:\/\/www.crm-open-source-software.com\/vtiger\/modules\/sms-notifier\/#primaryimage"},"image":{"@id":"https:\/\/www.crm-open-source-software.com\/vtiger\/modules\/sms-notifier\/#primaryimage"},"thumbnailUrl":"https:\/\/www.crm-open-source-software.com\/vtiger\/app\/uploads\/2021\/03\/teaer_module.svg","datePublished":"2021-03-30T13:04:12+00:00","dateModified":"2021-04-26T11:43:31+00:00","description":"Versenden Sie \u00fcber die CRM Software Vtiger automatisierte SMS an Ihre Interessenten und Kunden. Diese Funktion ist ausschlie\u00dflich durch Integration von dritt Anbieter m\u00f6glich.","breadcrumb":{"@id":"https:\/\/www.crm-open-source-software.com\/vtiger\/modules\/sms-notifier\/#breadcrumb"},"inLanguage":"de","potentialAction":[{"@type":"ReadAction","target":["https:\/\/www.crm-open-source-software.com\/vtiger\/modules\/sms-notifier\/"]}]},{"@type":"ImageObject","inLanguage":"de","@id":"https:\/\/www.crm-open-source-software.com\/vtiger\/modules\/sms-notifier\/#primaryimage","url":"https:\/\/www.crm-open-source-software.com\/vtiger\/app\/uploads\/2021\/03\/teaer_module.svg","contentUrl":"https:\/\/www.crm-open-source-software.com\/vtiger\/app\/uploads\/2021\/03\/teaer_module.svg"},{"@type":"BreadcrumbList","@id":"https:\/\/www.crm-open-source-software.com\/vtiger\/modules\/sms-notifier\/#breadcrumb","itemListElement":[{"@type":"ListItem","position":1,"name":"Vtiger","item":"https:\/\/www.crm-open-source-software.com\/vtiger\/"},{"@type":"ListItem","position":2,"name":"Vtiger","item":"https:\/\/www.crm-open-source-software.com\/vtiger\/modules\/"},{"@type":"ListItem","position":3,"name":"Vtiger SMS Notifier Module"}]},{"@type":"WebSite","@id":"https:\/\/www.crm-open-source-software.com\/vtiger\/#website","url":"https:\/\/www.crm-open-source-software.com\/vtiger\/","name":"COSS","description":"Open Source CRM Software","potentialAction":[{"@type":"SearchAction","target":{"@type":"EntryPoint","urlTemplate":"https:\/\/www.crm-open-source-software.com\/vtiger\/?s={search_term_string}"},"query-input":{"@type":"PropertyValueSpecification","valueRequired":true,"valueName":"search_term_string"}}],"inLanguage":"de"}]}},"_links":{"self":[{"href":"https:\/\/www.crm-open-source-software.com\/vtiger\/wp-json\/wp\/v2\/pages\/1666","targetHints":{"allow":["GET"]}}],"collection":[{"href":"https:\/\/www.crm-open-source-software.com\/vtiger\/wp-json\/wp\/v2\/pages"}],"about":[{"href":"https:\/\/www.crm-open-source-software.com\/vtiger\/wp-json\/wp\/v2\/types\/page"}],"author":[{"embeddable":true,"href":"https:\/\/www.crm-open-source-software.com\/vtiger\/wp-json\/wp\/v2\/users\/10"}],"replies":[{"embeddable":true,"href":"https:\/\/www.crm-open-source-software.com\/vtiger\/wp-json\/wp\/v2\/comments?post=1666"}],"version-history":[{"count":4,"href":"https:\/\/www.crm-open-source-software.com\/vtiger\/wp-json\/wp\/v2\/pages\/1666\/revisions"}],"predecessor-version":[{"id":2917,"href":"https:\/\/www.crm-open-source-software.com\/vtiger\/wp-json\/wp\/v2\/pages\/1666\/revisions\/2917"}],"up":[{"embeddable":true,"href":"https:\/\/www.crm-open-source-software.com\/vtiger\/wp-json\/wp\/v2\/pages\/1428"}],"wp:featuredmedia":[{"embeddable":true,"href":"https:\/\/www.crm-open-source-software.com\/vtiger\/wp-json\/wp\/v2\/media\/940"}],"wp:attachment":[{"href":"https:\/\/www.crm-open-source-software.com\/vtiger\/wp-json\/wp\/v2\/media?parent=1666"}],"curies":[{"name":"wp","href":"https:\/\/api.w.org\/{rel}","templated":true}]}}