{"id":1670,"date":"2021-03-30T13:34:39","date_gmt":"2021-03-30T13:34:39","guid":{"rendered":"https:\/\/www.crm-open-source-software.com\/?page_id=1670"},"modified":"2021-04-26T11:44:01","modified_gmt":"2021-04-26T11:44:01","slug":"contacts","status":"publish","type":"page","link":"https:\/\/www.crm-open-source-software.com\/vtiger\/modules\/contacts\/","title":{"rendered":"Vtiger <i>Contacts Management<\/i> Module"},"content":{"rendered":"\n<div class=\"wp-block-cgb-block-my-block container\"><div class=\"container__inner\">\n<h2 class=\"wp-block-heading\">Beschreibung<\/h2>\n\n\n\n<p>Personen sind <strong>qualifizierte Kontakte<\/strong>, die gegeben falls bei Zugeh\u00f6rigkeit einem hinterlegten Firmendatensatz zugewiesen werden k\u00f6nnen.<\/p>\n\n\n\n<h2 class=\"wp-block-heading\">Nutzen<\/h2>\n\n\n\n<p>Im Modul Personen (in Englisch Contacts Module) werden alle erfassten <strong>Kontaktinformationen <\/strong>zentral verwaltet. \u00dcber die benutzerdefinierte Modulanpassung lassen sich Erscheinungsbild und Informationsmenge zur erfassten Person regeln und \u00fcbersichtlich im Dashboard anzeigen. Au\u00dferdem werden alle <strong>Aktivit\u00e4ten <\/strong>zur einzelnen Person gespeichert und entsprechend verkn\u00fcpft. So lassen sich \u00fcber Workflows Automatismen \u00fcber bestimmte Bedingungen managen. Ein <strong>Import <\/strong>von bestehenden Kontakte k\u00f6nnen \u00fcber CSV oder VCF Datei realisiert werden. Auch der Export von definierten Datens\u00e4tze kann umgesetzt werden.<\/p>\n\n\n\n<ul class=\"is--styled has--icon has--icon-check wp-block-list\"><li>Zentrale Erfassung und Verwaltung von Kontaktinformationen<\/li><li>Sofortige \u00dcbersicht aller Aktivit\u00e4ten mit dieser Person<\/li><li>Import \/ Export Funktion<\/li><\/ul>\n<\/div><\/div>\n\n\n\n<h2 class=\"has-text-align-center wp-block-heading\">Vorteile \/ Nachteile<\/h2>\n\n\n<div class=\"\" data-block-title=\"\" id=\"\">\n    <div class=\"b-pro-con container\">\n    <div class=\"b-pro-con__inner\">\n      <div class=\"b-pro-con__col is--pro\">\n                  <div class=\"b-pro-con__item \">\n            <div>\n              <div class=\"b-pro-con__item-title\">\n                \u00dcbersicht \n              <\/div>\n              <div>\n                sofort im Dashboard\n              <\/div>\n            <\/div>\n            <i class=\"fa fa-check\"><\/i>\n          <\/div>\n                  <div class=\"b-pro-con__item \">\n            <div>\n              <div class=\"b-pro-con__item-title\">\n                Modulanpassung\n              <\/div>\n              <div>\n                benutzerdefinierte M\u00f6glichkeiten\n              <\/div>\n            <\/div>\n            <i class=\"fa fa-check\"><\/i>\n          <\/div>\n                  <div class=\"b-pro-con__item \">\n            <div>\n              <div class=\"b-pro-con__item-title\">\n                Anpassbare Logiken\n              <\/div>\n              <div>\n                Abwicklung \u00fcber Workflows\n              <\/div>\n            <\/div>\n            <i class=\"fa fa-check\"><\/i>\n          <\/div>\n              <\/div>\n      <div class=\"b-pro-con__col is--con\">\n                  <div class=\"b-pro-con__item\">\n            <div>\n              <div class=\"b-pro-con__item-title\">\n                Einschr\u00e4nkung\n              <\/div>\n              <div>\n                nur mit einer Organisation verkn\u00fcpfbar\n              <\/div>\n            <\/div>\n            <i class=\"fa fa-minus\"><\/i>\n          <\/div>\n              <\/div>\n    <\/div>\n  <\/div>\n\n<\/div>\n\n\n\n<div class=\"wp-block-cgb-container-wide container\"><div class=\"container__wide\">\n<h2 class=\"wp-block-heading\">Screenshots<\/h2>\n\n\n\n<p>Ein guter \u00dcberblick des User Interface f\u00fcr das Modul Kontakte \/ Contacts werden hier aufgezeigt.<\/p>\n\n\n<div class=\"\" data-block-title=\"\" id=\"\">\n    <div class=\"container\">\n\n    <div class=\"b-image-slider\">\n      <ul class=\"b-image-slider__tabs nav nav-tabs\" id=\"nav-tab\" role=\"tablist\">\n                  <li class=\"nav-item\" role=\"presentation\">\n            <a class=\"nav-link is--no-anchor active\" data-toggle=\"tab\"\n               href=\"#tab_\" role=\"tab\" aria-controls=\"#tab_\"\n               aria-selected=\"true\"><\/a>\n          <\/li>\n              <\/ul>\n\n              <div class=\"b-image-slider__wrapper fade show active\" id=\"tab_\">\n          <div class=\"js-image-slider slick--overflowing\">\n                          <div class=\"b-image-slider__image\">\n                <img data-src=\"https:\/\/www.crm-open-source-software.com\/vtiger\/app\/uploads\/2021\/04\/vtiger-kontakte-detail-1.jpg\" alt=\"vtiger-kontakte-detail-1\" class=\"no-lazyload lazy\">\n                <div class=\"b-image-slider__caption\">\n                  \n                <\/div>\n              <\/div>\n                          <div class=\"b-image-slider__image\">\n                <img data-src=\"https:\/\/www.crm-open-source-software.com\/vtiger\/app\/uploads\/2021\/04\/vtiger-kontakte-oberflaeche-1.jpg\" alt=\"vtiger-kontakte-oberflaeche-1\" class=\"no-lazyload lazy\">\n                <div class=\"b-image-slider__caption\">\n                  \n                <\/div>\n              <\/div>\n                          <div class=\"b-image-slider__image\">\n                <img data-src=\"https:\/\/www.crm-open-source-software.com\/vtiger\/app\/uploads\/2021\/04\/vtiger-kontakte-detail-3.jpg\" alt=\"vtiger-kontakte-detail-3\" class=\"no-lazyload lazy\">\n                <div class=\"b-image-slider__caption\">\n                  \n                <\/div>\n              <\/div>\n                          <div class=\"b-image-slider__image\">\n                <img data-src=\"https:\/\/www.crm-open-source-software.com\/vtiger\/app\/uploads\/2021\/04\/vtiger-kontakte-detail-2.jpg\" alt=\"vtiger-kontakte-detail-2\" class=\"no-lazyload lazy\">\n                <div class=\"b-image-slider__caption\">\n                  \n                <\/div>\n              <\/div>\n                      <\/div>\n\n          <div class=\"b-image-slider__note\">\n            \n          <\/div>\n          <div class=\"slick-append-dots\"><\/div>\n        <\/div>\n\n      \n\n    <\/div>\n  <\/div>\n\n<\/div>\n<\/div><\/div>\n\n\n<div class=\"\" data-block-title=\"\" id=\"\">\n  <div class=\"b-reload-button js-reload-button-content\">\n\n          <div class=\"container js-reload-button-remove\">\n                  <div>\n            Klicken Sie auf den Button um zu erfahren, warum die Brainformatik GmbH genau der richtige deutschsprachiger Ansprechpartner f\u00fcr Sie ist!\n            <br><br>\n          <\/div>\n        \n        <button class=\"button js-reload-button\" data-block-id=\"3079\" style=\"background-color: #009911\">Vtiger &#038; Brainformatik GmbH<\/button>\n      <\/div>\n\n      <\/div>\n\n  <\/div>\n","protected":false},"excerpt":{"rendered":"<p>Vorteile \/ Nachteile<\/p>\n","protected":false},"author":10,"featured_media":940,"parent":1428,"menu_order":0,"comment_status":"closed","ping_status":"closed","template":"","meta":{"footnotes":""},"class_list":["post-1670","page","type-page","status-publish","has-post-thumbnail","hentry"],"yoast_head":"<!-- This site is optimized with the Yoast SEO plugin v27.5 - https:\/\/yoast.com\/product\/yoast-seo-wordpress\/ -->\n<title>Vtiger Contacts Management - zentrale Verwaltung Ihrer Kontakte<\/title>\n<meta name=\"description\" content=\"Das Contacts Modul von Vtiger ist das meistgenutze Modul, denn alle Informationsstr\u00e4nge gehen von einem Kontakt (Person) aus. Eine zentrale Verwaltung aller Kontakt ist f\u00fcr ein CRM System ma\u00dfgeblich. Import und Export Funktionen stehen ebenfalls zu Verf\u00fcgung.\" \/>\n<meta name=\"robots\" content=\"index, follow, max-snippet:-1, max-image-preview:large, max-video-preview:-1\" \/>\n<link rel=\"canonical\" href=\"https:\/\/www.crm-open-source-software.com\/vtiger\/modules\/contacts\/\" \/>\n<meta property=\"og:locale\" content=\"de_DE\" \/>\n<meta property=\"og:type\" content=\"article\" \/>\n<meta property=\"og:title\" content=\"Vtiger Contacts Management - zentrale Verwaltung Ihrer Kontakte\" \/>\n<meta property=\"og:description\" content=\"Das Contacts Modul von Vtiger ist das meistgenutze Modul, denn alle Informationsstr\u00e4nge gehen von einem Kontakt (Person) aus. Eine zentrale Verwaltung aller Kontakt ist f\u00fcr ein CRM System ma\u00dfgeblich. Import und Export Funktionen stehen ebenfalls zu Verf\u00fcgung.\" \/>\n<meta property=\"og:url\" content=\"https:\/\/www.crm-open-source-software.com\/vtiger\/modules\/contacts\/\" \/>\n<meta property=\"og:site_name\" content=\"COSS\" \/>\n<meta property=\"article:modified_time\" content=\"2021-04-26T11:44:01+00:00\" \/>\n<meta name=\"twitter:card\" content=\"summary_large_image\" \/>\n<meta name=\"twitter:label1\" content=\"Gesch\u00e4tzte Lesezeit\" \/>\n\t<meta name=\"twitter:data1\" content=\"1\u00a0Minute\" \/>\n<script type=\"application\/ld+json\" class=\"yoast-schema-graph\">{\"@context\":\"https:\\\/\\\/schema.org\",\"@graph\":[{\"@type\":\"WebPage\",\"@id\":\"https:\\\/\\\/www.crm-open-source-software.com\\\/vtiger\\\/modules\\\/contacts\\\/\",\"url\":\"https:\\\/\\\/www.crm-open-source-software.com\\\/vtiger\\\/modules\\\/contacts\\\/\",\"name\":\"Vtiger Contacts Management - zentrale Verwaltung Ihrer Kontakte\",\"isPartOf\":{\"@id\":\"https:\\\/\\\/www.crm-open-source-software.com\\\/vtiger\\\/#website\"},\"primaryImageOfPage\":{\"@id\":\"https:\\\/\\\/www.crm-open-source-software.com\\\/vtiger\\\/modules\\\/contacts\\\/#primaryimage\"},\"image\":{\"@id\":\"https:\\\/\\\/www.crm-open-source-software.com\\\/vtiger\\\/modules\\\/contacts\\\/#primaryimage\"},\"thumbnailUrl\":\"https:\\\/\\\/www.crm-open-source-software.com\\\/vtiger\\\/app\\\/uploads\\\/2021\\\/03\\\/teaer_module.svg\",\"datePublished\":\"2021-03-30T13:34:39+00:00\",\"dateModified\":\"2021-04-26T11:44:01+00:00\",\"description\":\"Das Contacts Modul von Vtiger ist das meistgenutze Modul, denn alle Informationsstr\u00e4nge gehen von einem Kontakt (Person) aus. Eine zentrale Verwaltung aller Kontakt ist f\u00fcr ein CRM System ma\u00dfgeblich. Import und Export Funktionen stehen ebenfalls zu Verf\u00fcgung.\",\"breadcrumb\":{\"@id\":\"https:\\\/\\\/www.crm-open-source-software.com\\\/vtiger\\\/modules\\\/contacts\\\/#breadcrumb\"},\"inLanguage\":\"de\",\"potentialAction\":[{\"@type\":\"ReadAction\",\"target\":[\"https:\\\/\\\/www.crm-open-source-software.com\\\/vtiger\\\/modules\\\/contacts\\\/\"]}]},{\"@type\":\"ImageObject\",\"inLanguage\":\"de\",\"@id\":\"https:\\\/\\\/www.crm-open-source-software.com\\\/vtiger\\\/modules\\\/contacts\\\/#primaryimage\",\"url\":\"https:\\\/\\\/www.crm-open-source-software.com\\\/vtiger\\\/app\\\/uploads\\\/2021\\\/03\\\/teaer_module.svg\",\"contentUrl\":\"https:\\\/\\\/www.crm-open-source-software.com\\\/vtiger\\\/app\\\/uploads\\\/2021\\\/03\\\/teaer_module.svg\"},{\"@type\":\"BreadcrumbList\",\"@id\":\"https:\\\/\\\/www.crm-open-source-software.com\\\/vtiger\\\/modules\\\/contacts\\\/#breadcrumb\",\"itemListElement\":[{\"@type\":\"ListItem\",\"position\":1,\"name\":\"Vtiger\",\"item\":\"https:\\\/\\\/www.crm-open-source-software.com\\\/vtiger\\\/\"},{\"@type\":\"ListItem\",\"position\":2,\"name\":\"Vtiger\",\"item\":\"https:\\\/\\\/www.crm-open-source-software.com\\\/vtiger\\\/modules\\\/\"},{\"@type\":\"ListItem\",\"position\":3,\"name\":\"Vtiger Contacts Management Module\"}]},{\"@type\":\"WebSite\",\"@id\":\"https:\\\/\\\/www.crm-open-source-software.com\\\/vtiger\\\/#website\",\"url\":\"https:\\\/\\\/www.crm-open-source-software.com\\\/vtiger\\\/\",\"name\":\"COSS\",\"description\":\"Open Source CRM Software\",\"potentialAction\":[{\"@type\":\"SearchAction\",\"target\":{\"@type\":\"EntryPoint\",\"urlTemplate\":\"https:\\\/\\\/www.crm-open-source-software.com\\\/vtiger\\\/?s={search_term_string}\"},\"query-input\":{\"@type\":\"PropertyValueSpecification\",\"valueRequired\":true,\"valueName\":\"search_term_string\"}}],\"inLanguage\":\"de\"}]}<\/script>\n<!-- \/ Yoast SEO plugin. -->","yoast_head_json":{"title":"Vtiger Contacts Management - zentrale Verwaltung Ihrer Kontakte","description":"Das Contacts Modul von Vtiger ist das meistgenutze Modul, denn alle Informationsstr\u00e4nge gehen von einem Kontakt (Person) aus. Eine zentrale Verwaltung aller Kontakt ist f\u00fcr ein CRM System ma\u00dfgeblich. Import und Export Funktionen stehen ebenfalls zu Verf\u00fcgung.","robots":{"index":"index","follow":"follow","max-snippet":"max-snippet:-1","max-image-preview":"max-image-preview:large","max-video-preview":"max-video-preview:-1"},"canonical":"https:\/\/www.crm-open-source-software.com\/vtiger\/modules\/contacts\/","og_locale":"de_DE","og_type":"article","og_title":"Vtiger Contacts Management - zentrale Verwaltung Ihrer Kontakte","og_description":"Das Contacts Modul von Vtiger ist das meistgenutze Modul, denn alle Informationsstr\u00e4nge gehen von einem Kontakt (Person) aus. Eine zentrale Verwaltung aller Kontakt ist f\u00fcr ein CRM System ma\u00dfgeblich. Import und Export Funktionen stehen ebenfalls zu Verf\u00fcgung.","og_url":"https:\/\/www.crm-open-source-software.com\/vtiger\/modules\/contacts\/","og_site_name":"COSS","article_modified_time":"2021-04-26T11:44:01+00:00","twitter_card":"summary_large_image","twitter_misc":{"Gesch\u00e4tzte Lesezeit":"1\u00a0Minute"},"schema":{"@context":"https:\/\/schema.org","@graph":[{"@type":"WebPage","@id":"https:\/\/www.crm-open-source-software.com\/vtiger\/modules\/contacts\/","url":"https:\/\/www.crm-open-source-software.com\/vtiger\/modules\/contacts\/","name":"Vtiger Contacts Management - zentrale Verwaltung Ihrer Kontakte","isPartOf":{"@id":"https:\/\/www.crm-open-source-software.com\/vtiger\/#website"},"primaryImageOfPage":{"@id":"https:\/\/www.crm-open-source-software.com\/vtiger\/modules\/contacts\/#primaryimage"},"image":{"@id":"https:\/\/www.crm-open-source-software.com\/vtiger\/modules\/contacts\/#primaryimage"},"thumbnailUrl":"https:\/\/www.crm-open-source-software.com\/vtiger\/app\/uploads\/2021\/03\/teaer_module.svg","datePublished":"2021-03-30T13:34:39+00:00","dateModified":"2021-04-26T11:44:01+00:00","description":"Das Contacts Modul von Vtiger ist das meistgenutze Modul, denn alle Informationsstr\u00e4nge gehen von einem Kontakt (Person) aus. Eine zentrale Verwaltung aller Kontakt ist f\u00fcr ein CRM System ma\u00dfgeblich. Import und Export Funktionen stehen ebenfalls zu Verf\u00fcgung.","breadcrumb":{"@id":"https:\/\/www.crm-open-source-software.com\/vtiger\/modules\/contacts\/#breadcrumb"},"inLanguage":"de","potentialAction":[{"@type":"ReadAction","target":["https:\/\/www.crm-open-source-software.com\/vtiger\/modules\/contacts\/"]}]},{"@type":"ImageObject","inLanguage":"de","@id":"https:\/\/www.crm-open-source-software.com\/vtiger\/modules\/contacts\/#primaryimage","url":"https:\/\/www.crm-open-source-software.com\/vtiger\/app\/uploads\/2021\/03\/teaer_module.svg","contentUrl":"https:\/\/www.crm-open-source-software.com\/vtiger\/app\/uploads\/2021\/03\/teaer_module.svg"},{"@type":"BreadcrumbList","@id":"https:\/\/www.crm-open-source-software.com\/vtiger\/modules\/contacts\/#breadcrumb","itemListElement":[{"@type":"ListItem","position":1,"name":"Vtiger","item":"https:\/\/www.crm-open-source-software.com\/vtiger\/"},{"@type":"ListItem","position":2,"name":"Vtiger","item":"https:\/\/www.crm-open-source-software.com\/vtiger\/modules\/"},{"@type":"ListItem","position":3,"name":"Vtiger Contacts Management Module"}]},{"@type":"WebSite","@id":"https:\/\/www.crm-open-source-software.com\/vtiger\/#website","url":"https:\/\/www.crm-open-source-software.com\/vtiger\/","name":"COSS","description":"Open Source CRM Software","potentialAction":[{"@type":"SearchAction","target":{"@type":"EntryPoint","urlTemplate":"https:\/\/www.crm-open-source-software.com\/vtiger\/?s={search_term_string}"},"query-input":{"@type":"PropertyValueSpecification","valueRequired":true,"valueName":"search_term_string"}}],"inLanguage":"de"}]}},"_links":{"self":[{"href":"https:\/\/www.crm-open-source-software.com\/vtiger\/wp-json\/wp\/v2\/pages\/1670","targetHints":{"allow":["GET"]}}],"collection":[{"href":"https:\/\/www.crm-open-source-software.com\/vtiger\/wp-json\/wp\/v2\/pages"}],"about":[{"href":"https:\/\/www.crm-open-source-software.com\/vtiger\/wp-json\/wp\/v2\/types\/page"}],"author":[{"embeddable":true,"href":"https:\/\/www.crm-open-source-software.com\/vtiger\/wp-json\/wp\/v2\/users\/10"}],"replies":[{"embeddable":true,"href":"https:\/\/www.crm-open-source-software.com\/vtiger\/wp-json\/wp\/v2\/comments?post=1670"}],"version-history":[{"count":5,"href":"https:\/\/www.crm-open-source-software.com\/vtiger\/wp-json\/wp\/v2\/pages\/1670\/revisions"}],"predecessor-version":[{"id":2918,"href":"https:\/\/www.crm-open-source-software.com\/vtiger\/wp-json\/wp\/v2\/pages\/1670\/revisions\/2918"}],"up":[{"embeddable":true,"href":"https:\/\/www.crm-open-source-software.com\/vtiger\/wp-json\/wp\/v2\/pages\/1428"}],"wp:featuredmedia":[{"embeddable":true,"href":"https:\/\/www.crm-open-source-software.com\/vtiger\/wp-json\/wp\/v2\/media\/940"}],"wp:attachment":[{"href":"https:\/\/www.crm-open-source-software.com\/vtiger\/wp-json\/wp\/v2\/media?parent=1670"}],"curies":[{"name":"wp","href":"https:\/\/api.w.org\/{rel}","templated":true}]}}