{"id":1708,"date":"2021-03-31T06:59:36","date_gmt":"2021-03-31T06:59:36","guid":{"rendered":"https:\/\/www.crm-open-source-software.com\/?page_id=1708"},"modified":"2021-04-26T11:52:53","modified_gmt":"2021-04-26T11:52:53","slug":"reports","status":"publish","type":"page","link":"https:\/\/www.crm-open-source-software.com\/vtiger\/modules\/reports\/","title":{"rendered":"Vtiger <i>Reports<\/i> Module"},"content":{"rendered":"\n<div class=\"wp-block-cgb-block-my-block container\"><div class=\"container__inner\">\n<h2 class=\"wp-block-heading\">Beschreibung<\/h2>\n\n\n\n<p>Berichte sind grafische und tabellarische Auswertungen von vordefinierten Kennzahlen aus dem CRM. Sie k\u00f6nnen gesch\u00e4fts\u00fcbergreifend erweitert werden.<\/p>\n\n\n\n<h2 class=\"wp-block-heading\">Nutzen<\/h2>\n\n\n\n<p>Das Modul Berichte (in Englisch \u2013 Reports Module) liefert <strong>definierbare Auswertungen<\/strong> f\u00fcr jegliche Datens\u00e4tze im CRM. Egal ob <strong>tabellarisch<\/strong>, <strong>grafisch<\/strong>, oder klassischer Bericht, egal ob \u00fcber Potenziale, Verk\u00e4ufe oder die Menge an Bestellungen etc., mithilfe der benutzerdefinierte Berichte (in Englisch \u2013 custom reports) in Vtiger lassen sich alle Datens\u00e4tze analysieren, nach Wunsch <strong>filtern\/verwalten<\/strong> und in unz\u00e4hlige <strong>Diagramme <\/strong>oder einfach in eine Liste packen. Zus\u00e4tzlich l\u00e4sst sich das Dashboard je nach Bedarf anpassen und die Berichte k\u00f6nnen just-in-time eingesehen werden. Es k\u00f6nnen sogar <strong>periodische Berichte<\/strong> erstellt werden, die automatisch im vorinstallierten Intervall ausgewertet und exportiert werden.<\/p>\n\n\n\n<ul class=\"is--styled wp-block-list\"><li>Sofortige \u00dcbersicht auf dem Dashboard<\/li><li>Grafische und tabellarische Ansicht<\/li><li>Abteilungsspezifisch<\/li><li>Gesch\u00e4fts\u00fcbergreifend<\/li><\/ul>\n<\/div><\/div>\n\n\n\n<h2 class=\"has-text-align-center wp-block-heading\">Vorteile \/ Nachteile<\/h2>\n\n\n<div class=\"\" data-block-title=\"\" id=\"\">\n    <div class=\"b-pro-con container\">\n    <div class=\"b-pro-con__inner\">\n      <div class=\"b-pro-con__col is--pro\">\n                  <div class=\"b-pro-con__item \">\n            <div>\n              <div class=\"b-pro-con__item-title\">\n                Benutzer\u00fcbergreifend\n              <\/div>\n              <div>\n                \n              <\/div>\n            <\/div>\n            <i class=\"fa fa-check\"><\/i>\n          <\/div>\n                  <div class=\"b-pro-con__item \">\n            <div>\n              <div class=\"b-pro-con__item-title\">\n                Modul\u00fcbergreifend\n              <\/div>\n              <div>\n                \n              <\/div>\n            <\/div>\n            <i class=\"fa fa-check\"><\/i>\n          <\/div>\n                  <div class=\"b-pro-con__item \">\n            <div>\n              <div class=\"b-pro-con__item-title\">\n                Export M\u00f6glichkeiten\n              <\/div>\n              <div>\n                \n              <\/div>\n            <\/div>\n            <i class=\"fa fa-check\"><\/i>\n          <\/div>\n                  <div class=\"b-pro-con__item \">\n            <div>\n              <div class=\"b-pro-con__item-title\">\n                Individuelle Konfiguration der Kennzahlen\n              <\/div>\n              <div>\n                \n              <\/div>\n            <\/div>\n            <i class=\"fa fa-check\"><\/i>\n          <\/div>\n                  <div class=\"b-pro-con__item \">\n            <div>\n              <div class=\"b-pro-con__item-title\">\n                Intervallbezogene Reports\n              <\/div>\n              <div>\n                \n              <\/div>\n            <\/div>\n            <i class=\"fa fa-check\"><\/i>\n          <\/div>\n              <\/div>\n      <div class=\"b-pro-con__col is--con\">\n                  <div class=\"b-pro-con__item\">\n            <div>\n              <div class=\"b-pro-con__item-title\">\n                Dashboard\n              <\/div>\n              <div>\n                nur grafische Berichte verkn\u00fcpfbar\n              <\/div>\n            <\/div>\n            <i class=\"fa fa-minus\"><\/i>\n          <\/div>\n              <\/div>\n    <\/div>\n  <\/div>\n\n<\/div>\n\n\n\n<div class=\"wp-block-cgb-container-wide container\"><div class=\"container__wide\">\n<h2 class=\"wp-block-heading\">Screenshots<\/h2>\n\n\n\n<p>Ein guter \u00dcberblick des User Interface f\u00fcr das Modul Berichte\/ Reports werden hier aufgezeigt.<\/p>\n\n\n<div class=\"\" data-block-title=\"\" id=\"\">\n    <div class=\"container\">\n\n    <div class=\"b-image-slider\">\n      <ul class=\"b-image-slider__tabs nav nav-tabs\" id=\"nav-tab\" role=\"tablist\">\n                  <li class=\"nav-item\" role=\"presentation\">\n            <a class=\"nav-link is--no-anchor active\" data-toggle=\"tab\"\n               href=\"#tab_\" role=\"tab\" aria-controls=\"#tab_\"\n               aria-selected=\"true\"><\/a>\n          <\/li>\n              <\/ul>\n\n              <div class=\"b-image-slider__wrapper fade show active\" id=\"tab_\">\n          <div class=\"js-image-slider slick--overflowing\">\n                          <div class=\"b-image-slider__image\">\n                <img data-src=\"https:\/\/www.crm-open-source-software.com\/vtiger\/app\/uploads\/2021\/04\/vtiger-berichte-oberflaeche-1.jpg\" alt=\"vtiger-berichte-oberflaeche-1\" class=\"no-lazyload lazy\">\n                <div class=\"b-image-slider__caption\">\n                  \n                <\/div>\n              <\/div>\n                          <div class=\"b-image-slider__image\">\n                <img data-src=\"https:\/\/www.crm-open-source-software.com\/vtiger\/app\/uploads\/2021\/04\/vtiger-berichte-detail-1.jpg\" alt=\"vtiger-berichte-detail-1\" class=\"no-lazyload lazy\">\n                <div class=\"b-image-slider__caption\">\n                  \n                <\/div>\n              <\/div>\n                      <\/div>\n\n          <div class=\"b-image-slider__note\">\n            \n          <\/div>\n          <div class=\"slick-append-dots\"><\/div>\n        <\/div>\n\n      \n\n    <\/div>\n  <\/div>\n\n<\/div>\n<\/div><\/div>\n\n\n<div class=\"\" data-block-title=\"\" id=\"\">\n  <div class=\"b-reload-button js-reload-button-content\">\n\n          <div class=\"container js-reload-button-remove\">\n                  <div>\n            Klicken Sie auf den Button um zu erfahren, warum die Brainformatik GmbH genau der richtige deutschsprachiger Ansprechpartner f\u00fcr Sie ist!\n            <br><br>\n          <\/div>\n        \n        <button class=\"button js-reload-button\" data-block-id=\"3079\" style=\"background-color: #009911\">Vtiger &#038; Brainformatik GmbH<\/button>\n      <\/div>\n\n      <\/div>\n\n  <\/div>\n","protected":false},"excerpt":{"rendered":"<p>Vorteile \/ Nachteile<\/p>\n","protected":false},"author":10,"featured_media":940,"parent":1428,"menu_order":0,"comment_status":"closed","ping_status":"closed","template":"","meta":{"footnotes":""},"class_list":["post-1708","page","type-page","status-publish","has-post-thumbnail","hentry"],"yoast_head":"<!-- This site is optimized with the Yoast SEO plugin v27.5 - https:\/\/yoast.com\/product\/yoast-seo-wordpress\/ -->\n<title>Vtiger Custom Reports Module - effektive Berichte erstellen<\/title>\n<meta name=\"description\" content=\"Mit dem Vtiger Custom Reports Module k\u00f6nnen einfache und komplexe Berichte erstellt werden. Hierbei stehen Ihnen alle Datenfelder zu Verf\u00fcgung. Damit k\u00f6nnen Abteilungsspezifische, wie auch Abteilungs\u00fcbergreifende Reports umgesetzt werden.\" \/>\n<meta name=\"robots\" content=\"index, follow, max-snippet:-1, max-image-preview:large, max-video-preview:-1\" \/>\n<link rel=\"canonical\" href=\"https:\/\/www.crm-open-source-software.com\/vtiger\/modules\/reports\/\" \/>\n<meta property=\"og:locale\" content=\"de_DE\" \/>\n<meta property=\"og:type\" content=\"article\" \/>\n<meta property=\"og:title\" content=\"Vtiger Custom Reports Module - effektive Berichte erstellen\" \/>\n<meta property=\"og:description\" content=\"Mit dem Vtiger Custom Reports Module k\u00f6nnen einfache und komplexe Berichte erstellt werden. Hierbei stehen Ihnen alle Datenfelder zu Verf\u00fcgung. Damit k\u00f6nnen Abteilungsspezifische, wie auch Abteilungs\u00fcbergreifende Reports umgesetzt werden.\" \/>\n<meta property=\"og:url\" content=\"https:\/\/www.crm-open-source-software.com\/vtiger\/modules\/reports\/\" \/>\n<meta property=\"og:site_name\" content=\"COSS\" \/>\n<meta property=\"article:modified_time\" content=\"2021-04-26T11:52:53+00:00\" \/>\n<meta name=\"twitter:card\" content=\"summary_large_image\" \/>\n<meta name=\"twitter:label1\" content=\"Gesch\u00e4tzte Lesezeit\" \/>\n\t<meta name=\"twitter:data1\" content=\"1\u00a0Minute\" \/>\n<script type=\"application\/ld+json\" class=\"yoast-schema-graph\">{\"@context\":\"https:\\\/\\\/schema.org\",\"@graph\":[{\"@type\":\"WebPage\",\"@id\":\"https:\\\/\\\/www.crm-open-source-software.com\\\/vtiger\\\/modules\\\/reports\\\/\",\"url\":\"https:\\\/\\\/www.crm-open-source-software.com\\\/vtiger\\\/modules\\\/reports\\\/\",\"name\":\"Vtiger Custom Reports Module - effektive Berichte erstellen\",\"isPartOf\":{\"@id\":\"https:\\\/\\\/www.crm-open-source-software.com\\\/vtiger\\\/#website\"},\"primaryImageOfPage\":{\"@id\":\"https:\\\/\\\/www.crm-open-source-software.com\\\/vtiger\\\/modules\\\/reports\\\/#primaryimage\"},\"image\":{\"@id\":\"https:\\\/\\\/www.crm-open-source-software.com\\\/vtiger\\\/modules\\\/reports\\\/#primaryimage\"},\"thumbnailUrl\":\"https:\\\/\\\/www.crm-open-source-software.com\\\/vtiger\\\/app\\\/uploads\\\/2021\\\/03\\\/teaer_module.svg\",\"datePublished\":\"2021-03-31T06:59:36+00:00\",\"dateModified\":\"2021-04-26T11:52:53+00:00\",\"description\":\"Mit dem Vtiger Custom Reports Module k\u00f6nnen einfache und komplexe Berichte erstellt werden. Hierbei stehen Ihnen alle Datenfelder zu Verf\u00fcgung. Damit k\u00f6nnen Abteilungsspezifische, wie auch Abteilungs\u00fcbergreifende Reports umgesetzt werden.\",\"breadcrumb\":{\"@id\":\"https:\\\/\\\/www.crm-open-source-software.com\\\/vtiger\\\/modules\\\/reports\\\/#breadcrumb\"},\"inLanguage\":\"de\",\"potentialAction\":[{\"@type\":\"ReadAction\",\"target\":[\"https:\\\/\\\/www.crm-open-source-software.com\\\/vtiger\\\/modules\\\/reports\\\/\"]}]},{\"@type\":\"ImageObject\",\"inLanguage\":\"de\",\"@id\":\"https:\\\/\\\/www.crm-open-source-software.com\\\/vtiger\\\/modules\\\/reports\\\/#primaryimage\",\"url\":\"https:\\\/\\\/www.crm-open-source-software.com\\\/vtiger\\\/app\\\/uploads\\\/2021\\\/03\\\/teaer_module.svg\",\"contentUrl\":\"https:\\\/\\\/www.crm-open-source-software.com\\\/vtiger\\\/app\\\/uploads\\\/2021\\\/03\\\/teaer_module.svg\"},{\"@type\":\"BreadcrumbList\",\"@id\":\"https:\\\/\\\/www.crm-open-source-software.com\\\/vtiger\\\/modules\\\/reports\\\/#breadcrumb\",\"itemListElement\":[{\"@type\":\"ListItem\",\"position\":1,\"name\":\"Vtiger\",\"item\":\"https:\\\/\\\/www.crm-open-source-software.com\\\/vtiger\\\/\"},{\"@type\":\"ListItem\",\"position\":2,\"name\":\"Vtiger\",\"item\":\"https:\\\/\\\/www.crm-open-source-software.com\\\/vtiger\\\/modules\\\/\"},{\"@type\":\"ListItem\",\"position\":3,\"name\":\"Vtiger Reports Module\"}]},{\"@type\":\"WebSite\",\"@id\":\"https:\\\/\\\/www.crm-open-source-software.com\\\/vtiger\\\/#website\",\"url\":\"https:\\\/\\\/www.crm-open-source-software.com\\\/vtiger\\\/\",\"name\":\"COSS\",\"description\":\"Open Source CRM Software\",\"potentialAction\":[{\"@type\":\"SearchAction\",\"target\":{\"@type\":\"EntryPoint\",\"urlTemplate\":\"https:\\\/\\\/www.crm-open-source-software.com\\\/vtiger\\\/?s={search_term_string}\"},\"query-input\":{\"@type\":\"PropertyValueSpecification\",\"valueRequired\":true,\"valueName\":\"search_term_string\"}}],\"inLanguage\":\"de\"}]}<\/script>\n<!-- \/ Yoast SEO plugin. -->","yoast_head_json":{"title":"Vtiger Custom Reports Module - effektive Berichte erstellen","description":"Mit dem Vtiger Custom Reports Module k\u00f6nnen einfache und komplexe Berichte erstellt werden. Hierbei stehen Ihnen alle Datenfelder zu Verf\u00fcgung. Damit k\u00f6nnen Abteilungsspezifische, wie auch Abteilungs\u00fcbergreifende Reports umgesetzt werden.","robots":{"index":"index","follow":"follow","max-snippet":"max-snippet:-1","max-image-preview":"max-image-preview:large","max-video-preview":"max-video-preview:-1"},"canonical":"https:\/\/www.crm-open-source-software.com\/vtiger\/modules\/reports\/","og_locale":"de_DE","og_type":"article","og_title":"Vtiger Custom Reports Module - effektive Berichte erstellen","og_description":"Mit dem Vtiger Custom Reports Module k\u00f6nnen einfache und komplexe Berichte erstellt werden. Hierbei stehen Ihnen alle Datenfelder zu Verf\u00fcgung. Damit k\u00f6nnen Abteilungsspezifische, wie auch Abteilungs\u00fcbergreifende Reports umgesetzt werden.","og_url":"https:\/\/www.crm-open-source-software.com\/vtiger\/modules\/reports\/","og_site_name":"COSS","article_modified_time":"2021-04-26T11:52:53+00:00","twitter_card":"summary_large_image","twitter_misc":{"Gesch\u00e4tzte Lesezeit":"1\u00a0Minute"},"schema":{"@context":"https:\/\/schema.org","@graph":[{"@type":"WebPage","@id":"https:\/\/www.crm-open-source-software.com\/vtiger\/modules\/reports\/","url":"https:\/\/www.crm-open-source-software.com\/vtiger\/modules\/reports\/","name":"Vtiger Custom Reports Module - effektive Berichte erstellen","isPartOf":{"@id":"https:\/\/www.crm-open-source-software.com\/vtiger\/#website"},"primaryImageOfPage":{"@id":"https:\/\/www.crm-open-source-software.com\/vtiger\/modules\/reports\/#primaryimage"},"image":{"@id":"https:\/\/www.crm-open-source-software.com\/vtiger\/modules\/reports\/#primaryimage"},"thumbnailUrl":"https:\/\/www.crm-open-source-software.com\/vtiger\/app\/uploads\/2021\/03\/teaer_module.svg","datePublished":"2021-03-31T06:59:36+00:00","dateModified":"2021-04-26T11:52:53+00:00","description":"Mit dem Vtiger Custom Reports Module k\u00f6nnen einfache und komplexe Berichte erstellt werden. Hierbei stehen Ihnen alle Datenfelder zu Verf\u00fcgung. Damit k\u00f6nnen Abteilungsspezifische, wie auch Abteilungs\u00fcbergreifende Reports umgesetzt werden.","breadcrumb":{"@id":"https:\/\/www.crm-open-source-software.com\/vtiger\/modules\/reports\/#breadcrumb"},"inLanguage":"de","potentialAction":[{"@type":"ReadAction","target":["https:\/\/www.crm-open-source-software.com\/vtiger\/modules\/reports\/"]}]},{"@type":"ImageObject","inLanguage":"de","@id":"https:\/\/www.crm-open-source-software.com\/vtiger\/modules\/reports\/#primaryimage","url":"https:\/\/www.crm-open-source-software.com\/vtiger\/app\/uploads\/2021\/03\/teaer_module.svg","contentUrl":"https:\/\/www.crm-open-source-software.com\/vtiger\/app\/uploads\/2021\/03\/teaer_module.svg"},{"@type":"BreadcrumbList","@id":"https:\/\/www.crm-open-source-software.com\/vtiger\/modules\/reports\/#breadcrumb","itemListElement":[{"@type":"ListItem","position":1,"name":"Vtiger","item":"https:\/\/www.crm-open-source-software.com\/vtiger\/"},{"@type":"ListItem","position":2,"name":"Vtiger","item":"https:\/\/www.crm-open-source-software.com\/vtiger\/modules\/"},{"@type":"ListItem","position":3,"name":"Vtiger Reports Module"}]},{"@type":"WebSite","@id":"https:\/\/www.crm-open-source-software.com\/vtiger\/#website","url":"https:\/\/www.crm-open-source-software.com\/vtiger\/","name":"COSS","description":"Open Source CRM Software","potentialAction":[{"@type":"SearchAction","target":{"@type":"EntryPoint","urlTemplate":"https:\/\/www.crm-open-source-software.com\/vtiger\/?s={search_term_string}"},"query-input":{"@type":"PropertyValueSpecification","valueRequired":true,"valueName":"search_term_string"}}],"inLanguage":"de"}]}},"_links":{"self":[{"href":"https:\/\/www.crm-open-source-software.com\/vtiger\/wp-json\/wp\/v2\/pages\/1708","targetHints":{"allow":["GET"]}}],"collection":[{"href":"https:\/\/www.crm-open-source-software.com\/vtiger\/wp-json\/wp\/v2\/pages"}],"about":[{"href":"https:\/\/www.crm-open-source-software.com\/vtiger\/wp-json\/wp\/v2\/types\/page"}],"author":[{"embeddable":true,"href":"https:\/\/www.crm-open-source-software.com\/vtiger\/wp-json\/wp\/v2\/users\/10"}],"replies":[{"embeddable":true,"href":"https:\/\/www.crm-open-source-software.com\/vtiger\/wp-json\/wp\/v2\/comments?post=1708"}],"version-history":[{"count":5,"href":"https:\/\/www.crm-open-source-software.com\/vtiger\/wp-json\/wp\/v2\/pages\/1708\/revisions"}],"predecessor-version":[{"id":2929,"href":"https:\/\/www.crm-open-source-software.com\/vtiger\/wp-json\/wp\/v2\/pages\/1708\/revisions\/2929"}],"up":[{"embeddable":true,"href":"https:\/\/www.crm-open-source-software.com\/vtiger\/wp-json\/wp\/v2\/pages\/1428"}],"wp:featuredmedia":[{"embeddable":true,"href":"https:\/\/www.crm-open-source-software.com\/vtiger\/wp-json\/wp\/v2\/media\/940"}],"wp:attachment":[{"href":"https:\/\/www.crm-open-source-software.com\/vtiger\/wp-json\/wp\/v2\/media?parent=1708"}],"curies":[{"name":"wp","href":"https:\/\/api.w.org\/{rel}","templated":true}]}}