{"id":1834,"date":"2021-04-01T10:39:17","date_gmt":"2021-04-01T10:39:17","guid":{"rendered":"https:\/\/www.crm-open-source-software.com\/?page_id=1834"},"modified":"2021-04-26T12:07:38","modified_gmt":"2021-04-26T12:07:38","slug":"pdf-maker","status":"publish","type":"page","link":"https:\/\/www.crm-open-source-software.com\/vtiger\/extensions\/pdf-maker\/","title":{"rendered":"Vtiger <i>PDF Maker Professional<\/i> Extension Module"},"content":{"rendered":"\n<div class=\"wp-block-cgb-block-my-block container\"><div class=\"container__inner\">\n<h2 class=\"wp-block-heading\">Beschreibung<\/h2>\n\n\n\n<p>Mit dem PDF Maker Professional Extension Module k\u00f6nnen Sie <strong>schneller, einfacher <\/strong>und vor allem umfangreichere PDFs erstellen. Sie k\u00f6nnen ihr <strong>eigenes Layout <\/strong>kreieren und alle Vtiger CRM Felder, auch die <strong>benutzerdefinierten Felder<\/strong>, verwenden. Stapeldruck aus der Listenansicht ist ebenso m\u00f6glich, wie das Erstellen von Workflows, die <strong>automatisiert PDF-Dateianh\u00e4nge<\/strong> verschicken. Speichern Sie PDF-Dateien als Dokumente. Nutzen Sie ebenfalls die kompatible Erweiterung PDF Signatur. F\u00fcgen Sie <strong>Hintergrundgrafiken<\/strong> ein, oder gestalten Sie <strong>Produktbl\u00f6cke<\/strong>, die <strong>dynamisch und automatisiert<\/strong> bef\u00fcllt werden k\u00f6nnen.<\/p>\n\n\n\n<h2 class=\"wp-block-heading\">Features \/ Funktionen<\/h2>\n\n\n\n<ul class=\"is--styled has--icon has--icon-check wp-block-list\"><li>PDF-Datei mit eigenem Layout erzeugen<\/li><li>PDF-Datei per E-Mail aus der Detailansicht senden<\/li><li>PDF-Datei als Dokument speichern<\/li><li>Vorlage zusammenf\u00fchren<\/li><li>Stapeldruck aus ListView<\/li><li>\u00dcberschreibbare Vorlagen f\u00fcr Gesch\u00e4ftsbriefe<\/li><li>Verwenden Sie Workflow, um E-Mails mit PDF-Datei automatisch zu versenden<\/li><li>Option zur Verwendung von Font Awesome<\/li><li>PDF-Signatur-Kompatibilit\u00e4t<\/li><li>und vieles mehr<\/li><\/ul>\n<\/div><\/div>\n\n\n\n<div class=\"wp-block-cgb-block-my-block container\"><div class=\"container__inner\">\n<h2 class=\"has-text-align-center wp-block-heading\">Screenshots<\/h2>\n<\/div><\/div>\n\n\n\n<div class=\"wp-block-cgb-container-wide container\"><div class=\"container__wide\"><div class=\"\" data-block-title=\"\" id=\"\">\n    <div class=\"container\">\n\n    <div class=\"b-image-slider\">\n      <ul class=\"b-image-slider__tabs nav nav-tabs\" id=\"nav-tab\" role=\"tablist\">\n                  <li class=\"nav-item\" role=\"presentation\">\n            <a class=\"nav-link is--no-anchor active\" data-toggle=\"tab\"\n               href=\"#tab_\" role=\"tab\" aria-controls=\"#tab_\"\n               aria-selected=\"true\"><\/a>\n          <\/li>\n              <\/ul>\n\n              <div class=\"b-image-slider__wrapper fade show active\" id=\"tab_\">\n          <div class=\"js-image-slider slick--overflowing\">\n                          <div class=\"b-image-slider__image\">\n                <img data-src=\"https:\/\/www.crm-open-source-software.com\/vtiger\/app\/uploads\/2021\/04\/vtiger-pdf-maker-oberflaeche-1.jpg\" alt=\"vtiger-pdf-maker-oberflaeche-1\" class=\"no-lazyload lazy\">\n                <div class=\"b-image-slider__caption\">\n                  \n                <\/div>\n              <\/div>\n                          <div class=\"b-image-slider__image\">\n                <img data-src=\"https:\/\/www.crm-open-source-software.com\/vtiger\/app\/uploads\/2021\/04\/vtiger-pdf-maker-detail-1.jpg\" alt=\"vtiger-pdf-maker-detail-1\" class=\"no-lazyload lazy\">\n                <div class=\"b-image-slider__caption\">\n                  \n                <\/div>\n              <\/div>\n                      <\/div>\n\n          <div class=\"b-image-slider__note\">\n            \n          <\/div>\n          <div class=\"slick-append-dots\"><\/div>\n        <\/div>\n\n      \n\n    <\/div>\n  <\/div>\n\n<\/div>\n<\/div><\/div>\n\n\n\n<div class=\"wp-block-cgb-block-my-block container\"><div class=\"container__inner\">\n<p class=\"has-small-font-size\">Die mit Sternchen (*) gekennzeichneten Links sind Provisions-Links, auch Affiliate-Links genannt. Wenn Sie auf einen solchen Link klicken und auf der Zielseite etwas kaufen, bekommen wir von unserem Vtiger Partner eine Vermittlerprovision. Es entstehen f\u00fcr Sie keine Nachteile beim Kauf oder Preis.<\/p>\n<\/div><\/div>\n\n\n<div class=\"\" data-block-title=\"\" id=\"\">\n  <div class=\"b-reload-button js-reload-button-content\">\n\n          <div class=\"container js-reload-button-remove\">\n                  <div>\n            Klicken Sie auf den Button um zu erfahren, warum die Brainformatik GmbH genau der richtige deutschsprachiger Ansprechpartner f\u00fcr Sie ist!\n            <br><br>\n          <\/div>\n        \n        <button class=\"button js-reload-button\" data-block-id=\"3079\" style=\"background-color: #009911\">Vtiger &#038; Brainformatik GmbH<\/button>\n      <\/div>\n\n      <\/div>\n\n  <\/div>\n","protected":false},"excerpt":{"rendered":"","protected":false},"author":10,"featured_media":1191,"parent":1437,"menu_order":0,"comment_status":"closed","ping_status":"closed","template":"","meta":{"footnotes":""},"class_list":["post-1834","page","type-page","status-publish","has-post-thumbnail","hentry"],"yoast_head":"<!-- This site is optimized with the Yoast SEO plugin v27.5 - https:\/\/yoast.com\/product\/yoast-seo-wordpress\/ -->\n<title>Vtiger PDF Maker Professional Extension Module in DE &amp; EN<\/title>\n<meta name=\"description\" content=\"Sie w\u00fcnschen mehr Individualit\u00e4ten in der PDF Erstellung? Die L\u00f6sung ist das PDF Maker Professional Extension Module f\u00fcr die Vtiger Open Source CRM Software. Wir bieten Ihnen exklusiv die komplette deutsche Version mit deutscher Anleitung hier an.\" \/>\n<meta name=\"robots\" content=\"index, follow, max-snippet:-1, max-image-preview:large, max-video-preview:-1\" \/>\n<link rel=\"canonical\" href=\"https:\/\/www.crm-open-source-software.com\/vtiger\/extensions\/pdf-maker\/\" \/>\n<meta property=\"og:locale\" content=\"de_DE\" \/>\n<meta property=\"og:type\" content=\"article\" \/>\n<meta property=\"og:title\" content=\"Vtiger PDF Maker Professional Extension Module in DE &amp; EN\" \/>\n<meta property=\"og:description\" content=\"Sie w\u00fcnschen mehr Individualit\u00e4ten in der PDF Erstellung? Die L\u00f6sung ist das PDF Maker Professional Extension Module f\u00fcr die Vtiger Open Source CRM Software. Wir bieten Ihnen exklusiv die komplette deutsche Version mit deutscher Anleitung hier an.\" \/>\n<meta property=\"og:url\" content=\"https:\/\/www.crm-open-source-software.com\/vtiger\/extensions\/pdf-maker\/\" \/>\n<meta property=\"og:site_name\" content=\"COSS\" \/>\n<meta property=\"article:modified_time\" content=\"2021-04-26T12:07:38+00:00\" \/>\n<meta name=\"twitter:card\" content=\"summary_large_image\" \/>\n<meta name=\"twitter:label1\" content=\"Gesch\u00e4tzte Lesezeit\" \/>\n\t<meta name=\"twitter:data1\" content=\"1\u00a0Minute\" \/>\n<script type=\"application\/ld+json\" class=\"yoast-schema-graph\">{\"@context\":\"https:\\\/\\\/schema.org\",\"@graph\":[{\"@type\":\"WebPage\",\"@id\":\"https:\\\/\\\/www.crm-open-source-software.com\\\/vtiger\\\/extensions\\\/pdf-maker\\\/\",\"url\":\"https:\\\/\\\/www.crm-open-source-software.com\\\/vtiger\\\/extensions\\\/pdf-maker\\\/\",\"name\":\"Vtiger PDF Maker Professional Extension Module in DE & EN\",\"isPartOf\":{\"@id\":\"https:\\\/\\\/www.crm-open-source-software.com\\\/vtiger\\\/#website\"},\"primaryImageOfPage\":{\"@id\":\"https:\\\/\\\/www.crm-open-source-software.com\\\/vtiger\\\/extensions\\\/pdf-maker\\\/#primaryimage\"},\"image\":{\"@id\":\"https:\\\/\\\/www.crm-open-source-software.com\\\/vtiger\\\/extensions\\\/pdf-maker\\\/#primaryimage\"},\"thumbnailUrl\":\"https:\\\/\\\/www.crm-open-source-software.com\\\/vtiger\\\/app\\\/uploads\\\/2021\\\/03\\\/Teaser_extensions.svg\",\"datePublished\":\"2021-04-01T10:39:17+00:00\",\"dateModified\":\"2021-04-26T12:07:38+00:00\",\"description\":\"Sie w\u00fcnschen mehr Individualit\u00e4ten in der PDF Erstellung? Die L\u00f6sung ist das PDF Maker Professional Extension Module f\u00fcr die Vtiger Open Source CRM Software. Wir bieten Ihnen exklusiv die komplette deutsche Version mit deutscher Anleitung hier an.\",\"breadcrumb\":{\"@id\":\"https:\\\/\\\/www.crm-open-source-software.com\\\/vtiger\\\/extensions\\\/pdf-maker\\\/#breadcrumb\"},\"inLanguage\":\"de\",\"potentialAction\":[{\"@type\":\"ReadAction\",\"target\":[\"https:\\\/\\\/www.crm-open-source-software.com\\\/vtiger\\\/extensions\\\/pdf-maker\\\/\"]}]},{\"@type\":\"ImageObject\",\"inLanguage\":\"de\",\"@id\":\"https:\\\/\\\/www.crm-open-source-software.com\\\/vtiger\\\/extensions\\\/pdf-maker\\\/#primaryimage\",\"url\":\"https:\\\/\\\/www.crm-open-source-software.com\\\/vtiger\\\/app\\\/uploads\\\/2021\\\/03\\\/Teaser_extensions.svg\",\"contentUrl\":\"https:\\\/\\\/www.crm-open-source-software.com\\\/vtiger\\\/app\\\/uploads\\\/2021\\\/03\\\/Teaser_extensions.svg\"},{\"@type\":\"BreadcrumbList\",\"@id\":\"https:\\\/\\\/www.crm-open-source-software.com\\\/vtiger\\\/extensions\\\/pdf-maker\\\/#breadcrumb\",\"itemListElement\":[{\"@type\":\"ListItem\",\"position\":1,\"name\":\"Vtiger\",\"item\":\"https:\\\/\\\/www.crm-open-source-software.com\\\/vtiger\\\/\"},{\"@type\":\"ListItem\",\"position\":2,\"name\":\"Vtiger Extensions Module\",\"item\":\"https:\\\/\\\/www.crm-open-source-software.com\\\/vtiger\\\/extensions\\\/\"},{\"@type\":\"ListItem\",\"position\":3,\"name\":\"Vtiger PDF Maker Professional Extension Module\"}]},{\"@type\":\"WebSite\",\"@id\":\"https:\\\/\\\/www.crm-open-source-software.com\\\/vtiger\\\/#website\",\"url\":\"https:\\\/\\\/www.crm-open-source-software.com\\\/vtiger\\\/\",\"name\":\"COSS\",\"description\":\"Open Source CRM Software\",\"potentialAction\":[{\"@type\":\"SearchAction\",\"target\":{\"@type\":\"EntryPoint\",\"urlTemplate\":\"https:\\\/\\\/www.crm-open-source-software.com\\\/vtiger\\\/?s={search_term_string}\"},\"query-input\":{\"@type\":\"PropertyValueSpecification\",\"valueRequired\":true,\"valueName\":\"search_term_string\"}}],\"inLanguage\":\"de\"}]}<\/script>\n<!-- \/ Yoast SEO plugin. -->","yoast_head_json":{"title":"Vtiger PDF Maker Professional Extension Module in DE & EN","description":"Sie w\u00fcnschen mehr Individualit\u00e4ten in der PDF Erstellung? Die L\u00f6sung ist das PDF Maker Professional Extension Module f\u00fcr die Vtiger Open Source CRM Software. Wir bieten Ihnen exklusiv die komplette deutsche Version mit deutscher Anleitung hier an.","robots":{"index":"index","follow":"follow","max-snippet":"max-snippet:-1","max-image-preview":"max-image-preview:large","max-video-preview":"max-video-preview:-1"},"canonical":"https:\/\/www.crm-open-source-software.com\/vtiger\/extensions\/pdf-maker\/","og_locale":"de_DE","og_type":"article","og_title":"Vtiger PDF Maker Professional Extension Module in DE & EN","og_description":"Sie w\u00fcnschen mehr Individualit\u00e4ten in der PDF Erstellung? Die L\u00f6sung ist das PDF Maker Professional Extension Module f\u00fcr die Vtiger Open Source CRM Software. Wir bieten Ihnen exklusiv die komplette deutsche Version mit deutscher Anleitung hier an.","og_url":"https:\/\/www.crm-open-source-software.com\/vtiger\/extensions\/pdf-maker\/","og_site_name":"COSS","article_modified_time":"2021-04-26T12:07:38+00:00","twitter_card":"summary_large_image","twitter_misc":{"Gesch\u00e4tzte Lesezeit":"1\u00a0Minute"},"schema":{"@context":"https:\/\/schema.org","@graph":[{"@type":"WebPage","@id":"https:\/\/www.crm-open-source-software.com\/vtiger\/extensions\/pdf-maker\/","url":"https:\/\/www.crm-open-source-software.com\/vtiger\/extensions\/pdf-maker\/","name":"Vtiger PDF Maker Professional Extension Module in DE & EN","isPartOf":{"@id":"https:\/\/www.crm-open-source-software.com\/vtiger\/#website"},"primaryImageOfPage":{"@id":"https:\/\/www.crm-open-source-software.com\/vtiger\/extensions\/pdf-maker\/#primaryimage"},"image":{"@id":"https:\/\/www.crm-open-source-software.com\/vtiger\/extensions\/pdf-maker\/#primaryimage"},"thumbnailUrl":"https:\/\/www.crm-open-source-software.com\/vtiger\/app\/uploads\/2021\/03\/Teaser_extensions.svg","datePublished":"2021-04-01T10:39:17+00:00","dateModified":"2021-04-26T12:07:38+00:00","description":"Sie w\u00fcnschen mehr Individualit\u00e4ten in der PDF Erstellung? Die L\u00f6sung ist das PDF Maker Professional Extension Module f\u00fcr die Vtiger Open Source CRM Software. Wir bieten Ihnen exklusiv die komplette deutsche Version mit deutscher Anleitung hier an.","breadcrumb":{"@id":"https:\/\/www.crm-open-source-software.com\/vtiger\/extensions\/pdf-maker\/#breadcrumb"},"inLanguage":"de","potentialAction":[{"@type":"ReadAction","target":["https:\/\/www.crm-open-source-software.com\/vtiger\/extensions\/pdf-maker\/"]}]},{"@type":"ImageObject","inLanguage":"de","@id":"https:\/\/www.crm-open-source-software.com\/vtiger\/extensions\/pdf-maker\/#primaryimage","url":"https:\/\/www.crm-open-source-software.com\/vtiger\/app\/uploads\/2021\/03\/Teaser_extensions.svg","contentUrl":"https:\/\/www.crm-open-source-software.com\/vtiger\/app\/uploads\/2021\/03\/Teaser_extensions.svg"},{"@type":"BreadcrumbList","@id":"https:\/\/www.crm-open-source-software.com\/vtiger\/extensions\/pdf-maker\/#breadcrumb","itemListElement":[{"@type":"ListItem","position":1,"name":"Vtiger","item":"https:\/\/www.crm-open-source-software.com\/vtiger\/"},{"@type":"ListItem","position":2,"name":"Vtiger Extensions Module","item":"https:\/\/www.crm-open-source-software.com\/vtiger\/extensions\/"},{"@type":"ListItem","position":3,"name":"Vtiger PDF Maker Professional Extension Module"}]},{"@type":"WebSite","@id":"https:\/\/www.crm-open-source-software.com\/vtiger\/#website","url":"https:\/\/www.crm-open-source-software.com\/vtiger\/","name":"COSS","description":"Open Source CRM Software","potentialAction":[{"@type":"SearchAction","target":{"@type":"EntryPoint","urlTemplate":"https:\/\/www.crm-open-source-software.com\/vtiger\/?s={search_term_string}"},"query-input":{"@type":"PropertyValueSpecification","valueRequired":true,"valueName":"search_term_string"}}],"inLanguage":"de"}]}},"_links":{"self":[{"href":"https:\/\/www.crm-open-source-software.com\/vtiger\/wp-json\/wp\/v2\/pages\/1834","targetHints":{"allow":["GET"]}}],"collection":[{"href":"https:\/\/www.crm-open-source-software.com\/vtiger\/wp-json\/wp\/v2\/pages"}],"about":[{"href":"https:\/\/www.crm-open-source-software.com\/vtiger\/wp-json\/wp\/v2\/types\/page"}],"author":[{"embeddable":true,"href":"https:\/\/www.crm-open-source-software.com\/vtiger\/wp-json\/wp\/v2\/users\/10"}],"replies":[{"embeddable":true,"href":"https:\/\/www.crm-open-source-software.com\/vtiger\/wp-json\/wp\/v2\/comments?post=1834"}],"version-history":[{"count":56,"href":"https:\/\/www.crm-open-source-software.com\/vtiger\/wp-json\/wp\/v2\/pages\/1834\/revisions"}],"predecessor-version":[{"id":2937,"href":"https:\/\/www.crm-open-source-software.com\/vtiger\/wp-json\/wp\/v2\/pages\/1834\/revisions\/2937"}],"up":[{"embeddable":true,"href":"https:\/\/www.crm-open-source-software.com\/vtiger\/wp-json\/wp\/v2\/pages\/1437"}],"wp:featuredmedia":[{"embeddable":true,"href":"https:\/\/www.crm-open-source-software.com\/vtiger\/wp-json\/wp\/v2\/media\/1191"}],"wp:attachment":[{"href":"https:\/\/www.crm-open-source-software.com\/vtiger\/wp-json\/wp\/v2\/media?parent=1834"}],"curies":[{"name":"wp","href":"https:\/\/api.w.org\/{rel}","templated":true}]}}