{"id":2086,"date":"2021-04-07T11:09:09","date_gmt":"2021-04-07T11:09:09","guid":{"rendered":"https:\/\/www.crm-open-source-software.com\/?page_id=2086"},"modified":"2021-04-26T12:21:47","modified_gmt":"2021-04-26T12:21:47","slug":"kanban-view","status":"publish","type":"page","link":"https:\/\/www.crm-open-source-software.com\/vtiger\/extensions\/kanban-view\/","title":{"rendered":"Vtiger <i>Kanban View<\/i> Extension Module"},"content":{"rendered":"\n<div class=\"wp-block-cgb-block-my-block container\"><div class=\"container__inner\">\n<h2 class=\"wp-block-heading\">Beschreibung<\/h2>\n\n\n\n<p>Mit der Extension Kanban View erh\u00e4lt man die <strong>Drag &amp; Drop-Funktionalit\u00e4t<\/strong> f\u00fcr die Vtiger Open Source CRM Software. Die Kanban-Ansicht zeigt Datens\u00e4tze in beweglichen K\u00e4rtchen mit der Option, den Inhalt von einem zum anderen zu verschieben. Das \u00c4ndern von Picklistenwerten erfolgt durch Erfassen und Verschieben von Datens\u00e4tzen in andere Bereiche (Drag &amp; Drop). Es gibt <strong>viele M\u00f6glichkeiten<\/strong> die Kanban-Ansicht zu verwenden.<\/p>\n\n\n\n<h2 class=\"wp-block-heading\">Features \/ Funktionen<\/h2>\n\n\n\n<ul class=\"is--styled has--icon has--icon-check wp-block-list\"><li>Listenansicht in Kanban-Ansicht anzeigen lassen<\/li><li>Drag &amp; Drop zum Aktualisieren<\/li><li>Aktualisierungen \u00fcber die Schaltfl\u00e4che Schnellansicht anzeigen<\/li><li>Bearbeiten von Datens\u00e4tzen \u00fcber die Schaltfl\u00e4che Bearbeiten direkt aus Kanban<\/li><li>Unterst\u00fctzt den Wechsel zwischen Listen<\/li><li>Unterst\u00fctzt Standard- und benutzerdefinierte Filter<\/li><li>Schnellfilter, Datens\u00e4tze und Zuordnungen anzeigen<\/li><li>Header werden angezeigt<\/li><li>Anzeige von Benutzerfotos nach zugeordneten Benutzern<\/li><li>Unterst\u00fctzt farbliche Einf\u00e4rbungen entsprechend den Picklisten-Einstellungen<\/li><li>Kompatibel mit Standard- und anderen Modulen<\/li><\/ul>\n<\/div><\/div>\n\n\n\n<div class=\"wp-block-cgb-block-my-block container\"><div class=\"container__inner\">\n<h2 class=\"has-text-align-center wp-block-heading\">Screenshots<\/h2>\n<\/div><\/div>\n\n\n\n<div class=\"wp-block-cgb-container-wide container\"><div class=\"container__wide\"><div class=\"\" data-block-title=\"\" id=\"\">\n    <div class=\"container\">\n\n    <div class=\"b-image-slider\">\n      <ul class=\"b-image-slider__tabs nav nav-tabs\" id=\"nav-tab\" role=\"tablist\">\n                  <li class=\"nav-item\" role=\"presentation\">\n            <a class=\"nav-link is--no-anchor active\" data-toggle=\"tab\"\n               href=\"#tab_\" role=\"tab\" aria-controls=\"#tab_\"\n               aria-selected=\"true\"><\/a>\n          <\/li>\n              <\/ul>\n\n              <div class=\"b-image-slider__wrapper fade show active\" id=\"tab_\">\n          <div class=\"js-image-slider slick--overflowing\">\n                          <div class=\"b-image-slider__image\">\n                <img data-src=\"https:\/\/www.crm-open-source-software.com\/vtiger\/app\/uploads\/2021\/04\/vtiger-kanban-view-oberflaeche-1.jpg\" alt=\"vtiger-kanban-view-oberflaeche-1\" class=\"no-lazyload lazy\">\n                <div class=\"b-image-slider__caption\">\n                  \n                <\/div>\n              <\/div>\n                      <\/div>\n\n          <div class=\"b-image-slider__note\">\n            \n          <\/div>\n          <div class=\"slick-append-dots\"><\/div>\n        <\/div>\n\n      \n\n    <\/div>\n  <\/div>\n\n<\/div>\n<\/div><\/div>\n\n\n\n<div class=\"wp-block-cgb-block-my-block container\"><div class=\"container__inner\">\n<p class=\"has-small-font-size\">Die mit Sternchen (*) gekennzeichneten Links sind Provisions-Links, auch Affiliate-Links genannt. Wenn Sie auf einen solchen Link klicken und auf der Zielseite etwas kaufen, bekommen wir von unserem Vtiger Partner eine Vermittlerprovision. Es entstehen f\u00fcr Sie keine Nachteile beim Kauf oder Preis.<\/p>\n<\/div><\/div>\n\n\n<div class=\"\" data-block-title=\"\" id=\"\">\n  <div class=\"b-reload-button js-reload-button-content\">\n\n          <div class=\"container js-reload-button-remove\">\n                  <div>\n            Klicken Sie auf den Button um zu erfahren, warum die Brainformatik GmbH genau der richtige deutschsprachiger Ansprechpartner f\u00fcr Sie ist!\n            <br><br>\n          <\/div>\n        \n        <button class=\"button js-reload-button\" data-block-id=\"3079\" style=\"background-color: #009911\">Vtiger &#038; Brainformatik GmbH<\/button>\n      <\/div>\n\n      <\/div>\n\n  <\/div>\n","protected":false},"excerpt":{"rendered":"","protected":false},"author":10,"featured_media":1191,"parent":1437,"menu_order":0,"comment_status":"closed","ping_status":"closed","template":"","meta":{"footnotes":""},"class_list":["post-2086","page","type-page","status-publish","has-post-thumbnail","hentry"],"yoast_head":"<!-- This site is optimized with the Yoast SEO plugin v26.3 - https:\/\/yoast.com\/wordpress\/plugins\/seo\/ -->\n<title>Vtiger Open Source CRM Kanban View Extension Module<\/title>\n<meta name=\"description\" content=\"Mit der Extension Kanban View erh\u00e4lt man die Drag &amp; Drop-Funktionalit\u00e4t f\u00fcr die Vtiger Open Source CRM Software. Weitere Features finden Sie hier, sowie exklusiv die komplette deutsche Version mit deutscher Anleitung.\" \/>\n<meta name=\"robots\" content=\"index, follow, max-snippet:-1, max-image-preview:large, max-video-preview:-1\" \/>\n<link rel=\"canonical\" href=\"https:\/\/www.crm-open-source-software.com\/vtiger\/extensions\/kanban-view\/\" \/>\n<meta property=\"og:locale\" content=\"de_DE\" \/>\n<meta property=\"og:type\" content=\"article\" \/>\n<meta property=\"og:title\" content=\"Vtiger Open Source CRM Kanban View Extension Module\" \/>\n<meta property=\"og:description\" content=\"Mit der Extension Kanban View erh\u00e4lt man die Drag &amp; Drop-Funktionalit\u00e4t f\u00fcr die Vtiger Open Source CRM Software. Weitere Features finden Sie hier, sowie exklusiv die komplette deutsche Version mit deutscher Anleitung.\" \/>\n<meta property=\"og:url\" content=\"https:\/\/www.crm-open-source-software.com\/vtiger\/extensions\/kanban-view\/\" \/>\n<meta property=\"og:site_name\" content=\"COSS\" \/>\n<meta property=\"article:modified_time\" content=\"2021-04-26T12:21:47+00:00\" \/>\n<meta name=\"twitter:card\" content=\"summary_large_image\" \/>\n<meta name=\"twitter:label1\" content=\"Gesch\u00e4tzte Lesezeit\" \/>\n\t<meta name=\"twitter:data1\" content=\"1\u00a0Minute\" \/>\n<script type=\"application\/ld+json\" class=\"yoast-schema-graph\">{\"@context\":\"https:\/\/schema.org\",\"@graph\":[{\"@type\":\"WebPage\",\"@id\":\"https:\/\/www.crm-open-source-software.com\/vtiger\/extensions\/kanban-view\/\",\"url\":\"https:\/\/www.crm-open-source-software.com\/vtiger\/extensions\/kanban-view\/\",\"name\":\"Vtiger Open Source CRM Kanban View Extension Module\",\"isPartOf\":{\"@id\":\"https:\/\/www.crm-open-source-software.com\/vtiger\/#website\"},\"primaryImageOfPage\":{\"@id\":\"https:\/\/www.crm-open-source-software.com\/vtiger\/extensions\/kanban-view\/#primaryimage\"},\"image\":{\"@id\":\"https:\/\/www.crm-open-source-software.com\/vtiger\/extensions\/kanban-view\/#primaryimage\"},\"thumbnailUrl\":\"https:\/\/www.crm-open-source-software.com\/vtiger\/app\/uploads\/2021\/03\/Teaser_extensions.svg\",\"datePublished\":\"2021-04-07T11:09:09+00:00\",\"dateModified\":\"2021-04-26T12:21:47+00:00\",\"description\":\"Mit der Extension Kanban View erh\u00e4lt man die Drag & Drop-Funktionalit\u00e4t f\u00fcr die Vtiger Open Source CRM Software. Weitere Features finden Sie hier, sowie exklusiv die komplette deutsche Version mit deutscher Anleitung.\",\"breadcrumb\":{\"@id\":\"https:\/\/www.crm-open-source-software.com\/vtiger\/extensions\/kanban-view\/#breadcrumb\"},\"inLanguage\":\"de\",\"potentialAction\":[{\"@type\":\"ReadAction\",\"target\":[\"https:\/\/www.crm-open-source-software.com\/vtiger\/extensions\/kanban-view\/\"]}]},{\"@type\":\"ImageObject\",\"inLanguage\":\"de\",\"@id\":\"https:\/\/www.crm-open-source-software.com\/vtiger\/extensions\/kanban-view\/#primaryimage\",\"url\":\"https:\/\/www.crm-open-source-software.com\/vtiger\/app\/uploads\/2021\/03\/Teaser_extensions.svg\",\"contentUrl\":\"https:\/\/www.crm-open-source-software.com\/vtiger\/app\/uploads\/2021\/03\/Teaser_extensions.svg\"},{\"@type\":\"BreadcrumbList\",\"@id\":\"https:\/\/www.crm-open-source-software.com\/vtiger\/extensions\/kanban-view\/#breadcrumb\",\"itemListElement\":[{\"@type\":\"ListItem\",\"position\":1,\"name\":\"Vtiger\",\"item\":\"https:\/\/www.crm-open-source-software.com\/vtiger\/\"},{\"@type\":\"ListItem\",\"position\":2,\"name\":\"Vtiger Extensions Module\",\"item\":\"https:\/\/www.crm-open-source-software.com\/vtiger\/extensions\/\"},{\"@type\":\"ListItem\",\"position\":3,\"name\":\"Vtiger Kanban View Extension Module\"}]},{\"@type\":\"WebSite\",\"@id\":\"https:\/\/www.crm-open-source-software.com\/vtiger\/#website\",\"url\":\"https:\/\/www.crm-open-source-software.com\/vtiger\/\",\"name\":\"COSS\",\"description\":\"Open Source CRM Software\",\"potentialAction\":[{\"@type\":\"SearchAction\",\"target\":{\"@type\":\"EntryPoint\",\"urlTemplate\":\"https:\/\/www.crm-open-source-software.com\/vtiger\/?s={search_term_string}\"},\"query-input\":{\"@type\":\"PropertyValueSpecification\",\"valueRequired\":true,\"valueName\":\"search_term_string\"}}],\"inLanguage\":\"de\"}]}<\/script>\n<!-- \/ Yoast SEO plugin. -->","yoast_head_json":{"title":"Vtiger Open Source CRM Kanban View Extension Module","description":"Mit der Extension Kanban View erh\u00e4lt man die Drag & Drop-Funktionalit\u00e4t f\u00fcr die Vtiger Open Source CRM Software. Weitere Features finden Sie hier, sowie exklusiv die komplette deutsche Version mit deutscher Anleitung.","robots":{"index":"index","follow":"follow","max-snippet":"max-snippet:-1","max-image-preview":"max-image-preview:large","max-video-preview":"max-video-preview:-1"},"canonical":"https:\/\/www.crm-open-source-software.com\/vtiger\/extensions\/kanban-view\/","og_locale":"de_DE","og_type":"article","og_title":"Vtiger Open Source CRM Kanban View Extension Module","og_description":"Mit der Extension Kanban View erh\u00e4lt man die Drag & Drop-Funktionalit\u00e4t f\u00fcr die Vtiger Open Source CRM Software. Weitere Features finden Sie hier, sowie exklusiv die komplette deutsche Version mit deutscher Anleitung.","og_url":"https:\/\/www.crm-open-source-software.com\/vtiger\/extensions\/kanban-view\/","og_site_name":"COSS","article_modified_time":"2021-04-26T12:21:47+00:00","twitter_card":"summary_large_image","twitter_misc":{"Gesch\u00e4tzte Lesezeit":"1\u00a0Minute"},"schema":{"@context":"https:\/\/schema.org","@graph":[{"@type":"WebPage","@id":"https:\/\/www.crm-open-source-software.com\/vtiger\/extensions\/kanban-view\/","url":"https:\/\/www.crm-open-source-software.com\/vtiger\/extensions\/kanban-view\/","name":"Vtiger Open Source CRM Kanban View Extension Module","isPartOf":{"@id":"https:\/\/www.crm-open-source-software.com\/vtiger\/#website"},"primaryImageOfPage":{"@id":"https:\/\/www.crm-open-source-software.com\/vtiger\/extensions\/kanban-view\/#primaryimage"},"image":{"@id":"https:\/\/www.crm-open-source-software.com\/vtiger\/extensions\/kanban-view\/#primaryimage"},"thumbnailUrl":"https:\/\/www.crm-open-source-software.com\/vtiger\/app\/uploads\/2021\/03\/Teaser_extensions.svg","datePublished":"2021-04-07T11:09:09+00:00","dateModified":"2021-04-26T12:21:47+00:00","description":"Mit der Extension Kanban View erh\u00e4lt man die Drag & Drop-Funktionalit\u00e4t f\u00fcr die Vtiger Open Source CRM Software. Weitere Features finden Sie hier, sowie exklusiv die komplette deutsche Version mit deutscher Anleitung.","breadcrumb":{"@id":"https:\/\/www.crm-open-source-software.com\/vtiger\/extensions\/kanban-view\/#breadcrumb"},"inLanguage":"de","potentialAction":[{"@type":"ReadAction","target":["https:\/\/www.crm-open-source-software.com\/vtiger\/extensions\/kanban-view\/"]}]},{"@type":"ImageObject","inLanguage":"de","@id":"https:\/\/www.crm-open-source-software.com\/vtiger\/extensions\/kanban-view\/#primaryimage","url":"https:\/\/www.crm-open-source-software.com\/vtiger\/app\/uploads\/2021\/03\/Teaser_extensions.svg","contentUrl":"https:\/\/www.crm-open-source-software.com\/vtiger\/app\/uploads\/2021\/03\/Teaser_extensions.svg"},{"@type":"BreadcrumbList","@id":"https:\/\/www.crm-open-source-software.com\/vtiger\/extensions\/kanban-view\/#breadcrumb","itemListElement":[{"@type":"ListItem","position":1,"name":"Vtiger","item":"https:\/\/www.crm-open-source-software.com\/vtiger\/"},{"@type":"ListItem","position":2,"name":"Vtiger Extensions Module","item":"https:\/\/www.crm-open-source-software.com\/vtiger\/extensions\/"},{"@type":"ListItem","position":3,"name":"Vtiger Kanban View Extension Module"}]},{"@type":"WebSite","@id":"https:\/\/www.crm-open-source-software.com\/vtiger\/#website","url":"https:\/\/www.crm-open-source-software.com\/vtiger\/","name":"COSS","description":"Open Source CRM Software","potentialAction":[{"@type":"SearchAction","target":{"@type":"EntryPoint","urlTemplate":"https:\/\/www.crm-open-source-software.com\/vtiger\/?s={search_term_string}"},"query-input":{"@type":"PropertyValueSpecification","valueRequired":true,"valueName":"search_term_string"}}],"inLanguage":"de"}]}},"_links":{"self":[{"href":"https:\/\/www.crm-open-source-software.com\/vtiger\/wp-json\/wp\/v2\/pages\/2086","targetHints":{"allow":["GET"]}}],"collection":[{"href":"https:\/\/www.crm-open-source-software.com\/vtiger\/wp-json\/wp\/v2\/pages"}],"about":[{"href":"https:\/\/www.crm-open-source-software.com\/vtiger\/wp-json\/wp\/v2\/types\/page"}],"author":[{"embeddable":true,"href":"https:\/\/www.crm-open-source-software.com\/vtiger\/wp-json\/wp\/v2\/users\/10"}],"replies":[{"embeddable":true,"href":"https:\/\/www.crm-open-source-software.com\/vtiger\/wp-json\/wp\/v2\/comments?post=2086"}],"version-history":[{"count":5,"href":"https:\/\/www.crm-open-source-software.com\/vtiger\/wp-json\/wp\/v2\/pages\/2086\/revisions"}],"predecessor-version":[{"id":2961,"href":"https:\/\/www.crm-open-source-software.com\/vtiger\/wp-json\/wp\/v2\/pages\/2086\/revisions\/2961"}],"up":[{"embeddable":true,"href":"https:\/\/www.crm-open-source-software.com\/vtiger\/wp-json\/wp\/v2\/pages\/1437"}],"wp:featuredmedia":[{"embeddable":true,"href":"https:\/\/www.crm-open-source-software.com\/vtiger\/wp-json\/wp\/v2\/media\/1191"}],"wp:attachment":[{"href":"https:\/\/www.crm-open-source-software.com\/vtiger\/wp-json\/wp\/v2\/media?parent=2086"}],"curies":[{"name":"wp","href":"https:\/\/api.w.org\/{rel}","templated":true}]}}