{"id":2103,"date":"2021-04-07T11:30:04","date_gmt":"2021-04-07T11:30:04","guid":{"rendered":"https:\/\/www.crm-open-source-software.com\/?page_id=2103"},"modified":"2021-04-26T12:28:21","modified_gmt":"2021-04-26T12:28:21","slug":"logs-time-control-sheet","status":"publish","type":"page","link":"https:\/\/www.crm-open-source-software.com\/vtiger\/extensions\/logs-time-control-sheet\/","title":{"rendered":"Vtiger <i>Logs Time Controll<\/i> Extension Module"},"content":{"rendered":"\n<div class=\"wp-block-cgb-block-my-block container\"><div class=\"container__inner\">\n<h2 class=\"wp-block-heading\">Beschreibung<\/h2>\n\n\n\n<p>Mithilfe der Extension Log Work Time kann die <strong>Zeiterfassung der Arbeitszeit<\/strong> f\u00fcr <strong>Projektaufgaben <\/strong>und <strong>Tickets <\/strong>in Vtiger CRM dokumentiert werden. Als Projektmanager hat man so stets die erfassten <strong>Arbeitszeiten der Mitarbeiter <\/strong>im Blick. Des Weiteren erleichtert es die <strong>reelle Abrechnung<\/strong> der Arbeitszeiten. Das Timesheet Module kann au\u00dferdem <strong>mit dem Berichtsmodul verkn\u00fcpft<\/strong> werden um einen noch schnelleren <strong>\u00dcberblick der Personal Ressourcen<\/strong> zu erhalten.<\/p>\n\n\n\n<h2 class=\"wp-block-heading\">Features \/ Funktionen<\/h2>\n\n\n\n<ul class=\"is--styled has--icon has--icon-check wp-block-list\"><li>Erm\u00f6glicht es Benutzer, die Arbeitszeiten zu verfolgen (timecontrol)<\/li><li>Integriert in Tickets und\/oder Projektaufgaben<\/li><li>M\u00f6glichkeit die erfasste Zeit in mehreren Formaten auszugeben: z.B. 1w 2d 3h 45m oder einfach 345h<\/li><li>Berechnung (SUM) der f\u00fcr Aufgaben und Tickets aufgewendeten Zeit<\/li><li>Kompatibel mit dem Berichtsmodul<\/li><li>Kompatibel mit PDF Maker und E-Mail Maker<\/li><li>Einfache Installation und Anwendung<\/li><\/ul>\n<\/div><\/div>\n\n\n\n<div class=\"wp-block-cgb-block-my-block container\"><div class=\"container__inner\"><\/div><\/div>\n\n\n\n<div class=\"wp-block-cgb-container-wide container\"><div class=\"container__wide\"><\/div><\/div>\n\n\n\n<div class=\"wp-block-cgb-block-my-block container\"><div class=\"container__inner\">\n<p class=\"has-small-font-size\">Die mit Sternchen (*) gekennzeichneten Links sind Provisions-Links, auch Affiliate-Links genannt. Wenn Sie auf einen solchen Link klicken und auf der Zielseite etwas kaufen, bekommen wir von unserem Vtiger Partner eine Vermittlerprovision. Es entstehen f\u00fcr Sie keine Nachteile beim Kauf oder Preis.<\/p>\n<\/div><\/div>\n\n\n<div class=\"\" data-block-title=\"\" id=\"\">\n  <div class=\"b-reload-button js-reload-button-content\">\n\n          <div class=\"container js-reload-button-remove\">\n                  <div>\n            Klicken Sie auf den Button um zu erfahren, warum die Brainformatik GmbH genau der richtige deutschsprachiger Ansprechpartner f\u00fcr Sie ist!\n            <br><br>\n          <\/div>\n        \n        <button class=\"button js-reload-button\" data-block-id=\"3079\" style=\"background-color: #009911\">Vtiger &#038; Brainformatik GmbH<\/button>\n      <\/div>\n\n      <\/div>\n\n  <\/div>\n","protected":false},"excerpt":{"rendered":"","protected":false},"author":10,"featured_media":1191,"parent":1437,"menu_order":0,"comment_status":"closed","ping_status":"closed","template":"","meta":{"footnotes":""},"class_list":["post-2103","page","type-page","status-publish","has-post-thumbnail","hentry"],"yoast_head":"<!-- This site is optimized with the Yoast SEO plugin v27.5 - https:\/\/yoast.com\/product\/yoast-seo-wordpress\/ -->\n<title>Vtiger Timecontroll Module \/ Zeiterfassung Tracking Extension<\/title>\n<meta name=\"description\" content=\"Mithilfe der Extension Log Work Time kann ein Timesheet f\u00fcr die Arbeitszeit von Projektaufgaben und Tickets in Vtiger CRM dokumentiert werden. Um die Effektivit\u00e4t zu steigern wird die Extension mit dem Berichtsmodul verkn\u00fcpft.\" \/>\n<meta name=\"robots\" content=\"index, follow, max-snippet:-1, max-image-preview:large, max-video-preview:-1\" \/>\n<link rel=\"canonical\" href=\"https:\/\/www.crm-open-source-software.com\/vtiger\/extensions\/logs-time-control-sheet\/\" \/>\n<meta property=\"og:locale\" content=\"de_DE\" \/>\n<meta property=\"og:type\" content=\"article\" \/>\n<meta property=\"og:title\" content=\"Vtiger Timecontroll Module \/ Zeiterfassung Tracking Extension\" \/>\n<meta property=\"og:description\" content=\"Mithilfe der Extension Log Work Time kann ein Timesheet f\u00fcr die Arbeitszeit von Projektaufgaben und Tickets in Vtiger CRM dokumentiert werden. Um die Effektivit\u00e4t zu steigern wird die Extension mit dem Berichtsmodul verkn\u00fcpft.\" \/>\n<meta property=\"og:url\" content=\"https:\/\/www.crm-open-source-software.com\/vtiger\/extensions\/logs-time-control-sheet\/\" \/>\n<meta property=\"og:site_name\" content=\"COSS\" \/>\n<meta property=\"article:modified_time\" content=\"2021-04-26T12:28:21+00:00\" \/>\n<meta name=\"twitter:card\" content=\"summary_large_image\" \/>\n<meta name=\"twitter:label1\" content=\"Gesch\u00e4tzte Lesezeit\" \/>\n\t<meta name=\"twitter:data1\" content=\"1\u00a0Minute\" \/>\n<script type=\"application\/ld+json\" class=\"yoast-schema-graph\">{\"@context\":\"https:\\\/\\\/schema.org\",\"@graph\":[{\"@type\":\"WebPage\",\"@id\":\"https:\\\/\\\/www.crm-open-source-software.com\\\/vtiger\\\/extensions\\\/logs-time-control-sheet\\\/\",\"url\":\"https:\\\/\\\/www.crm-open-source-software.com\\\/vtiger\\\/extensions\\\/logs-time-control-sheet\\\/\",\"name\":\"Vtiger Timecontroll Module \\\/ Zeiterfassung Tracking Extension\",\"isPartOf\":{\"@id\":\"https:\\\/\\\/www.crm-open-source-software.com\\\/vtiger\\\/#website\"},\"primaryImageOfPage\":{\"@id\":\"https:\\\/\\\/www.crm-open-source-software.com\\\/vtiger\\\/extensions\\\/logs-time-control-sheet\\\/#primaryimage\"},\"image\":{\"@id\":\"https:\\\/\\\/www.crm-open-source-software.com\\\/vtiger\\\/extensions\\\/logs-time-control-sheet\\\/#primaryimage\"},\"thumbnailUrl\":\"https:\\\/\\\/www.crm-open-source-software.com\\\/vtiger\\\/app\\\/uploads\\\/2021\\\/03\\\/Teaser_extensions.svg\",\"datePublished\":\"2021-04-07T11:30:04+00:00\",\"dateModified\":\"2021-04-26T12:28:21+00:00\",\"description\":\"Mithilfe der Extension Log Work Time kann ein Timesheet f\u00fcr die Arbeitszeit von Projektaufgaben und Tickets in Vtiger CRM dokumentiert werden. Um die Effektivit\u00e4t zu steigern wird die Extension mit dem Berichtsmodul verkn\u00fcpft.\",\"breadcrumb\":{\"@id\":\"https:\\\/\\\/www.crm-open-source-software.com\\\/vtiger\\\/extensions\\\/logs-time-control-sheet\\\/#breadcrumb\"},\"inLanguage\":\"de\",\"potentialAction\":[{\"@type\":\"ReadAction\",\"target\":[\"https:\\\/\\\/www.crm-open-source-software.com\\\/vtiger\\\/extensions\\\/logs-time-control-sheet\\\/\"]}]},{\"@type\":\"ImageObject\",\"inLanguage\":\"de\",\"@id\":\"https:\\\/\\\/www.crm-open-source-software.com\\\/vtiger\\\/extensions\\\/logs-time-control-sheet\\\/#primaryimage\",\"url\":\"https:\\\/\\\/www.crm-open-source-software.com\\\/vtiger\\\/app\\\/uploads\\\/2021\\\/03\\\/Teaser_extensions.svg\",\"contentUrl\":\"https:\\\/\\\/www.crm-open-source-software.com\\\/vtiger\\\/app\\\/uploads\\\/2021\\\/03\\\/Teaser_extensions.svg\"},{\"@type\":\"BreadcrumbList\",\"@id\":\"https:\\\/\\\/www.crm-open-source-software.com\\\/vtiger\\\/extensions\\\/logs-time-control-sheet\\\/#breadcrumb\",\"itemListElement\":[{\"@type\":\"ListItem\",\"position\":1,\"name\":\"Vtiger\",\"item\":\"https:\\\/\\\/www.crm-open-source-software.com\\\/vtiger\\\/\"},{\"@type\":\"ListItem\",\"position\":2,\"name\":\"Vtiger Extensions Module\",\"item\":\"https:\\\/\\\/www.crm-open-source-software.com\\\/vtiger\\\/extensions\\\/\"},{\"@type\":\"ListItem\",\"position\":3,\"name\":\"Vtiger Logs Time Controll Extension Module\"}]},{\"@type\":\"WebSite\",\"@id\":\"https:\\\/\\\/www.crm-open-source-software.com\\\/vtiger\\\/#website\",\"url\":\"https:\\\/\\\/www.crm-open-source-software.com\\\/vtiger\\\/\",\"name\":\"COSS\",\"description\":\"Open Source CRM Software\",\"potentialAction\":[{\"@type\":\"SearchAction\",\"target\":{\"@type\":\"EntryPoint\",\"urlTemplate\":\"https:\\\/\\\/www.crm-open-source-software.com\\\/vtiger\\\/?s={search_term_string}\"},\"query-input\":{\"@type\":\"PropertyValueSpecification\",\"valueRequired\":true,\"valueName\":\"search_term_string\"}}],\"inLanguage\":\"de\"}]}<\/script>\n<!-- \/ Yoast SEO plugin. -->","yoast_head_json":{"title":"Vtiger Timecontroll Module \/ Zeiterfassung Tracking Extension","description":"Mithilfe der Extension Log Work Time kann ein Timesheet f\u00fcr die Arbeitszeit von Projektaufgaben und Tickets in Vtiger CRM dokumentiert werden. Um die Effektivit\u00e4t zu steigern wird die Extension mit dem Berichtsmodul verkn\u00fcpft.","robots":{"index":"index","follow":"follow","max-snippet":"max-snippet:-1","max-image-preview":"max-image-preview:large","max-video-preview":"max-video-preview:-1"},"canonical":"https:\/\/www.crm-open-source-software.com\/vtiger\/extensions\/logs-time-control-sheet\/","og_locale":"de_DE","og_type":"article","og_title":"Vtiger Timecontroll Module \/ Zeiterfassung Tracking Extension","og_description":"Mithilfe der Extension Log Work Time kann ein Timesheet f\u00fcr die Arbeitszeit von Projektaufgaben und Tickets in Vtiger CRM dokumentiert werden. Um die Effektivit\u00e4t zu steigern wird die Extension mit dem Berichtsmodul verkn\u00fcpft.","og_url":"https:\/\/www.crm-open-source-software.com\/vtiger\/extensions\/logs-time-control-sheet\/","og_site_name":"COSS","article_modified_time":"2021-04-26T12:28:21+00:00","twitter_card":"summary_large_image","twitter_misc":{"Gesch\u00e4tzte Lesezeit":"1\u00a0Minute"},"schema":{"@context":"https:\/\/schema.org","@graph":[{"@type":"WebPage","@id":"https:\/\/www.crm-open-source-software.com\/vtiger\/extensions\/logs-time-control-sheet\/","url":"https:\/\/www.crm-open-source-software.com\/vtiger\/extensions\/logs-time-control-sheet\/","name":"Vtiger Timecontroll Module \/ Zeiterfassung Tracking Extension","isPartOf":{"@id":"https:\/\/www.crm-open-source-software.com\/vtiger\/#website"},"primaryImageOfPage":{"@id":"https:\/\/www.crm-open-source-software.com\/vtiger\/extensions\/logs-time-control-sheet\/#primaryimage"},"image":{"@id":"https:\/\/www.crm-open-source-software.com\/vtiger\/extensions\/logs-time-control-sheet\/#primaryimage"},"thumbnailUrl":"https:\/\/www.crm-open-source-software.com\/vtiger\/app\/uploads\/2021\/03\/Teaser_extensions.svg","datePublished":"2021-04-07T11:30:04+00:00","dateModified":"2021-04-26T12:28:21+00:00","description":"Mithilfe der Extension Log Work Time kann ein Timesheet f\u00fcr die Arbeitszeit von Projektaufgaben und Tickets in Vtiger CRM dokumentiert werden. Um die Effektivit\u00e4t zu steigern wird die Extension mit dem Berichtsmodul verkn\u00fcpft.","breadcrumb":{"@id":"https:\/\/www.crm-open-source-software.com\/vtiger\/extensions\/logs-time-control-sheet\/#breadcrumb"},"inLanguage":"de","potentialAction":[{"@type":"ReadAction","target":["https:\/\/www.crm-open-source-software.com\/vtiger\/extensions\/logs-time-control-sheet\/"]}]},{"@type":"ImageObject","inLanguage":"de","@id":"https:\/\/www.crm-open-source-software.com\/vtiger\/extensions\/logs-time-control-sheet\/#primaryimage","url":"https:\/\/www.crm-open-source-software.com\/vtiger\/app\/uploads\/2021\/03\/Teaser_extensions.svg","contentUrl":"https:\/\/www.crm-open-source-software.com\/vtiger\/app\/uploads\/2021\/03\/Teaser_extensions.svg"},{"@type":"BreadcrumbList","@id":"https:\/\/www.crm-open-source-software.com\/vtiger\/extensions\/logs-time-control-sheet\/#breadcrumb","itemListElement":[{"@type":"ListItem","position":1,"name":"Vtiger","item":"https:\/\/www.crm-open-source-software.com\/vtiger\/"},{"@type":"ListItem","position":2,"name":"Vtiger Extensions Module","item":"https:\/\/www.crm-open-source-software.com\/vtiger\/extensions\/"},{"@type":"ListItem","position":3,"name":"Vtiger Logs Time Controll Extension Module"}]},{"@type":"WebSite","@id":"https:\/\/www.crm-open-source-software.com\/vtiger\/#website","url":"https:\/\/www.crm-open-source-software.com\/vtiger\/","name":"COSS","description":"Open Source CRM Software","potentialAction":[{"@type":"SearchAction","target":{"@type":"EntryPoint","urlTemplate":"https:\/\/www.crm-open-source-software.com\/vtiger\/?s={search_term_string}"},"query-input":{"@type":"PropertyValueSpecification","valueRequired":true,"valueName":"search_term_string"}}],"inLanguage":"de"}]}},"_links":{"self":[{"href":"https:\/\/www.crm-open-source-software.com\/vtiger\/wp-json\/wp\/v2\/pages\/2103","targetHints":{"allow":["GET"]}}],"collection":[{"href":"https:\/\/www.crm-open-source-software.com\/vtiger\/wp-json\/wp\/v2\/pages"}],"about":[{"href":"https:\/\/www.crm-open-source-software.com\/vtiger\/wp-json\/wp\/v2\/types\/page"}],"author":[{"embeddable":true,"href":"https:\/\/www.crm-open-source-software.com\/vtiger\/wp-json\/wp\/v2\/users\/10"}],"replies":[{"embeddable":true,"href":"https:\/\/www.crm-open-source-software.com\/vtiger\/wp-json\/wp\/v2\/comments?post=2103"}],"version-history":[{"count":4,"href":"https:\/\/www.crm-open-source-software.com\/vtiger\/wp-json\/wp\/v2\/pages\/2103\/revisions"}],"predecessor-version":[{"id":2971,"href":"https:\/\/www.crm-open-source-software.com\/vtiger\/wp-json\/wp\/v2\/pages\/2103\/revisions\/2971"}],"up":[{"embeddable":true,"href":"https:\/\/www.crm-open-source-software.com\/vtiger\/wp-json\/wp\/v2\/pages\/1437"}],"wp:featuredmedia":[{"embeddable":true,"href":"https:\/\/www.crm-open-source-software.com\/vtiger\/wp-json\/wp\/v2\/media\/1191"}],"wp:attachment":[{"href":"https:\/\/www.crm-open-source-software.com\/vtiger\/wp-json\/wp\/v2\/media?parent=2103"}],"curies":[{"name":"wp","href":"https:\/\/api.w.org\/{rel}","templated":true}]}}