{"id":2186,"date":"2021-04-08T10:08:09","date_gmt":"2021-04-08T10:08:09","guid":{"rendered":"https:\/\/www.crm-open-source-software.com\/?page_id=2186"},"modified":"2021-04-26T12:59:35","modified_gmt":"2021-04-26T12:59:35","slug":"password-config","status":"publish","type":"page","link":"https:\/\/www.crm-open-source-software.com\/vtiger\/extensions\/password-config\/","title":{"rendered":"Vtiger <i>Password Config<\/i> Extension Module"},"content":{"rendered":"\n<div class=\"wp-block-cgb-block-my-block container\"><div class=\"container__inner\">\n<h2 class=\"wp-block-heading\">Beschreibung<\/h2>\n\n\n\n<p>Mit der Vtiger Extension Password Config k\u00f6nnen in wenigen Sekunden <strong>Passwort-Richtlinien<\/strong> konfiguriert werden, um <strong>Passw\u00f6rter st\u00e4rker<\/strong> zu machen und die Option zur regelm\u00e4\u00dfigen <strong>Aktualisierung des Passwortes<\/strong> hinzuzuf\u00fcgen. Es erh\u00f6ht den Schutz der eigenen Daten und vor m\u00f6glichen Angriffen.<\/p>\n\n\n\n<h2 class=\"wp-block-heading\">Features \/ Funktionen<\/h2>\n\n\n\n<ul class=\"is--styled has--icon has--icon-check wp-block-list\"><li>Konfiguration globaler Kennwortbedingungen f\u00fcr alle Benutzer<\/li><li>Minimale Passwortl\u00e4nge<\/li><li>Gro\u00dfbuchstaben m\u00f6glich<\/li><li>Zahlen m\u00f6gliche<\/li><li>Sonderzeichen m\u00f6glich: ! \u201c#$%&amp;'()*+,-.\/:;&lt;=&gt;?@[\\]^_`{|}~<\/li><li>Ablaufzeit des Passworts definierbar<\/li><li>Einfache Anwendung<\/li><\/ul>\n<\/div><\/div>\n\n\n\n<div class=\"wp-block-cgb-block-my-block container\"><div class=\"container__inner\">\n<p class=\"has-small-font-size\">Die mit Sternchen (*) gekennzeichneten Links sind Provisions-Links, auch Affiliate-Links genannt. Wenn Sie auf einen solchen Link klicken und auf der Zielseite etwas kaufen, bekommen wir von unserem Vtiger Partner eine Vermittlerprovision. Es entstehen f\u00fcr Sie keine Nachteile beim Kauf oder Preis.<\/p>\n<\/div><\/div>\n\n\n<div class=\"\" data-block-title=\"\" id=\"\">\n  <div class=\"b-reload-button js-reload-button-content\">\n\n          <div class=\"container js-reload-button-remove\">\n                  <div>\n            Klicken Sie auf den Button um zu erfahren, warum die Brainformatik GmbH genau der richtige deutschsprachiger Ansprechpartner f\u00fcr Sie ist!\n            <br><br>\n          <\/div>\n        \n        <button class=\"button js-reload-button\" data-block-id=\"3079\" style=\"background-color: #009911\">Vtiger &#038; Brainformatik GmbH<\/button>\n      <\/div>\n\n      <\/div>\n\n  <\/div>\n","protected":false},"excerpt":{"rendered":"","protected":false},"author":10,"featured_media":1191,"parent":1437,"menu_order":0,"comment_status":"closed","ping_status":"closed","template":"","meta":{"footnotes":""},"class_list":["post-2186","page","type-page","status-publish","has-post-thumbnail","hentry"],"yoast_head":"<!-- This site is optimized with the Yoast SEO plugin v27.5 - https:\/\/yoast.com\/product\/yoast-seo-wordpress\/ -->\n<title>Vtiger Password Config Extension Module - Mehr Passwortm\u00f6glichkeiten<\/title>\n<meta name=\"description\" content=\"Mit der Vtiger Extension Password Config k\u00f6nnen in wenigen Sekunden Passwort-Richtlinien konfiguriert werden, um Passw\u00f6rter st\u00e4rker zu machen und die Option zur regelm\u00e4\u00dfigen Aktualisierung des Passwortes hinzuzuf\u00fcgen.\" \/>\n<meta name=\"robots\" content=\"index, follow, max-snippet:-1, max-image-preview:large, max-video-preview:-1\" \/>\n<link rel=\"canonical\" href=\"https:\/\/www.crm-open-source-software.com\/vtiger\/extensions\/password-config\/\" \/>\n<meta property=\"og:locale\" content=\"de_DE\" \/>\n<meta property=\"og:type\" content=\"article\" \/>\n<meta property=\"og:title\" content=\"Vtiger Password Config Extension Module - Mehr Passwortm\u00f6glichkeiten\" \/>\n<meta property=\"og:description\" content=\"Mit der Vtiger Extension Password Config k\u00f6nnen in wenigen Sekunden Passwort-Richtlinien konfiguriert werden, um Passw\u00f6rter st\u00e4rker zu machen und die Option zur regelm\u00e4\u00dfigen Aktualisierung des Passwortes hinzuzuf\u00fcgen.\" \/>\n<meta property=\"og:url\" content=\"https:\/\/www.crm-open-source-software.com\/vtiger\/extensions\/password-config\/\" \/>\n<meta property=\"og:site_name\" content=\"COSS\" \/>\n<meta property=\"article:modified_time\" content=\"2021-04-26T12:59:35+00:00\" \/>\n<meta name=\"twitter:card\" content=\"summary_large_image\" \/>\n<meta name=\"twitter:label1\" content=\"Gesch\u00e4tzte Lesezeit\" \/>\n\t<meta name=\"twitter:data1\" content=\"1\u00a0Minute\" \/>\n<script type=\"application\/ld+json\" class=\"yoast-schema-graph\">{\"@context\":\"https:\\\/\\\/schema.org\",\"@graph\":[{\"@type\":\"WebPage\",\"@id\":\"https:\\\/\\\/www.crm-open-source-software.com\\\/vtiger\\\/extensions\\\/password-config\\\/\",\"url\":\"https:\\\/\\\/www.crm-open-source-software.com\\\/vtiger\\\/extensions\\\/password-config\\\/\",\"name\":\"Vtiger Password Config Extension Module - Mehr Passwortm\u00f6glichkeiten\",\"isPartOf\":{\"@id\":\"https:\\\/\\\/www.crm-open-source-software.com\\\/vtiger\\\/#website\"},\"primaryImageOfPage\":{\"@id\":\"https:\\\/\\\/www.crm-open-source-software.com\\\/vtiger\\\/extensions\\\/password-config\\\/#primaryimage\"},\"image\":{\"@id\":\"https:\\\/\\\/www.crm-open-source-software.com\\\/vtiger\\\/extensions\\\/password-config\\\/#primaryimage\"},\"thumbnailUrl\":\"https:\\\/\\\/www.crm-open-source-software.com\\\/vtiger\\\/app\\\/uploads\\\/2021\\\/03\\\/Teaser_extensions.svg\",\"datePublished\":\"2021-04-08T10:08:09+00:00\",\"dateModified\":\"2021-04-26T12:59:35+00:00\",\"description\":\"Mit der Vtiger Extension Password Config k\u00f6nnen in wenigen Sekunden Passwort-Richtlinien konfiguriert werden, um Passw\u00f6rter st\u00e4rker zu machen und die Option zur regelm\u00e4\u00dfigen Aktualisierung des Passwortes hinzuzuf\u00fcgen.\",\"breadcrumb\":{\"@id\":\"https:\\\/\\\/www.crm-open-source-software.com\\\/vtiger\\\/extensions\\\/password-config\\\/#breadcrumb\"},\"inLanguage\":\"de\",\"potentialAction\":[{\"@type\":\"ReadAction\",\"target\":[\"https:\\\/\\\/www.crm-open-source-software.com\\\/vtiger\\\/extensions\\\/password-config\\\/\"]}]},{\"@type\":\"ImageObject\",\"inLanguage\":\"de\",\"@id\":\"https:\\\/\\\/www.crm-open-source-software.com\\\/vtiger\\\/extensions\\\/password-config\\\/#primaryimage\",\"url\":\"https:\\\/\\\/www.crm-open-source-software.com\\\/vtiger\\\/app\\\/uploads\\\/2021\\\/03\\\/Teaser_extensions.svg\",\"contentUrl\":\"https:\\\/\\\/www.crm-open-source-software.com\\\/vtiger\\\/app\\\/uploads\\\/2021\\\/03\\\/Teaser_extensions.svg\"},{\"@type\":\"BreadcrumbList\",\"@id\":\"https:\\\/\\\/www.crm-open-source-software.com\\\/vtiger\\\/extensions\\\/password-config\\\/#breadcrumb\",\"itemListElement\":[{\"@type\":\"ListItem\",\"position\":1,\"name\":\"Vtiger\",\"item\":\"https:\\\/\\\/www.crm-open-source-software.com\\\/vtiger\\\/\"},{\"@type\":\"ListItem\",\"position\":2,\"name\":\"Vtiger Extensions Module\",\"item\":\"https:\\\/\\\/www.crm-open-source-software.com\\\/vtiger\\\/extensions\\\/\"},{\"@type\":\"ListItem\",\"position\":3,\"name\":\"Vtiger Password Config Extension Module\"}]},{\"@type\":\"WebSite\",\"@id\":\"https:\\\/\\\/www.crm-open-source-software.com\\\/vtiger\\\/#website\",\"url\":\"https:\\\/\\\/www.crm-open-source-software.com\\\/vtiger\\\/\",\"name\":\"COSS\",\"description\":\"Open Source CRM Software\",\"potentialAction\":[{\"@type\":\"SearchAction\",\"target\":{\"@type\":\"EntryPoint\",\"urlTemplate\":\"https:\\\/\\\/www.crm-open-source-software.com\\\/vtiger\\\/?s={search_term_string}\"},\"query-input\":{\"@type\":\"PropertyValueSpecification\",\"valueRequired\":true,\"valueName\":\"search_term_string\"}}],\"inLanguage\":\"de\"}]}<\/script>\n<!-- \/ Yoast SEO plugin. -->","yoast_head_json":{"title":"Vtiger Password Config Extension Module - Mehr Passwortm\u00f6glichkeiten","description":"Mit der Vtiger Extension Password Config k\u00f6nnen in wenigen Sekunden Passwort-Richtlinien konfiguriert werden, um Passw\u00f6rter st\u00e4rker zu machen und die Option zur regelm\u00e4\u00dfigen Aktualisierung des Passwortes hinzuzuf\u00fcgen.","robots":{"index":"index","follow":"follow","max-snippet":"max-snippet:-1","max-image-preview":"max-image-preview:large","max-video-preview":"max-video-preview:-1"},"canonical":"https:\/\/www.crm-open-source-software.com\/vtiger\/extensions\/password-config\/","og_locale":"de_DE","og_type":"article","og_title":"Vtiger Password Config Extension Module - Mehr Passwortm\u00f6glichkeiten","og_description":"Mit der Vtiger Extension Password Config k\u00f6nnen in wenigen Sekunden Passwort-Richtlinien konfiguriert werden, um Passw\u00f6rter st\u00e4rker zu machen und die Option zur regelm\u00e4\u00dfigen Aktualisierung des Passwortes hinzuzuf\u00fcgen.","og_url":"https:\/\/www.crm-open-source-software.com\/vtiger\/extensions\/password-config\/","og_site_name":"COSS","article_modified_time":"2021-04-26T12:59:35+00:00","twitter_card":"summary_large_image","twitter_misc":{"Gesch\u00e4tzte Lesezeit":"1\u00a0Minute"},"schema":{"@context":"https:\/\/schema.org","@graph":[{"@type":"WebPage","@id":"https:\/\/www.crm-open-source-software.com\/vtiger\/extensions\/password-config\/","url":"https:\/\/www.crm-open-source-software.com\/vtiger\/extensions\/password-config\/","name":"Vtiger Password Config Extension Module - Mehr Passwortm\u00f6glichkeiten","isPartOf":{"@id":"https:\/\/www.crm-open-source-software.com\/vtiger\/#website"},"primaryImageOfPage":{"@id":"https:\/\/www.crm-open-source-software.com\/vtiger\/extensions\/password-config\/#primaryimage"},"image":{"@id":"https:\/\/www.crm-open-source-software.com\/vtiger\/extensions\/password-config\/#primaryimage"},"thumbnailUrl":"https:\/\/www.crm-open-source-software.com\/vtiger\/app\/uploads\/2021\/03\/Teaser_extensions.svg","datePublished":"2021-04-08T10:08:09+00:00","dateModified":"2021-04-26T12:59:35+00:00","description":"Mit der Vtiger Extension Password Config k\u00f6nnen in wenigen Sekunden Passwort-Richtlinien konfiguriert werden, um Passw\u00f6rter st\u00e4rker zu machen und die Option zur regelm\u00e4\u00dfigen Aktualisierung des Passwortes hinzuzuf\u00fcgen.","breadcrumb":{"@id":"https:\/\/www.crm-open-source-software.com\/vtiger\/extensions\/password-config\/#breadcrumb"},"inLanguage":"de","potentialAction":[{"@type":"ReadAction","target":["https:\/\/www.crm-open-source-software.com\/vtiger\/extensions\/password-config\/"]}]},{"@type":"ImageObject","inLanguage":"de","@id":"https:\/\/www.crm-open-source-software.com\/vtiger\/extensions\/password-config\/#primaryimage","url":"https:\/\/www.crm-open-source-software.com\/vtiger\/app\/uploads\/2021\/03\/Teaser_extensions.svg","contentUrl":"https:\/\/www.crm-open-source-software.com\/vtiger\/app\/uploads\/2021\/03\/Teaser_extensions.svg"},{"@type":"BreadcrumbList","@id":"https:\/\/www.crm-open-source-software.com\/vtiger\/extensions\/password-config\/#breadcrumb","itemListElement":[{"@type":"ListItem","position":1,"name":"Vtiger","item":"https:\/\/www.crm-open-source-software.com\/vtiger\/"},{"@type":"ListItem","position":2,"name":"Vtiger Extensions Module","item":"https:\/\/www.crm-open-source-software.com\/vtiger\/extensions\/"},{"@type":"ListItem","position":3,"name":"Vtiger Password Config Extension Module"}]},{"@type":"WebSite","@id":"https:\/\/www.crm-open-source-software.com\/vtiger\/#website","url":"https:\/\/www.crm-open-source-software.com\/vtiger\/","name":"COSS","description":"Open Source CRM Software","potentialAction":[{"@type":"SearchAction","target":{"@type":"EntryPoint","urlTemplate":"https:\/\/www.crm-open-source-software.com\/vtiger\/?s={search_term_string}"},"query-input":{"@type":"PropertyValueSpecification","valueRequired":true,"valueName":"search_term_string"}}],"inLanguage":"de"}]}},"_links":{"self":[{"href":"https:\/\/www.crm-open-source-software.com\/vtiger\/wp-json\/wp\/v2\/pages\/2186","targetHints":{"allow":["GET"]}}],"collection":[{"href":"https:\/\/www.crm-open-source-software.com\/vtiger\/wp-json\/wp\/v2\/pages"}],"about":[{"href":"https:\/\/www.crm-open-source-software.com\/vtiger\/wp-json\/wp\/v2\/types\/page"}],"author":[{"embeddable":true,"href":"https:\/\/www.crm-open-source-software.com\/vtiger\/wp-json\/wp\/v2\/users\/10"}],"replies":[{"embeddable":true,"href":"https:\/\/www.crm-open-source-software.com\/vtiger\/wp-json\/wp\/v2\/comments?post=2186"}],"version-history":[{"count":3,"href":"https:\/\/www.crm-open-source-software.com\/vtiger\/wp-json\/wp\/v2\/pages\/2186\/revisions"}],"predecessor-version":[{"id":2997,"href":"https:\/\/www.crm-open-source-software.com\/vtiger\/wp-json\/wp\/v2\/pages\/2186\/revisions\/2997"}],"up":[{"embeddable":true,"href":"https:\/\/www.crm-open-source-software.com\/vtiger\/wp-json\/wp\/v2\/pages\/1437"}],"wp:featuredmedia":[{"embeddable":true,"href":"https:\/\/www.crm-open-source-software.com\/vtiger\/wp-json\/wp\/v2\/media\/1191"}],"wp:attachment":[{"href":"https:\/\/www.crm-open-source-software.com\/vtiger\/wp-json\/wp\/v2\/media?parent=2186"}],"curies":[{"name":"wp","href":"https:\/\/api.w.org\/{rel}","templated":true}]}}