{"id":2584,"date":"2021-04-19T12:41:06","date_gmt":"2021-04-19T12:41:06","guid":{"rendered":"https:\/\/www.crm-open-source-software.com\/vtiger\/?page_id=2584"},"modified":"2021-04-19T14:19:23","modified_gmt":"2021-04-19T14:19:23","slug":"vtiger-danke","status":"publish","type":"page","link":"https:\/\/www.crm-open-source-software.com\/vtiger\/vtiger-crm-demo\/vtiger-danke\/","title":{"rendered":"Vielen Dank "},"content":{"rendered":"\n<div class=\"wp-block-cgb-block-my-block container\"><div class=\"container__inner\">\n<h2 class=\"has-text-align-center wp-block-heading\"><strong>Das Vtiger CRM Demo System ist f\u00fcr Sie unbefristet erreichbar!<\/strong><\/h2>\n\n\n\n<p class=\"has-text-align-center\">Sie erhalten nun eine <strong>Willkommens-E-Mail<\/strong> mit den <strong>Zugangsdaten <\/strong>f\u00fcr Ihre <strong>Vtiger Test-Cloud<\/strong>. Sollten Sie innerhalb der n\u00e4chsten 10 Minuten keine E-Mail von uns erhalten, \u00fcberpr\u00fcfen Sie bitte&nbsp;Ihre angegebene E-Mail-Adresse oder schauen Sie in den Spam Filter&nbsp;nach.<\/p>\n\n\n\n<p class=\"has-text-align-center\">Um Ihnen die Evaluierung der L\u00f6sung zu erleichtern und einen raschen Einstieg zu erm\u00f6glichen, verf\u00fcgt der Vtiger Testzugang \u00fcber Demo Datens\u00e4tze. Ob Kalendereintr\u00e4ge, Kontaktdaten von Firmen oder deren Ansprechpartner, Angebote oder Kampagnen, all diese Testdaten finden Sie bereits in Ihrer Testumgebung vor. Das bedeutet auch, dass Sie mit Ihren Kollegen gleichzeitig das Vtiger CRM Demo System nutzen k\u00f6nnen.<\/p>\n\n\n\n<p class=\"has-text-align-center\"><strong>Alle Daten und Einstellungen werden t\u00e4glich wieder erneuert&nbsp;und auf den Ursprung zur\u00fcckgesetzt.&nbsp;<\/strong><\/p>\n<\/div><\/div>\n\n\n\n<p class=\"has-text-align-center\"><\/p>\n","protected":false},"excerpt":{"rendered":"","protected":false},"author":10,"featured_media":741,"parent":1124,"menu_order":0,"comment_status":"closed","ping_status":"closed","template":"","meta":{"footnotes":""},"class_list":["post-2584","page","type-page","status-publish","has-post-thumbnail","hentry"],"yoast_head":"<!-- This site is optimized with the Yoast SEO plugin v26.3 - https:\/\/yoast.com\/wordpress\/plugins\/seo\/ -->\n<title>Vtiger DEMO Dankesseite<\/title>\n<meta name=\"robots\" content=\"index, follow, max-snippet:-1, max-image-preview:large, max-video-preview:-1\" \/>\n<link rel=\"canonical\" href=\"https:\/\/www.crm-open-source-software.com\/vtiger\/vtiger-crm-demo\/vtiger-danke\/\" \/>\n<meta property=\"og:locale\" content=\"de_DE\" \/>\n<meta property=\"og:type\" content=\"article\" \/>\n<meta property=\"og:title\" content=\"Vtiger DEMO Dankesseite\" \/>\n<meta property=\"og:url\" content=\"https:\/\/www.crm-open-source-software.com\/vtiger\/vtiger-crm-demo\/vtiger-danke\/\" \/>\n<meta property=\"og:site_name\" content=\"COSS\" \/>\n<meta property=\"article:modified_time\" content=\"2021-04-19T14:19:23+00:00\" \/>\n<meta property=\"og:image\" content=\"https:\/\/www.crm-open-source-software.com\/vtiger\/app\/uploads\/2021\/02\/iStock-524578085.png\" \/>\n\t<meta property=\"og:image:width\" content=\"1422\" \/>\n\t<meta property=\"og:image:height\" content=\"980\" \/>\n\t<meta property=\"og:image:type\" content=\"image\/png\" \/>\n<meta name=\"twitter:card\" content=\"summary_large_image\" \/>\n<meta name=\"twitter:label1\" content=\"Gesch\u00e4tzte Lesezeit\" \/>\n\t<meta name=\"twitter:data1\" content=\"1\u00a0Minute\" \/>\n<script type=\"application\/ld+json\" class=\"yoast-schema-graph\">{\"@context\":\"https:\/\/schema.org\",\"@graph\":[{\"@type\":\"WebPage\",\"@id\":\"https:\/\/www.crm-open-source-software.com\/vtiger\/vtiger-crm-demo\/vtiger-danke\/\",\"url\":\"https:\/\/www.crm-open-source-software.com\/vtiger\/vtiger-crm-demo\/vtiger-danke\/\",\"name\":\"Vtiger DEMO Dankesseite\",\"isPartOf\":{\"@id\":\"https:\/\/www.crm-open-source-software.com\/vtiger\/#website\"},\"primaryImageOfPage\":{\"@id\":\"https:\/\/www.crm-open-source-software.com\/vtiger\/vtiger-crm-demo\/vtiger-danke\/#primaryimage\"},\"image\":{\"@id\":\"https:\/\/www.crm-open-source-software.com\/vtiger\/vtiger-crm-demo\/vtiger-danke\/#primaryimage\"},\"thumbnailUrl\":\"https:\/\/www.crm-open-source-software.com\/vtiger\/app\/uploads\/2021\/02\/iStock-524578085.png\",\"datePublished\":\"2021-04-19T12:41:06+00:00\",\"dateModified\":\"2021-04-19T14:19:23+00:00\",\"breadcrumb\":{\"@id\":\"https:\/\/www.crm-open-source-software.com\/vtiger\/vtiger-crm-demo\/vtiger-danke\/#breadcrumb\"},\"inLanguage\":\"de\",\"potentialAction\":[{\"@type\":\"ReadAction\",\"target\":[\"https:\/\/www.crm-open-source-software.com\/vtiger\/vtiger-crm-demo\/vtiger-danke\/\"]}]},{\"@type\":\"ImageObject\",\"inLanguage\":\"de\",\"@id\":\"https:\/\/www.crm-open-source-software.com\/vtiger\/vtiger-crm-demo\/vtiger-danke\/#primaryimage\",\"url\":\"https:\/\/www.crm-open-source-software.com\/vtiger\/app\/uploads\/2021\/02\/iStock-524578085.png\",\"contentUrl\":\"https:\/\/www.crm-open-source-software.com\/vtiger\/app\/uploads\/2021\/02\/iStock-524578085.png\",\"width\":1422,\"height\":980},{\"@type\":\"BreadcrumbList\",\"@id\":\"https:\/\/www.crm-open-source-software.com\/vtiger\/vtiger-crm-demo\/vtiger-danke\/#breadcrumb\",\"itemListElement\":[{\"@type\":\"ListItem\",\"position\":1,\"name\":\"Vtiger\",\"item\":\"https:\/\/www.crm-open-source-software.com\/vtiger\/\"},{\"@type\":\"ListItem\",\"position\":2,\"name\":\"Vtiger CRM DEMO online testen -\",\"item\":\"https:\/\/www.crm-open-source-software.com\/vtiger\/vtiger-crm-demo\/\"},{\"@type\":\"ListItem\",\"position\":3,\"name\":\"Vielen Dank\"}]},{\"@type\":\"WebSite\",\"@id\":\"https:\/\/www.crm-open-source-software.com\/vtiger\/#website\",\"url\":\"https:\/\/www.crm-open-source-software.com\/vtiger\/\",\"name\":\"COSS\",\"description\":\"Open Source CRM Software\",\"potentialAction\":[{\"@type\":\"SearchAction\",\"target\":{\"@type\":\"EntryPoint\",\"urlTemplate\":\"https:\/\/www.crm-open-source-software.com\/vtiger\/?s={search_term_string}\"},\"query-input\":{\"@type\":\"PropertyValueSpecification\",\"valueRequired\":true,\"valueName\":\"search_term_string\"}}],\"inLanguage\":\"de\"}]}<\/script>\n<!-- \/ Yoast SEO plugin. -->","yoast_head_json":{"title":"Vtiger DEMO Dankesseite","robots":{"index":"index","follow":"follow","max-snippet":"max-snippet:-1","max-image-preview":"max-image-preview:large","max-video-preview":"max-video-preview:-1"},"canonical":"https:\/\/www.crm-open-source-software.com\/vtiger\/vtiger-crm-demo\/vtiger-danke\/","og_locale":"de_DE","og_type":"article","og_title":"Vtiger DEMO Dankesseite","og_url":"https:\/\/www.crm-open-source-software.com\/vtiger\/vtiger-crm-demo\/vtiger-danke\/","og_site_name":"COSS","article_modified_time":"2021-04-19T14:19:23+00:00","og_image":[{"width":1422,"height":980,"url":"https:\/\/www.crm-open-source-software.com\/vtiger\/app\/uploads\/2021\/02\/iStock-524578085.png","type":"image\/png"}],"twitter_card":"summary_large_image","twitter_misc":{"Gesch\u00e4tzte Lesezeit":"1\u00a0Minute"},"schema":{"@context":"https:\/\/schema.org","@graph":[{"@type":"WebPage","@id":"https:\/\/www.crm-open-source-software.com\/vtiger\/vtiger-crm-demo\/vtiger-danke\/","url":"https:\/\/www.crm-open-source-software.com\/vtiger\/vtiger-crm-demo\/vtiger-danke\/","name":"Vtiger DEMO Dankesseite","isPartOf":{"@id":"https:\/\/www.crm-open-source-software.com\/vtiger\/#website"},"primaryImageOfPage":{"@id":"https:\/\/www.crm-open-source-software.com\/vtiger\/vtiger-crm-demo\/vtiger-danke\/#primaryimage"},"image":{"@id":"https:\/\/www.crm-open-source-software.com\/vtiger\/vtiger-crm-demo\/vtiger-danke\/#primaryimage"},"thumbnailUrl":"https:\/\/www.crm-open-source-software.com\/vtiger\/app\/uploads\/2021\/02\/iStock-524578085.png","datePublished":"2021-04-19T12:41:06+00:00","dateModified":"2021-04-19T14:19:23+00:00","breadcrumb":{"@id":"https:\/\/www.crm-open-source-software.com\/vtiger\/vtiger-crm-demo\/vtiger-danke\/#breadcrumb"},"inLanguage":"de","potentialAction":[{"@type":"ReadAction","target":["https:\/\/www.crm-open-source-software.com\/vtiger\/vtiger-crm-demo\/vtiger-danke\/"]}]},{"@type":"ImageObject","inLanguage":"de","@id":"https:\/\/www.crm-open-source-software.com\/vtiger\/vtiger-crm-demo\/vtiger-danke\/#primaryimage","url":"https:\/\/www.crm-open-source-software.com\/vtiger\/app\/uploads\/2021\/02\/iStock-524578085.png","contentUrl":"https:\/\/www.crm-open-source-software.com\/vtiger\/app\/uploads\/2021\/02\/iStock-524578085.png","width":1422,"height":980},{"@type":"BreadcrumbList","@id":"https:\/\/www.crm-open-source-software.com\/vtiger\/vtiger-crm-demo\/vtiger-danke\/#breadcrumb","itemListElement":[{"@type":"ListItem","position":1,"name":"Vtiger","item":"https:\/\/www.crm-open-source-software.com\/vtiger\/"},{"@type":"ListItem","position":2,"name":"Vtiger CRM DEMO online testen -","item":"https:\/\/www.crm-open-source-software.com\/vtiger\/vtiger-crm-demo\/"},{"@type":"ListItem","position":3,"name":"Vielen Dank"}]},{"@type":"WebSite","@id":"https:\/\/www.crm-open-source-software.com\/vtiger\/#website","url":"https:\/\/www.crm-open-source-software.com\/vtiger\/","name":"COSS","description":"Open Source CRM Software","potentialAction":[{"@type":"SearchAction","target":{"@type":"EntryPoint","urlTemplate":"https:\/\/www.crm-open-source-software.com\/vtiger\/?s={search_term_string}"},"query-input":{"@type":"PropertyValueSpecification","valueRequired":true,"valueName":"search_term_string"}}],"inLanguage":"de"}]}},"_links":{"self":[{"href":"https:\/\/www.crm-open-source-software.com\/vtiger\/wp-json\/wp\/v2\/pages\/2584","targetHints":{"allow":["GET"]}}],"collection":[{"href":"https:\/\/www.crm-open-source-software.com\/vtiger\/wp-json\/wp\/v2\/pages"}],"about":[{"href":"https:\/\/www.crm-open-source-software.com\/vtiger\/wp-json\/wp\/v2\/types\/page"}],"author":[{"embeddable":true,"href":"https:\/\/www.crm-open-source-software.com\/vtiger\/wp-json\/wp\/v2\/users\/10"}],"replies":[{"embeddable":true,"href":"https:\/\/www.crm-open-source-software.com\/vtiger\/wp-json\/wp\/v2\/comments?post=2584"}],"version-history":[{"count":14,"href":"https:\/\/www.crm-open-source-software.com\/vtiger\/wp-json\/wp\/v2\/pages\/2584\/revisions"}],"predecessor-version":[{"id":2627,"href":"https:\/\/www.crm-open-source-software.com\/vtiger\/wp-json\/wp\/v2\/pages\/2584\/revisions\/2627"}],"up":[{"embeddable":true,"href":"https:\/\/www.crm-open-source-software.com\/vtiger\/wp-json\/wp\/v2\/pages\/1124"}],"wp:featuredmedia":[{"embeddable":true,"href":"https:\/\/www.crm-open-source-software.com\/vtiger\/wp-json\/wp\/v2\/media\/741"}],"wp:attachment":[{"href":"https:\/\/www.crm-open-source-software.com\/vtiger\/wp-json\/wp\/v2\/media?parent=2584"}],"curies":[{"name":"wp","href":"https:\/\/api.w.org\/{rel}","templated":true}]}}