{"id":912,"date":"2021-03-03T14:18:43","date_gmt":"2021-03-03T14:18:43","guid":{"rendered":"http:\/\/vtiger.localhost\/?page_id=912"},"modified":"2021-04-26T13:56:56","modified_gmt":"2021-04-26T13:56:56","slug":"features","status":"publish","type":"page","link":"https:\/\/www.crm-open-source-software.com\/vtiger\/features\/","title":{"rendered":"Vtiger CRM features der"},"content":{"rendered":"\n<div class=\"wp-block-cgb-block-my-block container\"><div class=\"container__inner\">\n<h2 class=\"wp-block-heading\">Beschreibung<\/h2>\n\n\n\n<p>Die Funktionen der Vtiger CRM Software (Vtiger open source features) spiegeln die einzelnen Gesch\u00e4ftsbereiche wieder. Insgesamt werden 4 Gesch\u00e4ftsbereiche abgedeckt, die f\u00fcr eine Kundenbeziehung relevant sind.<\/p>\n\n\n\n<h2 class=\"wp-block-heading\">Nutzen<\/h2>\n\n\n\n<p>Steigerung der Kundenzufriedenheit, durch verbesserte und <strong>optimierte Gesch\u00e4ftsstrukturen<\/strong> und deren <strong>Prozesse<\/strong>. Die Mitarbeiter haben durch eine zentrale Software einen <strong>besseren \u00dcberblick<\/strong> und k\u00f6nnen somit <strong>effizienter und effektiver arbeiten.<\/strong> Alle Datens\u00e4tze k\u00f6nnen individuell und Mitarbeitern \u00fcbergreifend bereitgetsellt werden.<\/p>\n\n\n\n<ul class=\"is--styled has--icon has--icon-check wp-block-list\"><li>verbesserte Kundenzufriedenheit<\/li><li>automatisierte Gesch\u00e4ftsprozesse<\/li><li>zentrale Web Software<\/li><li>sehr hohe Effizienz<\/li><\/ul>\n\n\n\n<h2 class=\"wp-block-heading\">Features List <\/h2>\n\n\n\n<p>In dem Bereich Vtiger Sales \/ Vertrieb werden alle relevanten Vertriebsdaten erfasst, ausgewertet, terminiert, um schlussendlich Interessenten als Kunden zu gewinnen. Dazu geh\u00f6ren einige Module, die die Aufgaben und Ziele des Vertriebs funktional erm\u00f6glichen. Kundendaten sind f\u00fcr jeden Vertriebsmitarbeiter einsehbar und historisch nachvollziehbar.<\/p>\n\n\n\n<p><\/p>\n<\/div><\/div>\n\n\n\n  <div class=\"container\">\n    <div class=\"b-title\">Gesch\u00e4ftsbereiche<\/div>\n  <\/div>\n\n\n<div class=\"\" data-block-title=\"\" id=\"\">\n    <div class=\"b-feature container\">\n    <div class=\"container-inner\">\n              <div class=\"b-feature__image\">\n          <img class=\"lazy\" data-src=\"https:\/\/www.crm-open-source-software.com\/vtiger\/app\/uploads\/2021\/03\/teaser_sales.svg\">\n        <\/div>\n      \n\n              <h3 class=\"b-feature__title\">Sales \/ Vertrieb<\/h3>\n      \n              <div class=\"b-feature__text\"><p>In dem Bereich Vtiger Sales \/ Vertrieb werden alle <strong>relevanten Vertriebsdaten<\/strong> erfasst, ausgewertet, terminiert, um schlussendlich Interessenten als Kunden zu gewinnen. Dazu geh\u00f6ren einige Module, die die Aufgaben und Ziele des Vertriebs funktional erm\u00f6glichen. Kundendaten sind f\u00fcr jeden Vertriebsmitarbeiter einsehbar und historisch nachvollziehbar.<\/p>\n<\/div>\n      \n      \n      \n              <a href=\"https:\/\/www.crm-open-source-software.com\/vtiger\/features\/sales\/\" class=\"button\">Vtiger Sales \/ Vertrieb <\/a>\n      \n    <\/div>\n  <\/div>\n\n<\/div>\n\n\n<div class=\"\" data-block-title=\"\" id=\"\">\n    <div class=\"b-feature container\">\n    <div class=\"container-inner\">\n              <div class=\"b-feature__image\">\n          <img class=\"lazy\" data-src=\"https:\/\/www.crm-open-source-software.com\/vtiger\/app\/uploads\/2021\/03\/Marketing-2.svg\">\n        <\/div>\n      \n\n              <h3 class=\"b-feature__title\">Marketing<\/h3>\n      \n              <div class=\"b-feature__text\"><p>Eingehende <strong>Web Leads<\/strong> k\u00f6nnen automatisch \u00fcber das <strong>Modul Webforms<\/strong> von der Webseite in die CRM Software \u00fcbertragen werden und den Marketing Mitarbeitern bereitgestellt werden. Die <strong>Anbindung eines E-Mail Postfaches<\/strong> ist m\u00f6glich. \u00a0So k\u00f6nnen schnell einzelne oder <strong>Massenemails<\/strong> an die gespeicherten Kontakte versandt werden.<\/p>\n<\/div>\n      \n      \n      \n              <a href=\"https:\/\/www.crm-open-source-software.com\/vtiger\/features\/marketing\/\" class=\"button\">Vtiger Marketing<\/a>\n      \n    <\/div>\n  <\/div>\n\n<\/div>\n\n\n<div class=\"\" data-block-title=\"\" id=\"\">\n    <div class=\"b-feature container\">\n    <div class=\"container-inner\">\n              <div class=\"b-feature__image\">\n          <img class=\"lazy\" data-src=\"https:\/\/www.crm-open-source-software.com\/vtiger\/app\/uploads\/2021\/03\/Marketing.svg\">\n        <\/div>\n      \n\n              <h3 class=\"b-feature__title\">Support<\/h3>\n      \n              <div class=\"b-feature__text\"><p>Vtiger bietet ein <strong>vollst\u00e4ndiges Kundenportal<\/strong> an, das Kunden nutzen um Fragen zu stellen, Probleme zu er\u00f6rtern und Hilfestellung (wie Handbuch, FAQ) zu erhalten. Die Supportmitarbeiter erlangen somit den kompletten \u00dcberblick \u00fcber alle Kundenbelange. Eine weitere sehr hilfreiche Ma\u00dfnahme ist die Erstellung von <strong>FAQs<\/strong>, sowie die M\u00f6glichkeit FAQs aus Tickets umzuwandeln.<\/p>\n<\/div>\n      \n      \n      \n              <a href=\"https:\/\/www.crm-open-source-software.com\/vtiger\/features\/support\/\" class=\"button\">Vtiger Support<\/a>\n      \n    <\/div>\n  <\/div>\n\n<\/div>\n\n\n<div class=\"\" data-block-title=\"\" id=\"\">\n    <div class=\"b-feature container\">\n    <div class=\"container-inner\">\n              <div class=\"b-feature__image\">\n          <img class=\"lazy\" data-src=\"https:\/\/www.crm-open-source-software.com\/vtiger\/app\/uploads\/2021\/03\/Inventar.svg\">\n        <\/div>\n      \n\n              <h3 class=\"b-feature__title\">Inventory \/ Inventar<\/h3>\n      \n              <div class=\"b-feature__text\"><p><strong>Physikalische Produkte<\/strong> und oder <strong>Dienstleistungen<\/strong> m\u00fcssen im CRM Open Source System angelegt, importiert, oder \u00fcber die REST API eingetragen werden, damit eine logische Verkn\u00fcpfung der einzelnen Gesch\u00e4ftsbereiche m\u00f6glich ist. Somit ist es gew\u00e4hrleistet, dass Produktinformationen wie Preise, Bestand etc. zentral verwaltet werden k\u00f6nnen.<\/p>\n<\/div>\n      \n      \n      \n              <a href=\"https:\/\/www.crm-open-source-software.com\/vtiger\/features\/inventory\/\" class=\"button\">Vtiger Inventory \/ Inventar<\/a>\n      \n    <\/div>\n  <\/div>\n\n<\/div>\n\n\n\n  <div class=\"container\">\n    <div class=\"b-title\">Gesch\u00e4fts\u00fcbergreifende Features<\/div>\n  <\/div>\n\n\n<div class=\"\" data-block-title=\"\" id=\"\">\n    <div class=\"b-feature container\">\n    <div class=\"container-inner\">\n      \n\n              <h3 class=\"b-feature__title\">Administration<\/h3>\n      \n              <div class=\"b-feature__text\"><p>Ein wesentlicher Bestandteil ist die <strong>Rechtevergabe<\/strong>, sowie die globalen Einstellungen der Vtiger CRM Software, wie <strong>Sprache<\/strong> oder <strong>W\u00e4hrung<\/strong> etc. Es k\u00f6nnen auch <strong>vordefinierte Prozesse<\/strong> (Workflows) definiert werden.<\/p>\n<\/div>\n      \n      \n      \n              <a href=\"https:\/\/www.crm-open-source-software.com\/vtiger\/features\/administration\/\" class=\"button\">Vtiger Administration<\/a>\n      \n    <\/div>\n  <\/div>\n\n<\/div>\n\n\n<div class=\"\" data-block-title=\"\" id=\"\">\n    <div class=\"b-feature container\">\n    <div class=\"container-inner\">\n      \n\n              <h3 class=\"b-feature__title\">Analyse\/Berichte<\/h3>\n      \n              <div class=\"b-feature__text\"><p>Damit die Vorg\u00e4nge in den jeweiligen Unternehmensbereichen gemessen werden k\u00f6nnen, gibt es die Funktion Analyse. Die Analysen werden individuell erstellt und k\u00f6nnen <strong>grafisch<\/strong> oder <strong>tabellarisch<\/strong> einfach dargestellt werden. Um einen sofortigen <strong>\u00dcberblick der Ergebnisse<\/strong> zu bekommen, k\u00f6nnen die Analyse Berichte auf die Startseite (<strong>Dashboard<\/strong>) platziert werden.<\/p>\n<\/div>\n      \n      \n      \n              <a href=\"https:\/\/www.crm-open-source-software.com\/vtiger\/modules\/reports\/\" class=\"button\">Vtiger Reports (Analyse \/ Berichte)<\/a>\n      \n    <\/div>\n  <\/div>\n\n<\/div>\n\n\n<div class=\"\" data-block-title=\"\" id=\"\">\n    <div class=\"b-feature container\">\n    <div class=\"container-inner\">\n      \n\n              <h3 class=\"b-feature__title\">Projekte<\/h3>\n      \n              <div class=\"b-feature__text\"><p>Das Anlegen von <strong>kleineren Projekten<\/strong> ist ebenfalls in Vtiger m\u00f6glich. Hier k\u00f6nnen unterhalb eines Projektes weitere Aufgaben erstellt und wenn n\u00f6tig an Mitarbeiter zugewiesen werden.<\/p>\n<\/div>\n      \n      \n      \n              <a href=\"https:\/\/www.crm-open-source-software.com\/vtiger\/modules\/projects\/\" class=\"button\">Vtiger Projekte<\/a>\n      \n    <\/div>\n  <\/div>\n\n<\/div>\n\n\n<div class=\"\" data-block-title=\"\" id=\"\">\n    <div class=\"b-feature container\">\n    <div class=\"container-inner\">\n      \n\n              <h3 class=\"b-feature__title\">Kalender<\/h3>\n      \n              <div class=\"b-feature__text\"><p>Verwalten Sie bequem <strong>Aufgaben<\/strong>, <strong>Termine<\/strong> oder <strong>Ereignisse<\/strong> und verkn\u00fcpfen diese mit m\u00f6glichen Datens\u00e4tzen, um die Effizienz zu steigern.<\/p>\n<\/div>\n      \n      \n      \n              <a href=\"https:\/\/www.crm-open-source-software.com\/vtiger\/modules\/calendar\/\" class=\"button\">Vtiger Kalender<\/a>\n      \n    <\/div>\n  <\/div>\n\n<\/div>\n\n\n<div class=\"\" data-block-title=\"\" id=\"\">\n  <div class=\"b-reload-button js-reload-button-content\">\n\n          <div class=\"container js-reload-button-remove\">\n                  <div>\n            Klicken Sie auf den Button um zu erfahren, warum die Brainformatik GmbH genau der richtige deutschsprachiger Ansprechpartner f\u00fcr Sie ist!\n            <br><br>\n          <\/div>\n        \n        <button class=\"button js-reload-button\" data-block-id=\"3079\" style=\"background-color: #009911\">Vtiger &#038; Brainformatik GmbH<\/button>\n      <\/div>\n\n      <\/div>\n\n  <\/div>\n","protected":false},"excerpt":{"rendered":"","protected":false},"author":1,"featured_media":765,"parent":0,"menu_order":0,"comment_status":"closed","ping_status":"closed","template":"","meta":{"footnotes":""},"class_list":["post-912","page","type-page","status-publish","has-post-thumbnail","hentry"],"yoast_head":"<!-- This site is optimized with the Yoast SEO plugin v27.5 - https:\/\/yoast.com\/product\/yoast-seo-wordpress\/ -->\n<title>Vtiger Open Source Features List - guter \u00dcberblick in Deutsch<\/title>\n<meta name=\"description\" content=\"Bei uns finden Sie den \u00dcberblick von den Funktionen der aktuellsten Vtiger Community Edition. Die feature list werden im Detail erkl\u00e4rt und deren Nutzen n\u00e4her gebracht.\" \/>\n<meta name=\"robots\" content=\"index, follow, max-snippet:-1, max-image-preview:large, max-video-preview:-1\" \/>\n<link rel=\"canonical\" href=\"https:\/\/www.crm-open-source-software.com\/vtiger\/features\/\" \/>\n<meta property=\"og:locale\" content=\"de_DE\" \/>\n<meta property=\"og:type\" content=\"article\" \/>\n<meta property=\"og:title\" content=\"Vtiger Open Source Features List - guter \u00dcberblick in Deutsch\" \/>\n<meta property=\"og:description\" content=\"Bei uns finden Sie den \u00dcberblick von den Funktionen der aktuellsten Vtiger Community Edition. Die feature list werden im Detail erkl\u00e4rt und deren Nutzen n\u00e4her gebracht.\" \/>\n<meta property=\"og:url\" content=\"https:\/\/www.crm-open-source-software.com\/vtiger\/features\/\" \/>\n<meta property=\"og:site_name\" content=\"COSS\" \/>\n<meta property=\"article:modified_time\" content=\"2021-04-26T13:56:56+00:00\" \/>\n<meta name=\"twitter:card\" content=\"summary_large_image\" \/>\n<meta name=\"twitter:label1\" content=\"Gesch\u00e4tzte Lesezeit\" \/>\n\t<meta name=\"twitter:data1\" content=\"1\u00a0Minute\" \/>\n<script type=\"application\/ld+json\" class=\"yoast-schema-graph\">{\"@context\":\"https:\\\/\\\/schema.org\",\"@graph\":[{\"@type\":\"WebPage\",\"@id\":\"https:\\\/\\\/www.crm-open-source-software.com\\\/vtiger\\\/features\\\/\",\"url\":\"https:\\\/\\\/www.crm-open-source-software.com\\\/vtiger\\\/features\\\/\",\"name\":\"Vtiger Open Source Features List - guter \u00dcberblick in Deutsch\",\"isPartOf\":{\"@id\":\"https:\\\/\\\/www.crm-open-source-software.com\\\/vtiger\\\/#website\"},\"primaryImageOfPage\":{\"@id\":\"https:\\\/\\\/www.crm-open-source-software.com\\\/vtiger\\\/features\\\/#primaryimage\"},\"image\":{\"@id\":\"https:\\\/\\\/www.crm-open-source-software.com\\\/vtiger\\\/features\\\/#primaryimage\"},\"thumbnailUrl\":\"https:\\\/\\\/www.crm-open-source-software.com\\\/vtiger\\\/app\\\/uploads\\\/2021\\\/02\\\/Features.svg\",\"datePublished\":\"2021-03-03T14:18:43+00:00\",\"dateModified\":\"2021-04-26T13:56:56+00:00\",\"description\":\"Bei uns finden Sie den \u00dcberblick von den Funktionen der aktuellsten Vtiger Community Edition. Die feature list werden im Detail erkl\u00e4rt und deren Nutzen n\u00e4her gebracht.\",\"breadcrumb\":{\"@id\":\"https:\\\/\\\/www.crm-open-source-software.com\\\/vtiger\\\/features\\\/#breadcrumb\"},\"inLanguage\":\"de\",\"potentialAction\":[{\"@type\":\"ReadAction\",\"target\":[\"https:\\\/\\\/www.crm-open-source-software.com\\\/vtiger\\\/features\\\/\"]}]},{\"@type\":\"ImageObject\",\"inLanguage\":\"de\",\"@id\":\"https:\\\/\\\/www.crm-open-source-software.com\\\/vtiger\\\/features\\\/#primaryimage\",\"url\":\"https:\\\/\\\/www.crm-open-source-software.com\\\/vtiger\\\/app\\\/uploads\\\/2021\\\/02\\\/Features.svg\",\"contentUrl\":\"https:\\\/\\\/www.crm-open-source-software.com\\\/vtiger\\\/app\\\/uploads\\\/2021\\\/02\\\/Features.svg\"},{\"@type\":\"BreadcrumbList\",\"@id\":\"https:\\\/\\\/www.crm-open-source-software.com\\\/vtiger\\\/features\\\/#breadcrumb\",\"itemListElement\":[{\"@type\":\"ListItem\",\"position\":1,\"name\":\"Vtiger\",\"item\":\"https:\\\/\\\/www.crm-open-source-software.com\\\/vtiger\\\/\"},{\"@type\":\"ListItem\",\"position\":2,\"name\":\"Features\"}]},{\"@type\":\"WebSite\",\"@id\":\"https:\\\/\\\/www.crm-open-source-software.com\\\/vtiger\\\/#website\",\"url\":\"https:\\\/\\\/www.crm-open-source-software.com\\\/vtiger\\\/\",\"name\":\"COSS\",\"description\":\"Open Source CRM Software\",\"potentialAction\":[{\"@type\":\"SearchAction\",\"target\":{\"@type\":\"EntryPoint\",\"urlTemplate\":\"https:\\\/\\\/www.crm-open-source-software.com\\\/vtiger\\\/?s={search_term_string}\"},\"query-input\":{\"@type\":\"PropertyValueSpecification\",\"valueRequired\":true,\"valueName\":\"search_term_string\"}}],\"inLanguage\":\"de\"}]}<\/script>\n<!-- \/ Yoast SEO plugin. -->","yoast_head_json":{"title":"Vtiger Open Source Features List - guter \u00dcberblick in Deutsch","description":"Bei uns finden Sie den \u00dcberblick von den Funktionen der aktuellsten Vtiger Community Edition. Die feature list werden im Detail erkl\u00e4rt und deren Nutzen n\u00e4her gebracht.","robots":{"index":"index","follow":"follow","max-snippet":"max-snippet:-1","max-image-preview":"max-image-preview:large","max-video-preview":"max-video-preview:-1"},"canonical":"https:\/\/www.crm-open-source-software.com\/vtiger\/features\/","og_locale":"de_DE","og_type":"article","og_title":"Vtiger Open Source Features List - guter \u00dcberblick in Deutsch","og_description":"Bei uns finden Sie den \u00dcberblick von den Funktionen der aktuellsten Vtiger Community Edition. Die feature list werden im Detail erkl\u00e4rt und deren Nutzen n\u00e4her gebracht.","og_url":"https:\/\/www.crm-open-source-software.com\/vtiger\/features\/","og_site_name":"COSS","article_modified_time":"2021-04-26T13:56:56+00:00","twitter_card":"summary_large_image","twitter_misc":{"Gesch\u00e4tzte Lesezeit":"1\u00a0Minute"},"schema":{"@context":"https:\/\/schema.org","@graph":[{"@type":"WebPage","@id":"https:\/\/www.crm-open-source-software.com\/vtiger\/features\/","url":"https:\/\/www.crm-open-source-software.com\/vtiger\/features\/","name":"Vtiger Open Source Features List - guter \u00dcberblick in Deutsch","isPartOf":{"@id":"https:\/\/www.crm-open-source-software.com\/vtiger\/#website"},"primaryImageOfPage":{"@id":"https:\/\/www.crm-open-source-software.com\/vtiger\/features\/#primaryimage"},"image":{"@id":"https:\/\/www.crm-open-source-software.com\/vtiger\/features\/#primaryimage"},"thumbnailUrl":"https:\/\/www.crm-open-source-software.com\/vtiger\/app\/uploads\/2021\/02\/Features.svg","datePublished":"2021-03-03T14:18:43+00:00","dateModified":"2021-04-26T13:56:56+00:00","description":"Bei uns finden Sie den \u00dcberblick von den Funktionen der aktuellsten Vtiger Community Edition. Die feature list werden im Detail erkl\u00e4rt und deren Nutzen n\u00e4her gebracht.","breadcrumb":{"@id":"https:\/\/www.crm-open-source-software.com\/vtiger\/features\/#breadcrumb"},"inLanguage":"de","potentialAction":[{"@type":"ReadAction","target":["https:\/\/www.crm-open-source-software.com\/vtiger\/features\/"]}]},{"@type":"ImageObject","inLanguage":"de","@id":"https:\/\/www.crm-open-source-software.com\/vtiger\/features\/#primaryimage","url":"https:\/\/www.crm-open-source-software.com\/vtiger\/app\/uploads\/2021\/02\/Features.svg","contentUrl":"https:\/\/www.crm-open-source-software.com\/vtiger\/app\/uploads\/2021\/02\/Features.svg"},{"@type":"BreadcrumbList","@id":"https:\/\/www.crm-open-source-software.com\/vtiger\/features\/#breadcrumb","itemListElement":[{"@type":"ListItem","position":1,"name":"Vtiger","item":"https:\/\/www.crm-open-source-software.com\/vtiger\/"},{"@type":"ListItem","position":2,"name":"Features"}]},{"@type":"WebSite","@id":"https:\/\/www.crm-open-source-software.com\/vtiger\/#website","url":"https:\/\/www.crm-open-source-software.com\/vtiger\/","name":"COSS","description":"Open Source CRM Software","potentialAction":[{"@type":"SearchAction","target":{"@type":"EntryPoint","urlTemplate":"https:\/\/www.crm-open-source-software.com\/vtiger\/?s={search_term_string}"},"query-input":{"@type":"PropertyValueSpecification","valueRequired":true,"valueName":"search_term_string"}}],"inLanguage":"de"}]}},"_links":{"self":[{"href":"https:\/\/www.crm-open-source-software.com\/vtiger\/wp-json\/wp\/v2\/pages\/912","targetHints":{"allow":["GET"]}}],"collection":[{"href":"https:\/\/www.crm-open-source-software.com\/vtiger\/wp-json\/wp\/v2\/pages"}],"about":[{"href":"https:\/\/www.crm-open-source-software.com\/vtiger\/wp-json\/wp\/v2\/types\/page"}],"author":[{"embeddable":true,"href":"https:\/\/www.crm-open-source-software.com\/vtiger\/wp-json\/wp\/v2\/users\/1"}],"replies":[{"embeddable":true,"href":"https:\/\/www.crm-open-source-software.com\/vtiger\/wp-json\/wp\/v2\/comments?post=912"}],"version-history":[{"count":43,"href":"https:\/\/www.crm-open-source-software.com\/vtiger\/wp-json\/wp\/v2\/pages\/912\/revisions"}],"predecessor-version":[{"id":3033,"href":"https:\/\/www.crm-open-source-software.com\/vtiger\/wp-json\/wp\/v2\/pages\/912\/revisions\/3033"}],"wp:featuredmedia":[{"embeddable":true,"href":"https:\/\/www.crm-open-source-software.com\/vtiger\/wp-json\/wp\/v2\/media\/765"}],"wp:attachment":[{"href":"https:\/\/www.crm-open-source-software.com\/vtiger\/wp-json\/wp\/v2\/media?parent=912"}],"curies":[{"name":"wp","href":"https:\/\/api.w.org\/{rel}","templated":true}]}}